{"id":1579,"date":"2020-10-19T13:29:08","date_gmt":"2020-10-19T11:29:08","guid":{"rendered":"https:\/\/gynob-prapa.gr\/?page_id=1579"},"modified":"2020-10-19T13:29:55","modified_gmt":"2020-10-19T11:29:55","slug":"sik-sorulan-sorular","status":"publish","type":"page","link":"https:\/\/gynob-prapa.gr\/tr\/sik-sorulan-sorular\/","title":{"rendered":"S\u0131k Sorulan Sorular"},"content":{"rendered":"<p>[vc_row el_class=&#8221;no_sharing&#8221;][vc_column][vc_toggle title=&#8221;Bir k\u0131z jinekolo\u011fa gitmeye ka\u00e7 ya\u015f\u0131nda ba\u015flamal\u0131d\u0131r?&#8221; color=&#8221;sky&#8221; open=&#8221;true&#8221; el_id=&#8221;1490712748873-1ebb97de-ec90&#8243;]Bir k\u0131z, ya\u015f\u0131 ka\u00e7 olursa olsun ilk ziyaretini cinsel hayat\u0131 ba\u015flad\u0131\u011f\u0131nda yapmal\u0131d\u0131r.[\/vc_toggle][vc_toggle title=&#8221;Jinekolo\u011fu ne s\u0131kl\u0131kla ziyaret etmeliyim?&#8221; color=&#8221;sky&#8221; el_id=&#8221;1490712768372-6cf631a1-bcd8&#8243;]Adet bozukluklar\u0131 veya hassas b\u00f6lgede herhangi bir rahats\u0131zl\u0131k gibi bir sorun yoksa ka\u015f\u0131nt\u0131, yanma, a\u011fr\u0131, y\u0131lda bir kez r\u00fctin kontrol, jinekolojik muayene, Pap testi ve ultrason yap\u0131lmas\u0131 iyi olur.[\/vc_toggle][vc_toggle title=&#8221;Ya\u015fa g\u00f6re yap\u0131lmas\u0131 gereken testler nelerdir?&#8221; color=&#8221;sky&#8221; el_id=&#8221;1490712890299-620f6568-a5db&#8221;]Bir k\u0131z\u0131n cinsel hayat\u0131n\u0131n ba\u015flang\u0131c\u0131nda ve ya\u015f\u0131 ne olursa olsun cinsel olarak aktif oldu\u011fu s\u00fcrece y\u0131ll\u0131k Pap ( smear testi ) testi yap\u0131lmal\u0131d\u0131r. \u00d6nlem olarak, i\u00e7 cinsel organlar\u0131n ultrasonu ve memenin palpasyonu ( elle muayenesi) vard\u0131r.<\/p>\n<p>Mamografi ile birlikte 35 ya\u015f\u0131ndan itibaren muayene edilebilir bir bulgu veya rutin control varsa her ya\u015fta meme ultrasonu \u00f6nerilir. \u0130lk mamografi 35 &#8211; 40 ya\u015flar\u0131 aras\u0131nda \u00a0\u00f6nerilen bir muayene ile ve takip edenlerle kar\u015f\u0131la\u015ft\u0131rmal\u0131 bir inceleme i\u00e7in yap\u0131labilir.<\/p>\n<p>40 ya\u015f\u0131ndan itibaren memenin ge\u00e7mi\u015fine ve dokusuna ba\u011fl\u0131 olarak her y\u0131l veya en ge\u00e7 2 y\u0131lda bir \u00f6nerilmektedir. Menopozu olabildi\u011fince geciktirmek ve menopoz d\u00f6neminde osteoporozu \u00f6nlemek i\u00e7in kemik yo\u011funlu\u011fu \u00f6l\u00e7\u00fcm\u00fc.[\/vc_toggle][vc_toggle title=&#8221;Pap testi (smea testi ) neden \u00f6nemlidir ve hangi ya\u015fta yap\u0131lmal\u0131d\u0131r?&#8221; color=&#8221;sky&#8221; el_id=&#8221;1490712889763-f608da0d-0f45&#8243;]Pap testi rahim a\u011fz\u0131n\u0131n sitolojik bir incelemesidir, \u00f6nemli bir testtir \u00e7\u00fcnk\u00fc basit iyi huylu durumlar\u0131 te\u015fhis edebilir, ancak esas olarak rahim a\u011fz\u0131n\u0131n kanser \u00f6ncesi lezyonlar\u0131n\u0131, yani rahim a\u011fz\u0131 kanserine d\u00f6n\u00fc\u015febilecek malformasyonlar\u0131 \u00f6nlemek ve tespit etmek i\u00e7in \u00f6nemlidir.<\/p>\n<p>Pap testi bir kad\u0131n\u0131n cinsel ya\u015fam\u0131n\u0131n ba\u015flang\u0131c\u0131nda ba\u015flar ve cinsel olarak aktif oldu\u011fu s\u00fcrece her y\u0131l devam eder.[\/vc_toggle][vc_toggle title=&#8221;Rahim a\u011fz\u0131 kanseri a\u015f\u0131s\u0131 yapt\u0131rmal\u0131 m\u0131y\u0131m ve hangi ya\u015flarda a\u015f\u0131 olabilirim?&#8221; color=&#8221;sky&#8221; el_id=&#8221;1490712888948-5c1e4cd1-c96c&#8221;]Rahim a\u011fz\u0131 kanseri a\u015f\u0131s\u0131, ba\u011f\u0131\u015f\u0131kl\u0131k sisteminin daha iyi tepki verdi\u011fi ve bu vir\u00fcsler i\u00e7in gerekli antikorlar\u0131 \u00fcretti\u011fi 9 ya\u015f\u0131ndan itibaren ve ba\u015fta 26 ya\u015f\u0131na kadar olmak \u00fczere her ya\u015f i\u00e7in zorunlu a\u015f\u0131lamaya dahil edilmi\u015ftir.[\/vc_toggle][vc_toggle title=&#8221;HPV nedir?&#8221; color=&#8221;sky&#8221; el_id=&#8221;1493126490806-8dbd2086-823f&#8221;]HPV, cinsel temasla bula\u015fan ve neredeyse \u00f6m\u00fcr boyu v\u00fccutta kalan bir vir\u00fcs (Human Papilloma Virus) papillomatous &#8211; papillomavir\u00fcs grubudur. Hem prekanser\u00f6z hem de prekanser\u00f6z olan h\u00fccre hasar\u0131ndan sorumludurlar.<\/p>\n<p>\u039aanserli lezyonlar. Son zamanlarda, yemek borusu ve ba\u011f\u0131rsa\u011f\u0131n kanserli lezyonlar\u0131 ile ili\u015fkilendirilmi\u015ftir.[\/vc_toggle][vc_toggle title=&#8221;Her g\u00fcn hijyenik ped kullanmak zorunda m\u0131y\u0131m?&#8221; color=&#8221;sky&#8221; el_id=&#8221;1493126490645-43c3753d-a11e&#8221;]Gerekli de\u011fildir, ancak bir\u00e7ok salg\u0131 durumunda uygun olan\u0131 se\u00e7erek kullan\u0131labilir. Dermatit veya lokal alerjik belirtiler geli\u015ftiren baz\u0131 kad\u0131nlar i\u00e7in genellikle cayd\u0131r\u0131c\u0131d\u0131r.[\/vc_toggle][vc_toggle title=&#8221;Hassas b\u00f6lge i\u00e7in \u00f6zel bir temizleyici kullanmal\u0131 m\u0131y\u0131m?&#8221; color=&#8221;sky&#8221; el_id=&#8221;1493126490492-a721ca40-676c&#8221;]Hassas b\u00f6lgenin uygun hijyeni \u00e7ok \u00f6nemlidir \u00e7\u00fcnk\u00fc vajinal salg\u0131lar ve sebum b\u00f6lgede ya\u011f bezlerinden toplanarak mantar ve mikroplar\u0131n b\u00fcy\u00fcmesine yatk\u0131nl\u0131k sa\u011flar.<\/p>\n<p>Bol su ve ya\u015fa ba\u011fl\u0131 olarak do\u011fru pH de\u011ferine sahip uygun hafif bir antiseptik s\u0131v\u0131 se\u00e7mek, g\u00fcn i\u00e7inde miktar\u0131 ve s\u0131kl\u0131\u011f\u0131 k\u00f6t\u00fcye kullanmadan g\u00fcnl\u00fck hijyende \u00e7ok \u00f6nemlidir.[\/vc_toggle][vc_toggle title=&#8221;Prezervatif kullan\u0131m\u0131 neden \u00f6nemlidir?&#8221; color=&#8221;sky&#8221; el_id=&#8221;1493126490311-e551329e-3635&#8243;]Prezervatif kullan\u0131m\u0131 hem do\u011fum kontrol\u00fc i\u00e7in hem de cinsel yolla bula\u015fan hastal\u0131klar\u0131n bula\u015fmas\u0131n\u0131n ve hastal\u0131klar\u0131n \u00f6nlenmesi i\u00e7in \u00f6nemlidir.[\/vc_toggle][vc_toggle title=&#8221;Polikistik yumurtal\u0131klar nelerdir?&#8221; color=&#8221;sky&#8221; el_id=&#8221;1493126490112-05e8090e-1525&#8243;]Asl\u0131nda bu bir sendromdur. Klasik formunda amenore, sa\u00e7 d\u00f6k\u00fclmesi, obezite ve akneyi g\u00f6steren polikistik over sendromu (PCO). \u00c7ok fazla g\u00f6r\u00fclen yumurtal\u0131k disfonksiyonuna ba\u011fl\u0131 hormonal bir bozukluktur.<\/p>\n<p>K\u00fc\u00e7\u00fck folik\u00fcller. Yumurtlama normal de\u011fildir ve sendromun ba\u015flamas\u0131ndan sorumlu olan daha fazla androjen yani erkeklik hormonu \u00fcretilir.<\/p>\n<p>Polikistik yumurtal\u0131k g\u00f6r\u00fcnt\u00fclemesi, bunun bir sendrom oldu\u011funu belirtmeksizin ultrasonda g\u00f6r\u00fclebilir. Hormonal test her zaman bozuklu\u011fun onayland\u0131\u011f\u0131 yerde birle\u015ftirilir. K\u0131s\u0131rl\u0131kla, metabolik bozukluklarla, ancak tedavi edilmezse uzun vadede iyi huylu durumlarla da ili\u015fkilidir.[\/vc_toggle][vc_toggle title=&#8221;Menopoz ne zaman ba\u015flar?&#8221; color=&#8221;sky&#8221; el_id=&#8221;1493126489914-0107729f-1ec0&#8243;]Ortalama olarak, 45 ya\u015f\u0131nda menopoz bozukluklar\u0131 ortaya \u00e7\u0131kar ve 50 ya\u015f\u0131nda menopoz &#8211; adetin kesilmesi durumu g\u00f6r\u00fclmeye ba\u015flar. Kad\u0131n\u0131n geneti\u011fi ve biyolojik durumuna g\u00f6re de\u011fi\u015fkenlik g\u00f6sterir.<\/p>\n<p>Erken menopoz, 35 ya\u015f\u0131ndan itibaren ve 20 ya\u015f\u0131ndan itibaren \u00e7ok daha seyrek g\u00f6r\u00fcl\u00fcr.<\/p>\n<p>Menopoz, adet d\u00f6nemin sonu anlam\u0131na gelir ve bir kad\u0131n\u0131n bir y\u0131l boyunca adet g\u00f6rmedi\u011fi durumlarda resmi olarak s\u0131n\u0131rland\u0131r\u0131l\u0131r.[\/vc_toggle][vc_toggle title=&#8221;Menopoz tedavi edilmeli mi?&#8221; color=&#8221;sky&#8221; el_id=&#8221;1493126489346-1b7fed93-e5bf&#8221;]Hormon replasman tedavisi, yani menopoz d\u00f6neminde her ay stabil bir d\u00f6nemle sonu\u00e7lanan hormon tedavisi veya menopozda hormonal destek, s\u0131cak basmas\u0131, ruh hali de\u011fi\u015fimleri gibi kad\u0131n\u0131n ya\u015fam kalitesini etkileyebilecek durumlar ve buna e\u015flik eden semptomlara ba\u011fl\u0131 olarak vakalara tedavi uygulan\u0131r. Psikolojik dalgalanmalar,<\/p>\n<p>ta\u015fikardi, artm\u0131\u015f kan bas\u0131nc\u0131, libido azalmas\u0131, \u015fiddetli osteopeni veya osteoporoz.[\/vc_toggle][vc_toggle title=&#8221;Hamile bir kad\u0131n seyahat edebilir mi?&#8221; color=&#8221;sky&#8221; el_id=&#8221;1493126741559-6bb564c3-a80f&#8221;]Herhangi bir komplikasyon veya vajinal kanama olmamas\u0131 durumda gebelik normal olarak ilerledi\u011fi s\u00fcrece seyahat edebilir. En g\u00fcvenli yol u\u00e7ak olarak kabul edilir.[\/vc_toggle][vc_toggle title=&#8221;Hamilelikte cinsel ili\u015fkiye izin verilir mi?&#8221; color=&#8221;sky&#8221; el_id=&#8221;1493126740631-b97181f6-c87c&#8221;]Tipik olarak hamilelikte kanama gibi komplikasyonlarve kas\u0131lmalar olmad\u0131\u011f\u0131 s\u00fcrece\u00a0 tabii ki daha az s\u0131kl\u0131kta izin verilir. \u0130lk trimesterde ( ilk \u00fc\u00e7 ay) \u00a0ka\u00e7\u0131nmak en iyisidir, ikinci trimesterde profilaksi, sperm prostaglandin i\u00e7erdi\u011finden ve erken do\u011fuma neden olabilece\u011finden kullan\u0131lmal\u0131d\u0131r, \u00fc\u00e7\u00fcnc\u00fc trimesterde, prostaglandinler nedeniyle normal do\u011fum seyrderken s\u0131k s\u0131k kas\u0131lmalar olmas\u0131 gerekmektedir. S\u00f6z konusu prostaglandinler normal bir do\u011fumun ger\u00e7ekle\u015fmesi i\u00e7in rahim a\u011fz\u0131n\u0131n daha iyi \u015fartlara getirlmesine yard\u0131mc\u0131 olur.[\/vc_toggle][vc_toggle title=&#8221;Hamilelikte egzersize izin verilir mi?&#8221; color=&#8221;sky&#8221; el_id=&#8221;1493126738349-fbf7d19a-aa9e&#8221;]Normal geli\u015fen bir hamilelikte egzersize neredeyse izin verilir, hamilelik d\u00f6nemini daha iyi idare etmek ve ayn\u0131 zamanda normal do\u011fumun daha iyi ger\u00e7ekle\u015fmesi i\u00e7in uterusu (Rahimi) daha iyi destekleyerek hamile kad\u0131n\u0131n kas-iskelet sistemini g\u00fc\u00e7lendirmeye yard\u0131mc\u0131 olur.<\/p>\n<p>Egzersiz, \u015feker hastal\u0131\u011f\u0131na yakalanma riskini azaltarak kan \u015fekerini d\u00fc\u015f\u00fcr\u00fcr, hipertansiyon geli\u015fme riskini azaltarak damar ve dola\u015f\u0131m sistemini, solunum fonksiyonunu iyile\u015ftirir, yorgunluk hissi ve duygudurum de\u011fi\u015fimlerini azaltarak fiziksel dayan\u0131kl\u0131l\u0131\u011f\u0131 art\u0131r\u0131r. Uygun v\u00fccut a\u011f\u0131rl\u0131\u011f\u0131 ve metabolizma, egzersiz ile endorfin \u00fcretilerek hamile kad\u0131na rahatl\u0131k ve sakinlik kazand\u0131r\u0131l\u0131r.[\/vc_toggle][vc_toggle title=&#8221;Servikal \u015feffafl\u0131k nedir?&#8221; color=&#8221;sky&#8221; el_id=&#8221;1493126804296-7dd4c78d-ef01&#8243;]Normalde belirli bir miktarda s\u0131v\u0131n\u0131n g\u00f6r\u00fcnd\u00fc\u011f\u00fc boynun arkas\u0131ndaki bo\u015flu\u011fun ultrason \u00f6l\u00e7\u00fcm\u00fc. 11-13. Haftada normal s\u0131n\u0131rlar\u0131 a\u015farsa, Down sendromu riski ile ili\u015fkilendirilen \u00f6l\u00e7\u00fcm\u00fcn geni\u015flik-kal\u0131nl\u0131\u011f\u0131na ba\u011fl\u0131 olarak yap\u0131lan bir test ve \u0130statistiksel bir de\u011ferlendirmedir kad\u0131n\u0131n ya\u015f\u0131 ve \u00f6zel bir hematolojik muayene ile birlikte de\u011ferlendirilen bir tan\u0131 de\u011fildir &#8211; serbest trimester i\u00e7ermeyen HCG&#8217;nin biyokimyasal g\u00f6stergeleri, PAPP-A, biyokimyasal g\u00f6stergelerin kontrol\u00fc ile birlikte servikal \u015feffafl\u0131\u011f\u0131n g\u00fcvenilirli\u011fi% 60&#8217;a ula\u015f\u0131r. ve ya\u015f% 80&#8217;e ula\u015f\u0131r.[\/vc_toggle][vc_toggle title=&#8221;2. seviye ultrason nedir?&#8221; color=&#8221;sky&#8221; el_id=&#8221;1493126804075-d24ed9ee-7acb&#8221;]Hem konjenital anomaliler hem de kromozomal anomaliler ile ilgili olas\u0131 patolojik durumlar i\u00e7in bireysel sistemleri incelemek i\u00e7in fet\u00fcs\u00fcn d\u00fczg\u00fcn bir \u015fekilde geli\u015fti\u011fi ikinci trimesterin 21-24. Hafta temel ultrason muayenesidir.[\/vc_toggle][vc_toggle title=&#8221;D\u00f6llenememe durumunda \u00f6zel muayeneler ne zaman yap\u0131lmal\u0131d\u0131r?&#8221; color=&#8221;sky&#8221; el_id=&#8221;1493126803852-d7248d3d-55d9&#8243;]Alt\u0131 ayl\u0131k yo\u011fun \u00e7abalard\u0131ndan gebelik durumu olmayan \u00e7iftin infertiliteyi ara\u015ft\u0131rmak ve te\u015fhis etmek gerekli muayeneler hakk\u0131nda bilgi almak i\u00e7in jinekolo\u011fu ziyaret etmesi ve gebeli\u011fin ger\u00e7ekle\u015fmesi i\u00e7in do\u011fru t\u0131bbi y\u00f6nlendirmeyi ve rehberli\u011fi vermesi iyidir.[\/vc_toggle][\/vc_column][\/vc_row]<\/p>\n<div data-animation=\"no-animation\" data-icons-animation=\"no-animation\" data-overlay=\"\" data-change-size=\"\" data-button-size=\"1\" style=\"font-size:1em!important;display:none;\" class=\"supsystic-social-sharing supsystic-social-sharing-package-flat supsystic-social-sharing-hide-on-homepage supsystic-social-sharing-spacing supsystic-social-sharing-content supsystic-social-sharing-content-align-left\" data-text=\"\"><a data-networks=\"[]\" class=\"social-sharing-button sharer-flat sharer-flat-2 counter-standard without-counter facebook\" target=\"_blank\" title=\"Facebook\" href=\"http:\/\/www.facebook.com\/sharer.php?u=https%3A%2F%2Fgynob-prapa.gr%2Ftr%2Fsik-sorulan-sorular%2F\" data-main-href=\"http:\/\/www.facebook.com\/sharer.php?u={url}\" data-nid=\"1\" data-name=\"\" data-pid=\"1\" data-post-id=\"1579\" data-url=\"https:\/\/gynob-prapa.gr\/wordpress\/wp-admin\/admin-ajax.php\" data-description=\"S\u0131k Sorulan Sorular\" rel=\"nofollow\" data-mailto=\"\"><i class=\"fa-ssbs fa-ssbs-fw fa-ssbs-facebook\"><\/i><div class=\"counter-wrap standard\"><span class=\"counter\">0<\/span><\/div><\/a><a data-networks=\"[]\" class=\"social-sharing-button sharer-flat sharer-flat-2 counter-standard without-counter twitter\" target=\"_blank\" title=\"Twitter\" href=\"https:\/\/twitter.com\/share?url=https%3A%2F%2Fgynob-prapa.gr%2Ftr%2Fsik-sorulan-sorular%2F&text=S%C4%B1k+Sorulan+Sorular\" data-main-href=\"https:\/\/twitter.com\/share?url={url}&text={title}\" data-nid=\"2\" data-name=\"\" data-pid=\"1\" data-post-id=\"1579\" data-url=\"https:\/\/gynob-prapa.gr\/wordpress\/wp-admin\/admin-ajax.php\" data-description=\"S\u0131k Sorulan Sorular\" rel=\"nofollow\" data-mailto=\"\"><i class=\"fa-ssbs fa-ssbs-fw fa-ssbs-twitter\"><\/i><div class=\"counter-wrap standard\"><span class=\"counter\">0<\/span><\/div><\/a><a data-networks=\"[]\" class=\"social-sharing-button sharer-flat sharer-flat-2 counter-standard without-counter mail\" target=\"_blank\" title=\"Mail\" href=\"#\" data-main-href=\"#\" data-nid=\"16\" data-name=\"\" data-pid=\"1\" data-post-id=\"1579\" data-url=\"https:\/\/gynob-prapa.gr\/wordpress\/wp-admin\/admin-ajax.php\" data-description=\"S\u0131k Sorulan Sorular\" rel=\"nofollow\" data-mailto=\"\"><i class=\"fa-ssbs fa-ssbs-fw fa-ssbs-envelope-o\"><\/i><div class=\"counter-wrap standard\"><span class=\"counter\">0<\/span><\/div><\/a><a data-networks=\"[]\" class=\"social-sharing-button sharer-flat sharer-flat-2 counter-standard without-counter print\" target=\"_blank\" title=\"Print\" href=\"#\" data-main-href=\"#\" data-nid=\"14\" data-name=\"\" data-pid=\"1\" data-post-id=\"1579\" data-url=\"https:\/\/gynob-prapa.gr\/wordpress\/wp-admin\/admin-ajax.php\" data-description=\"S\u0131k Sorulan Sorular\" rel=\"nofollow\" data-mailto=\"\"><i class=\"fa-ssbs fa-ssbs-fw fa-ssbs-print\"><\/i><div class=\"counter-wrap standard\"><span class=\"counter\">0<\/span><\/div><\/a><\/div>","protected":false},"excerpt":{"rendered":"<p>[vc_row el_class=&#8221;no_sharing&#8221;][vc_column][vc_toggle title=&#8221;Bir k\u0131z jinekolo\u011fa gitmeye ka\u00e7 ya\u015f\u0131nda ba\u015flamal\u0131d\u0131r?&#8221; color=&#8221;sky&#8221; open=&#8221;true&#8221; el_id=&#8221;1490712748873-1ebb97de-ec90&#8243;]Bir k\u0131z, ya\u015f\u0131 ka\u00e7 olursa olsun ilk ziyaretini cinsel hayat\u0131 ba\u015flad\u0131\u011f\u0131nda yapmal\u0131d\u0131r.[\/vc_toggle][vc_toggle title=&#8221;Jinekolo\u011fu ne s\u0131kl\u0131kla ziyaret etmeliyim?&#8221; color=&#8221;sky&#8221; el_id=&#8221;1490712768372-6cf631a1-bcd8&#8243;]Adet bozukluklar\u0131 veya hassas b\u00f6lgede herhangi bir rahats\u0131zl\u0131k gibi bir sorun yoksa ka\u015f\u0131nt\u0131, yanma, a\u011fr\u0131, y\u0131lda bir kez r\u00fctin kontrol, jinekolojik muayene, Pap testi ve ultrason [&hellip;]<\/p>\n<div data-animation=\"no-animation\" data-icons-animation=\"no-animation\" data-overlay=\"\" data-change-size=\"\" data-button-size=\"1\" style=\"font-size:1em!important;display:none;\" class=\"supsystic-social-sharing supsystic-social-sharing-package-flat supsystic-social-sharing-hide-on-homepage supsystic-social-sharing-spacing supsystic-social-sharing-content supsystic-social-sharing-content-align-left\" data-text=\"\"><a data-networks=\"[]\" class=\"social-sharing-button sharer-flat sharer-flat-2 counter-standard without-counter facebook\" target=\"_blank\" title=\"Facebook\" href=\"http:\/\/www.facebook.com\/sharer.php?u=https%3A%2F%2Fgynob-prapa.gr%2Ftr%2Fsik-sorulan-sorular%2F\" data-main-href=\"http:\/\/www.facebook.com\/sharer.php?u={url}\" data-nid=\"1\" data-name=\"\" data-pid=\"1\" data-post-id=\"1579\" data-url=\"https:\/\/gynob-prapa.gr\/wordpress\/wp-admin\/admin-ajax.php\" data-description=\"S\u0131k Sorulan Sorular\" rel=\"nofollow\" data-mailto=\"\"><i class=\"fa-ssbs fa-ssbs-fw fa-ssbs-facebook\"><\/i><div class=\"counter-wrap standard\"><span class=\"counter\">0<\/span><\/div><\/a><a data-networks=\"[]\" class=\"social-sharing-button sharer-flat sharer-flat-2 counter-standard without-counter twitter\" target=\"_blank\" title=\"Twitter\" href=\"https:\/\/twitter.com\/share?url=https%3A%2F%2Fgynob-prapa.gr%2Ftr%2Fsik-sorulan-sorular%2F&text=S%C4%B1k+Sorulan+Sorular\" data-main-href=\"https:\/\/twitter.com\/share?url={url}&text={title}\" data-nid=\"2\" data-name=\"\" data-pid=\"1\" data-post-id=\"1579\" data-url=\"https:\/\/gynob-prapa.gr\/wordpress\/wp-admin\/admin-ajax.php\" data-description=\"S\u0131k Sorulan Sorular\" rel=\"nofollow\" data-mailto=\"\"><i class=\"fa-ssbs fa-ssbs-fw fa-ssbs-twitter\"><\/i><div class=\"counter-wrap standard\"><span class=\"counter\">0<\/span><\/div><\/a><a data-networks=\"[]\" class=\"social-sharing-button sharer-flat sharer-flat-2 counter-standard without-counter mail\" target=\"_blank\" title=\"Mail\" href=\"#\" data-main-href=\"#\" data-nid=\"16\" data-name=\"\" data-pid=\"1\" data-post-id=\"1579\" data-url=\"https:\/\/gynob-prapa.gr\/wordpress\/wp-admin\/admin-ajax.php\" data-description=\"S\u0131k Sorulan Sorular\" rel=\"nofollow\" data-mailto=\"\"><i class=\"fa-ssbs fa-ssbs-fw fa-ssbs-envelope-o\"><\/i><div class=\"counter-wrap standard\"><span class=\"counter\">0<\/span><\/div><\/a><a data-networks=\"[]\" class=\"social-sharing-button sharer-flat sharer-flat-2 counter-standard without-counter print\" target=\"_blank\" title=\"Print\" href=\"#\" data-main-href=\"#\" data-nid=\"14\" data-name=\"\" data-pid=\"1\" data-post-id=\"1579\" data-url=\"https:\/\/gynob-prapa.gr\/wordpress\/wp-admin\/admin-ajax.php\" data-description=\"S\u0131k Sorulan Sorular\" rel=\"nofollow\" data-mailto=\"\"><i class=\"fa-ssbs fa-ssbs-fw fa-ssbs-print\"><\/i><div class=\"counter-wrap standard\"><span class=\"counter\">0<\/span><\/div><\/a><\/div>","protected":false},"author":2,"featured_media":0,"parent":0,"menu_order":8,"comment_status":"closed","ping_status":"closed","template":"page-templates\/full-width.php","meta":[],"_links":{"self":[{"href":"https:\/\/gynob-prapa.gr\/tr\/wp-json\/wp\/v2\/pages\/1579\/"}],"collection":[{"href":"https:\/\/gynob-prapa.gr\/tr\/wp-json\/wp\/v2\/pages\/"}],"about":[{"href":"https:\/\/gynob-prapa.gr\/tr\/wp-json\/wp\/v2\/types\/page\/"}],"author":[{"embeddable":true,"href":"https:\/\/gynob-prapa.gr\/tr\/wp-json\/wp\/v2\/users\/2\/"}],"replies":[{"embeddable":true,"href":"https:\/\/gynob-prapa.gr\/tr\/wp-json\/wp\/v2\/comments\/?post=1579"}],"version-history":[{"count":2,"href":"https:\/\/gynob-prapa.gr\/tr\/wp-json\/wp\/v2\/pages\/1579\/revisions\/"}],"predecessor-version":[{"id":1584,"href":"https:\/\/gynob-prapa.gr\/tr\/wp-json\/wp\/v2\/pages\/1579\/revisions\/1584\/"}],"wp:attachment":[{"href":"https:\/\/gynob-prapa.gr\/tr\/wp-json\/wp\/v2\/media\/?parent=1579"}],"curies":[{"name":"wp","href":"https:\/\/api.w.org\/{rel}","templated":true}]}}