{"id":1564,"date":"2020-10-19T13:15:02","date_gmt":"2020-10-19T11:15:02","guid":{"rendered":"https:\/\/gynob-prapa.gr\/?page_id=1564"},"modified":"2020-10-19T13:15:03","modified_gmt":"2020-10-19T11:15:03","slug":"estetik-jinekoloji","status":"publish","type":"page","link":"https:\/\/gynob-prapa.gr\/tr\/estetik-jinekoloji\/","title":{"rendered":"Estetik Jinekoloji"},"content":{"rendered":"<p>[vc_row][vc_column][vc_column_text]Son y\u0131llarda estetik ve rekonstr\u00fcktif jinekoloji gittik\u00e7e daha fazla zemin kazan\u0131yor. Modern kad\u0131n, hem genital sisteminin sa\u011fl\u0131\u011f\u0131n\u0131n korunmas\u0131 ve s\u00fcrd\u00fcr\u00fclmesi hem de kad\u0131n\u0131n genel sa\u011fl\u0131\u011f\u0131 ve psikolojisi ile i\u00e7 i\u00e7e olan hassas b\u00f6lgenin estetik geli\u015fimi ve restorasyonu konusunda s\u00fcrekli bilgilendirilmekte ve ilgilenmektedir.<\/p>\n<p>Bu ama\u00e7la \u00f6zel ultrason ve Lazer CO2 makinelerinin yan\u0131 s\u0131ra hyaluronik preparatlar, \u00f6zel b\u00fcy\u00fcme fakt\u00f6rleri ile zenginle\u015ftirilmi\u015f Botox ve PRP (Platelet-Rich Plasma), inkontinans durumlar\u0131nda ve d\u0131\u015f ve i\u00e7 genital atrofi vakalar\u0131nda zamanla ve \u00f6zellikle menopozda olu\u015fan organlarda bir tedavi edici etki g\u00f6sterir.<\/p>\n<p>Modern ara\u00e7lar ve form\u00fclasyonlar\u0131n yard\u0131m\u0131yla elde edilir:<\/p>\n<ul>\n<li>Vajina epitelinin yenilenmesi sonucu vajinal kurulu\u011fun giderilmesi, vajinan\u0131n nem ve elastikiyetinin artmas\u0131 ve kad\u0131nlar\u0131n cinsel ya\u015fam kalitesinin artmas\u0131<\/li>\n<li>Menopozal atrofinin bir sonucu olarak potansiyel olarak ortaya \u00e7\u0131kan \u00fcrogenital enfeksiyonlar\u0131n insidans\u0131n\u0131 azaltmak<\/li>\n<li>\u0130nkontinans\u0131n ameliyats\u0131z tedavisi, modern kad\u0131na faydal\u0131 sonu\u00e7lar ile esenlik, kendine g\u00fcven ve m\u00fckemmel psikoloji kazand\u0131rmas\u0131<\/li>\n<li>D\u0131\u015f genital organlar\u0131n konjenital malformasyonlar\u0131nda m\u00fckemmel sonu\u00e7<\/li>\n<li>K\u00f6t\u00fc iyile\u015fmeden sonra deformitelerin restorasyonu<\/li>\n<li>Normal do\u011fumda perineotominin restorasyonu<\/li>\n<li>Kaza sonras\u0131 b\u00f6lgedeki yaralanmalar\u0131n rehabilitasyonu<\/li>\n<\/ul>\n<p>[\/vc_column_text][\/vc_column][\/vc_row]<\/p>\n<div data-animation=\"no-animation\" data-icons-animation=\"no-animation\" data-overlay=\"\" data-change-size=\"\" data-button-size=\"1\" style=\"font-size:1em!important;display:none;\" class=\"supsystic-social-sharing supsystic-social-sharing-package-flat supsystic-social-sharing-hide-on-homepage supsystic-social-sharing-spacing supsystic-social-sharing-content supsystic-social-sharing-content-align-left\" data-text=\"\"><a data-networks=\"[]\" class=\"social-sharing-button sharer-flat sharer-flat-2 counter-standard without-counter facebook\" target=\"_blank\" title=\"Facebook\" href=\"http:\/\/www.facebook.com\/sharer.php?u=https%3A%2F%2Fgynob-prapa.gr%2Ftr%2Festetik-jinekoloji%2F\" data-main-href=\"http:\/\/www.facebook.com\/sharer.php?u={url}\" data-nid=\"1\" data-name=\"\" data-pid=\"1\" data-post-id=\"1564\" data-url=\"https:\/\/gynob-prapa.gr\/wordpress\/wp-admin\/admin-ajax.php\" data-description=\"Estetik Jinekoloji\" rel=\"nofollow\" data-mailto=\"\"><i class=\"fa-ssbs fa-ssbs-fw fa-ssbs-facebook\"><\/i><div class=\"counter-wrap standard\"><span class=\"counter\">0<\/span><\/div><\/a><a data-networks=\"[]\" class=\"social-sharing-button sharer-flat sharer-flat-2 counter-standard without-counter twitter\" target=\"_blank\" title=\"Twitter\" href=\"https:\/\/twitter.com\/share?url=https%3A%2F%2Fgynob-prapa.gr%2Ftr%2Festetik-jinekoloji%2F&text=Estetik+Jinekoloji\" data-main-href=\"https:\/\/twitter.com\/share?url={url}&text={title}\" data-nid=\"2\" data-name=\"\" data-pid=\"1\" data-post-id=\"1564\" data-url=\"https:\/\/gynob-prapa.gr\/wordpress\/wp-admin\/admin-ajax.php\" data-description=\"Estetik Jinekoloji\" rel=\"nofollow\" data-mailto=\"\"><i class=\"fa-ssbs fa-ssbs-fw fa-ssbs-twitter\"><\/i><div class=\"counter-wrap standard\"><span class=\"counter\">0<\/span><\/div><\/a><a data-networks=\"[]\" class=\"social-sharing-button sharer-flat sharer-flat-2 counter-standard without-counter mail\" target=\"_blank\" title=\"Mail\" href=\"#\" data-main-href=\"#\" data-nid=\"16\" data-name=\"\" data-pid=\"1\" data-post-id=\"1564\" data-url=\"https:\/\/gynob-prapa.gr\/wordpress\/wp-admin\/admin-ajax.php\" data-description=\"Estetik Jinekoloji\" rel=\"nofollow\" data-mailto=\"\"><i class=\"fa-ssbs fa-ssbs-fw fa-ssbs-envelope-o\"><\/i><div class=\"counter-wrap standard\"><span class=\"counter\">0<\/span><\/div><\/a><a data-networks=\"[]\" class=\"social-sharing-button sharer-flat sharer-flat-2 counter-standard without-counter print\" target=\"_blank\" title=\"Print\" href=\"#\" data-main-href=\"#\" data-nid=\"14\" data-name=\"\" data-pid=\"1\" data-post-id=\"1564\" data-url=\"https:\/\/gynob-prapa.gr\/wordpress\/wp-admin\/admin-ajax.php\" data-description=\"Estetik Jinekoloji\" rel=\"nofollow\" data-mailto=\"\"><i class=\"fa-ssbs fa-ssbs-fw fa-ssbs-print\"><\/i><div class=\"counter-wrap standard\"><span class=\"counter\">0<\/span><\/div><\/a><\/div>","protected":false},"excerpt":{"rendered":"<p>[vc_row][vc_column][vc_column_text]Son y\u0131llarda estetik ve rekonstr\u00fcktif jinekoloji gittik\u00e7e daha fazla zemin kazan\u0131yor. Modern kad\u0131n, hem genital sisteminin sa\u011fl\u0131\u011f\u0131n\u0131n korunmas\u0131 ve s\u00fcrd\u00fcr\u00fclmesi hem de kad\u0131n\u0131n genel sa\u011fl\u0131\u011f\u0131 ve psikolojisi ile i\u00e7 i\u00e7e olan hassas b\u00f6lgenin estetik geli\u015fimi ve restorasyonu konusunda s\u00fcrekli bilgilendirilmekte ve ilgilenmektedir. Bu ama\u00e7la \u00f6zel ultrason ve Lazer CO2 makinelerinin yan\u0131 s\u0131ra hyaluronik preparatlar, \u00f6zel [&hellip;]<\/p>\n<div data-animation=\"no-animation\" data-icons-animation=\"no-animation\" data-overlay=\"\" data-change-size=\"\" data-button-size=\"1\" style=\"font-size:1em!important;display:none;\" class=\"supsystic-social-sharing supsystic-social-sharing-package-flat supsystic-social-sharing-hide-on-homepage supsystic-social-sharing-spacing supsystic-social-sharing-content supsystic-social-sharing-content-align-left\" data-text=\"\"><a data-networks=\"[]\" class=\"social-sharing-button sharer-flat sharer-flat-2 counter-standard without-counter facebook\" target=\"_blank\" title=\"Facebook\" href=\"http:\/\/www.facebook.com\/sharer.php?u=https%3A%2F%2Fgynob-prapa.gr%2Ftr%2Festetik-jinekoloji%2F\" data-main-href=\"http:\/\/www.facebook.com\/sharer.php?u={url}\" data-nid=\"1\" data-name=\"\" data-pid=\"1\" data-post-id=\"1564\" data-url=\"https:\/\/gynob-prapa.gr\/wordpress\/wp-admin\/admin-ajax.php\" data-description=\"Estetik Jinekoloji\" rel=\"nofollow\" data-mailto=\"\"><i class=\"fa-ssbs fa-ssbs-fw fa-ssbs-facebook\"><\/i><div class=\"counter-wrap standard\"><span class=\"counter\">0<\/span><\/div><\/a><a data-networks=\"[]\" class=\"social-sharing-button sharer-flat sharer-flat-2 counter-standard without-counter twitter\" target=\"_blank\" title=\"Twitter\" href=\"https:\/\/twitter.com\/share?url=https%3A%2F%2Fgynob-prapa.gr%2Ftr%2Festetik-jinekoloji%2F&text=Estetik+Jinekoloji\" data-main-href=\"https:\/\/twitter.com\/share?url={url}&text={title}\" data-nid=\"2\" data-name=\"\" data-pid=\"1\" data-post-id=\"1564\" data-url=\"https:\/\/gynob-prapa.gr\/wordpress\/wp-admin\/admin-ajax.php\" data-description=\"Estetik Jinekoloji\" rel=\"nofollow\" data-mailto=\"\"><i class=\"fa-ssbs fa-ssbs-fw fa-ssbs-twitter\"><\/i><div class=\"counter-wrap standard\"><span class=\"counter\">0<\/span><\/div><\/a><a data-networks=\"[]\" class=\"social-sharing-button sharer-flat sharer-flat-2 counter-standard without-counter mail\" target=\"_blank\" title=\"Mail\" href=\"#\" data-main-href=\"#\" data-nid=\"16\" data-name=\"\" data-pid=\"1\" data-post-id=\"1564\" data-url=\"https:\/\/gynob-prapa.gr\/wordpress\/wp-admin\/admin-ajax.php\" data-description=\"Estetik Jinekoloji\" rel=\"nofollow\" data-mailto=\"\"><i class=\"fa-ssbs fa-ssbs-fw fa-ssbs-envelope-o\"><\/i><div class=\"counter-wrap standard\"><span class=\"counter\">0<\/span><\/div><\/a><a data-networks=\"[]\" class=\"social-sharing-button sharer-flat sharer-flat-2 counter-standard without-counter print\" target=\"_blank\" title=\"Print\" href=\"#\" data-main-href=\"#\" data-nid=\"14\" data-name=\"\" data-pid=\"1\" data-post-id=\"1564\" data-url=\"https:\/\/gynob-prapa.gr\/wordpress\/wp-admin\/admin-ajax.php\" data-description=\"Estetik Jinekoloji\" rel=\"nofollow\" data-mailto=\"\"><i class=\"fa-ssbs fa-ssbs-fw fa-ssbs-print\"><\/i><div class=\"counter-wrap standard\"><span class=\"counter\">0<\/span><\/div><\/a><\/div>","protected":false},"author":2,"featured_media":0,"parent":0,"menu_order":4,"comment_status":"closed","ping_status":"closed","template":"","meta":[],"_links":{"self":[{"href":"https:\/\/gynob-prapa.gr\/tr\/wp-json\/wp\/v2\/pages\/1564\/"}],"collection":[{"href":"https:\/\/gynob-prapa.gr\/tr\/wp-json\/wp\/v2\/pages\/"}],"about":[{"href":"https:\/\/gynob-prapa.gr\/tr\/wp-json\/wp\/v2\/types\/page\/"}],"author":[{"embeddable":true,"href":"https:\/\/gynob-prapa.gr\/tr\/wp-json\/wp\/v2\/users\/2\/"}],"replies":[{"embeddable":true,"href":"https:\/\/gynob-prapa.gr\/tr\/wp-json\/wp\/v2\/comments\/?post=1564"}],"version-history":[{"count":2,"href":"https:\/\/gynob-prapa.gr\/tr\/wp-json\/wp\/v2\/pages\/1564\/revisions\/"}],"predecessor-version":[{"id":1576,"href":"https:\/\/gynob-prapa.gr\/tr\/wp-json\/wp\/v2\/pages\/1564\/revisions\/1576\/"}],"wp:attachment":[{"href":"https:\/\/gynob-prapa.gr\/tr\/wp-json\/wp\/v2\/media\/?parent=1564"}],"curies":[{"name":"wp","href":"https:\/\/api.w.org\/{rel}","templated":true}]}}