{"id":1561,"date":"2020-10-19T13:07:46","date_gmt":"2020-10-19T11:07:46","guid":{"rendered":"https:\/\/gynob-prapa.gr\/?page_id=1561"},"modified":"2020-10-19T13:13:09","modified_gmt":"2020-10-19T11:13:09","slug":"servikal-bandaj","status":"publish","type":"page","link":"https:\/\/gynob-prapa.gr\/tr\/ebelik\/ebelik-ameliyatilari\/servikal-bandaj\/","title":{"rendered":"Servikal Bandaj"},"content":{"rendered":"<p>[vc_row][vc_column][vc_column_text]Servikal ligasyon, premat\u00fcre do\u011fumdan ka\u00e7\u0131nmak i\u00e7in hamilelik s\u0131ras\u0131nda koruyucu nedenlerle yap\u0131lan invaziv y\u00f6ntemdir.<\/p>\n<p>Ana endikasyon, serviksin uzunlu\u011funu kaybetti\u011fi ve rahim a\u011fz\u0131n\u0131n i\u00e7inden a\u00e7\u0131lmaya ba\u015flad\u0131\u011f\u0131, bunun sonucunda geni\u015fleme ve erken do\u011fumla sonu\u00e7lanan serviksin fonksiyonel yetersizli\u011fidir.<\/p>\n<p>Tan\u0131, \u00f6nceden var olan bir \u00f6yk\u00fc nedeniyle veya i\u00e7 servikste a\u00e7\u0131kl\u0131\u011f\u0131n bulundu\u011fu ultrason muayenesi s\u0131ras\u0131nda konur. Birka\u00e7 kad\u0131n do\u011fum uzman\u0131 taraf\u0131ndan \u00f6nceden var olan servikal cerrahide &#8211; konik rezeksiyonda ve \u00e7o\u011ful gebeliklerde kullan\u0131l\u0131r.<\/p>\n<p>Servikal ligasyon ortalama 16 haftada yap\u0131l\u0131r. Servikste geni\u015fleme g\u00f6zlendi\u011finde ve do\u011fum eyleminin aktif faz\u0131n\u0131n ba\u015flang\u0131c\u0131ndan \u00f6nce gebeli\u011fin veya ileri gebeli\u011fin ge\u00e7 d\u00f6nemlerinde. Serviksin etraf\u0131na cerrahi olarak \u00f6zel bir s\u00fct\u00fcr yerle\u015ftirilir ve \u00f6zel tedavi birle\u015ftirilerek erken do\u011fum b\u00fcy\u00fck \u00f6l\u00e7\u00fcde engellenir ve premat\u00fcre sonu\u00e7lar\u0131 olan artan morbidite ve mortalite azalt\u0131l\u0131r.[\/vc_column_text][\/vc_column][\/vc_row]<\/p>\n<div data-animation=\"no-animation\" data-icons-animation=\"no-animation\" data-overlay=\"\" data-change-size=\"\" data-button-size=\"1\" style=\"font-size:1em!important;display:none;\" class=\"supsystic-social-sharing supsystic-social-sharing-package-flat supsystic-social-sharing-hide-on-homepage supsystic-social-sharing-spacing supsystic-social-sharing-content supsystic-social-sharing-content-align-left\" data-text=\"\"><a data-networks=\"[]\" class=\"social-sharing-button sharer-flat sharer-flat-2 counter-standard without-counter facebook\" target=\"_blank\" title=\"Facebook\" href=\"http:\/\/www.facebook.com\/sharer.php?u=https%3A%2F%2Fgynob-prapa.gr%2Ftr%2Febelik%2Febelik-ameliyatilari%2Fservikal-bandaj%2F\" data-main-href=\"http:\/\/www.facebook.com\/sharer.php?u={url}\" data-nid=\"1\" data-name=\"\" data-pid=\"1\" data-post-id=\"1561\" data-url=\"https:\/\/gynob-prapa.gr\/wordpress\/wp-admin\/admin-ajax.php\" data-description=\"Servikal Bandaj\" rel=\"nofollow\" data-mailto=\"\"><i class=\"fa-ssbs fa-ssbs-fw fa-ssbs-facebook\"><\/i><div class=\"counter-wrap standard\"><span class=\"counter\">0<\/span><\/div><\/a><a data-networks=\"[]\" class=\"social-sharing-button sharer-flat sharer-flat-2 counter-standard without-counter twitter\" target=\"_blank\" title=\"Twitter\" href=\"https:\/\/twitter.com\/share?url=https%3A%2F%2Fgynob-prapa.gr%2Ftr%2Febelik%2Febelik-ameliyatilari%2Fservikal-bandaj%2F&text=Servikal+Bandaj\" data-main-href=\"https:\/\/twitter.com\/share?url={url}&text={title}\" data-nid=\"2\" data-name=\"\" data-pid=\"1\" data-post-id=\"1561\" data-url=\"https:\/\/gynob-prapa.gr\/wordpress\/wp-admin\/admin-ajax.php\" data-description=\"Servikal Bandaj\" rel=\"nofollow\" data-mailto=\"\"><i class=\"fa-ssbs fa-ssbs-fw fa-ssbs-twitter\"><\/i><div class=\"counter-wrap standard\"><span class=\"counter\">0<\/span><\/div><\/a><a data-networks=\"[]\" class=\"social-sharing-button sharer-flat sharer-flat-2 counter-standard without-counter mail\" target=\"_blank\" title=\"Mail\" href=\"#\" data-main-href=\"#\" data-nid=\"16\" data-name=\"\" data-pid=\"1\" data-post-id=\"1561\" data-url=\"https:\/\/gynob-prapa.gr\/wordpress\/wp-admin\/admin-ajax.php\" data-description=\"Servikal Bandaj\" rel=\"nofollow\" data-mailto=\"\"><i class=\"fa-ssbs fa-ssbs-fw fa-ssbs-envelope-o\"><\/i><div class=\"counter-wrap standard\"><span class=\"counter\">0<\/span><\/div><\/a><a data-networks=\"[]\" class=\"social-sharing-button sharer-flat sharer-flat-2 counter-standard without-counter print\" target=\"_blank\" title=\"Print\" href=\"#\" data-main-href=\"#\" data-nid=\"14\" data-name=\"\" data-pid=\"1\" data-post-id=\"1561\" data-url=\"https:\/\/gynob-prapa.gr\/wordpress\/wp-admin\/admin-ajax.php\" data-description=\"Servikal Bandaj\" rel=\"nofollow\" data-mailto=\"\"><i class=\"fa-ssbs fa-ssbs-fw fa-ssbs-print\"><\/i><div class=\"counter-wrap standard\"><span class=\"counter\">0<\/span><\/div><\/a><\/div>","protected":false},"excerpt":{"rendered":"<p>[vc_row][vc_column][vc_column_text]Servikal ligasyon, premat\u00fcre do\u011fumdan ka\u00e7\u0131nmak i\u00e7in hamilelik s\u0131ras\u0131nda koruyucu nedenlerle yap\u0131lan invaziv y\u00f6ntemdir. Ana endikasyon, serviksin uzunlu\u011funu kaybetti\u011fi ve rahim a\u011fz\u0131n\u0131n i\u00e7inden a\u00e7\u0131lmaya ba\u015flad\u0131\u011f\u0131, bunun sonucunda geni\u015fleme ve erken do\u011fumla sonu\u00e7lanan serviksin fonksiyonel yetersizli\u011fidir. Tan\u0131, \u00f6nceden var olan bir \u00f6yk\u00fc nedeniyle veya i\u00e7 servikste a\u00e7\u0131kl\u0131\u011f\u0131n bulundu\u011fu ultrason muayenesi s\u0131ras\u0131nda konur. Birka\u00e7 kad\u0131n do\u011fum uzman\u0131 taraf\u0131ndan [&hellip;]<\/p>\n<div data-animation=\"no-animation\" data-icons-animation=\"no-animation\" data-overlay=\"\" data-change-size=\"\" data-button-size=\"1\" style=\"font-size:1em!important;display:none;\" class=\"supsystic-social-sharing supsystic-social-sharing-package-flat supsystic-social-sharing-hide-on-homepage supsystic-social-sharing-spacing supsystic-social-sharing-content supsystic-social-sharing-content-align-left\" data-text=\"\"><a data-networks=\"[]\" class=\"social-sharing-button sharer-flat sharer-flat-2 counter-standard without-counter facebook\" target=\"_blank\" title=\"Facebook\" href=\"http:\/\/www.facebook.com\/sharer.php?u=https%3A%2F%2Fgynob-prapa.gr%2Ftr%2Febelik%2Febelik-ameliyatilari%2Fservikal-bandaj%2F\" data-main-href=\"http:\/\/www.facebook.com\/sharer.php?u={url}\" data-nid=\"1\" data-name=\"\" data-pid=\"1\" data-post-id=\"1561\" data-url=\"https:\/\/gynob-prapa.gr\/wordpress\/wp-admin\/admin-ajax.php\" data-description=\"Servikal Bandaj\" rel=\"nofollow\" data-mailto=\"\"><i class=\"fa-ssbs fa-ssbs-fw fa-ssbs-facebook\"><\/i><div class=\"counter-wrap standard\"><span class=\"counter\">0<\/span><\/div><\/a><a data-networks=\"[]\" class=\"social-sharing-button sharer-flat sharer-flat-2 counter-standard without-counter twitter\" target=\"_blank\" title=\"Twitter\" href=\"https:\/\/twitter.com\/share?url=https%3A%2F%2Fgynob-prapa.gr%2Ftr%2Febelik%2Febelik-ameliyatilari%2Fservikal-bandaj%2F&text=Servikal+Bandaj\" data-main-href=\"https:\/\/twitter.com\/share?url={url}&text={title}\" data-nid=\"2\" data-name=\"\" data-pid=\"1\" data-post-id=\"1561\" data-url=\"https:\/\/gynob-prapa.gr\/wordpress\/wp-admin\/admin-ajax.php\" data-description=\"Servikal Bandaj\" rel=\"nofollow\" data-mailto=\"\"><i class=\"fa-ssbs fa-ssbs-fw fa-ssbs-twitter\"><\/i><div class=\"counter-wrap standard\"><span class=\"counter\">0<\/span><\/div><\/a><a data-networks=\"[]\" class=\"social-sharing-button sharer-flat sharer-flat-2 counter-standard without-counter mail\" target=\"_blank\" title=\"Mail\" href=\"#\" data-main-href=\"#\" data-nid=\"16\" data-name=\"\" data-pid=\"1\" data-post-id=\"1561\" data-url=\"https:\/\/gynob-prapa.gr\/wordpress\/wp-admin\/admin-ajax.php\" data-description=\"Servikal Bandaj\" rel=\"nofollow\" data-mailto=\"\"><i class=\"fa-ssbs fa-ssbs-fw fa-ssbs-envelope-o\"><\/i><div class=\"counter-wrap standard\"><span class=\"counter\">0<\/span><\/div><\/a><a data-networks=\"[]\" class=\"social-sharing-button sharer-flat sharer-flat-2 counter-standard without-counter print\" target=\"_blank\" title=\"Print\" href=\"#\" data-main-href=\"#\" data-nid=\"14\" data-name=\"\" data-pid=\"1\" data-post-id=\"1561\" data-url=\"https:\/\/gynob-prapa.gr\/wordpress\/wp-admin\/admin-ajax.php\" data-description=\"Servikal Bandaj\" rel=\"nofollow\" data-mailto=\"\"><i class=\"fa-ssbs fa-ssbs-fw fa-ssbs-print\"><\/i><div class=\"counter-wrap standard\"><span class=\"counter\">0<\/span><\/div><\/a><\/div>","protected":false},"author":2,"featured_media":0,"parent":1563,"menu_order":1,"comment_status":"closed","ping_status":"closed","template":"","meta":[],"_links":{"self":[{"href":"https:\/\/gynob-prapa.gr\/tr\/wp-json\/wp\/v2\/pages\/1561\/"}],"collection":[{"href":"https:\/\/gynob-prapa.gr\/tr\/wp-json\/wp\/v2\/pages\/"}],"about":[{"href":"https:\/\/gynob-prapa.gr\/tr\/wp-json\/wp\/v2\/types\/page\/"}],"author":[{"embeddable":true,"href":"https:\/\/gynob-prapa.gr\/tr\/wp-json\/wp\/v2\/users\/2\/"}],"replies":[{"embeddable":true,"href":"https:\/\/gynob-prapa.gr\/tr\/wp-json\/wp\/v2\/comments\/?post=1561"}],"version-history":[{"count":2,"href":"https:\/\/gynob-prapa.gr\/tr\/wp-json\/wp\/v2\/pages\/1561\/revisions\/"}],"predecessor-version":[{"id":1574,"href":"https:\/\/gynob-prapa.gr\/tr\/wp-json\/wp\/v2\/pages\/1561\/revisions\/1574\/"}],"up":[{"embeddable":true,"href":"https:\/\/gynob-prapa.gr\/tr\/wp-json\/wp\/v2\/pages\/1563\/"}],"wp:attachment":[{"href":"https:\/\/gynob-prapa.gr\/tr\/wp-json\/wp\/v2\/media\/?parent=1561"}],"curies":[{"name":"wp","href":"https:\/\/api.w.org\/{rel}","templated":true}]}}