{"id":1560,"date":"2020-10-19T13:04:29","date_gmt":"2020-10-19T11:04:29","guid":{"rendered":"https:\/\/gynob-prapa.gr\/?page_id=1560"},"modified":"2020-10-19T13:04:30","modified_gmt":"2020-10-19T11:04:30","slug":"kardiyotokografi","status":"publish","type":"page","link":"https:\/\/gynob-prapa.gr\/tr\/ebelik\/kardiyotokografi\/","title":{"rendered":"Kardiyotokografi"},"content":{"rendered":"<p>[vc_row][vc_column][vc_column_text]Dinlenme Kardiyotokografisi (CT) veya Stressiz Test, uterus kas\u0131lmalar\u0131n\u0131 ve fetal kalp at\u0131\u015f h\u0131z\u0131n\u0131 kaydederek gebeli\u011fi izleme y\u00f6ntemidir. Kardiyotokografi, biri kas\u0131lmalar\u0131 ve biri de kalp at\u0131\u015f h\u0131z\u0131n\u0131 kaydetmek i\u00e7in olmak \u00fczere iki vericinin ba\u011fl\u0131 oldu\u011fu \u00f6zel bir makine olan kardiyotokograf ile ger\u00e7ekle\u015ftirilir.<\/p>\n<p>Kayd\u0131n sonucu, kardiyogram\u0131n yan\u0131 s\u0131ra milimetre ka\u011f\u0131da bas\u0131l\u0131r. Kardiyotokogram \u00e7al\u0131\u015fmas\u0131ndan, hem herhangi bir uterus kas\u0131lmas\u0131n\u0131n varl\u0131\u011f\u0131 ve de\u011ferlendirmesi hem de fet\u00fcs\u00fcn normal terlemesi ve oksijenasyonu i\u00e7in, gebeli\u011fin normal geli\u015fimi i\u00e7in veri topluyoruz.<\/p>\n<p>34. haftadan itibaren rutin bir y\u00f6ntem olarak yap\u0131lmaktad\u0131r. Hamilelik ve 36. haftadan itibaren her hafta. Do\u011fumu izleme y\u00f6ntemi olarak &#8211; Stres Testi, abdominal ve vajinal olarak ay\u0131rt edilir:<\/p>\n<ul>\n<li>Abdominal (BT), vericilerin elastik kay\u0131\u015flarla tutturuldu\u011fu kar\u0131n b\u00f6lgesinden yap\u0131l\u0131r.<\/li>\n<li>Vajina, fetal membranlar\u0131n y\u0131rt\u0131lmas\u0131ndan sonra baz\u0131 do\u011fum hastaneleri taraf\u0131ndan kullan\u0131l\u0131r, burada bir elektrot vajinadan fet\u00fcs\u00fcn kafa derisine yerle\u015ftirilir ve fetal kalp at\u0131\u015f h\u0131z\u0131n\u0131n daha g\u00fcvenilir bir \u015fekilde kaydedilmesini sa\u011flar.<\/li>\n<\/ul>\n<p>Uterus kas\u0131lmalar\u0131 ve fetal kalp fonksiyonunun kan\u0131tlar\u0131n\u0131 kaydederek, hamileli\u011fin veya do\u011fumun normal geli\u015fimini ve m\u00fcdahale etmemiz gereken patolojik durumlar\u0131 de\u011ferlendirebiliriz.[\/vc_column_text][\/vc_column][\/vc_row]<\/p>\n<div data-animation=\"no-animation\" data-icons-animation=\"no-animation\" data-overlay=\"\" data-change-size=\"\" data-button-size=\"1\" style=\"font-size:1em!important;display:none;\" class=\"supsystic-social-sharing supsystic-social-sharing-package-flat supsystic-social-sharing-hide-on-homepage supsystic-social-sharing-spacing supsystic-social-sharing-content supsystic-social-sharing-content-align-left\" data-text=\"\"><a data-networks=\"[]\" class=\"social-sharing-button sharer-flat sharer-flat-2 counter-standard without-counter facebook\" target=\"_blank\" title=\"Facebook\" href=\"http:\/\/www.facebook.com\/sharer.php?u=https%3A%2F%2Fgynob-prapa.gr%2Ftr%2Febelik%2Fkardiyotokografi%2F\" data-main-href=\"http:\/\/www.facebook.com\/sharer.php?u={url}\" data-nid=\"1\" data-name=\"\" data-pid=\"1\" data-post-id=\"1560\" data-url=\"https:\/\/gynob-prapa.gr\/wordpress\/wp-admin\/admin-ajax.php\" data-description=\"Kardiyotokografi\" rel=\"nofollow\" data-mailto=\"\"><i class=\"fa-ssbs fa-ssbs-fw fa-ssbs-facebook\"><\/i><div class=\"counter-wrap standard\"><span class=\"counter\">0<\/span><\/div><\/a><a data-networks=\"[]\" class=\"social-sharing-button sharer-flat sharer-flat-2 counter-standard without-counter twitter\" target=\"_blank\" title=\"Twitter\" href=\"https:\/\/twitter.com\/share?url=https%3A%2F%2Fgynob-prapa.gr%2Ftr%2Febelik%2Fkardiyotokografi%2F&text=Kardiyotokografi\" data-main-href=\"https:\/\/twitter.com\/share?url={url}&text={title}\" data-nid=\"2\" data-name=\"\" data-pid=\"1\" data-post-id=\"1560\" data-url=\"https:\/\/gynob-prapa.gr\/wordpress\/wp-admin\/admin-ajax.php\" data-description=\"Kardiyotokografi\" rel=\"nofollow\" data-mailto=\"\"><i class=\"fa-ssbs fa-ssbs-fw fa-ssbs-twitter\"><\/i><div class=\"counter-wrap standard\"><span class=\"counter\">0<\/span><\/div><\/a><a data-networks=\"[]\" class=\"social-sharing-button sharer-flat sharer-flat-2 counter-standard without-counter mail\" target=\"_blank\" title=\"Mail\" href=\"#\" data-main-href=\"#\" data-nid=\"16\" data-name=\"\" data-pid=\"1\" data-post-id=\"1560\" data-url=\"https:\/\/gynob-prapa.gr\/wordpress\/wp-admin\/admin-ajax.php\" data-description=\"Kardiyotokografi\" rel=\"nofollow\" data-mailto=\"\"><i class=\"fa-ssbs fa-ssbs-fw fa-ssbs-envelope-o\"><\/i><div class=\"counter-wrap standard\"><span class=\"counter\">0<\/span><\/div><\/a><a data-networks=\"[]\" class=\"social-sharing-button sharer-flat sharer-flat-2 counter-standard without-counter print\" target=\"_blank\" title=\"Print\" href=\"#\" data-main-href=\"#\" data-nid=\"14\" data-name=\"\" data-pid=\"1\" data-post-id=\"1560\" data-url=\"https:\/\/gynob-prapa.gr\/wordpress\/wp-admin\/admin-ajax.php\" data-description=\"Kardiyotokografi\" rel=\"nofollow\" data-mailto=\"\"><i class=\"fa-ssbs fa-ssbs-fw fa-ssbs-print\"><\/i><div class=\"counter-wrap standard\"><span class=\"counter\">0<\/span><\/div><\/a><\/div>","protected":false},"excerpt":{"rendered":"<p>[vc_row][vc_column][vc_column_text]Dinlenme Kardiyotokografisi (CT) veya Stressiz Test, uterus kas\u0131lmalar\u0131n\u0131 ve fetal kalp at\u0131\u015f h\u0131z\u0131n\u0131 kaydederek gebeli\u011fi izleme y\u00f6ntemidir. Kardiyotokografi, biri kas\u0131lmalar\u0131 ve biri de kalp at\u0131\u015f h\u0131z\u0131n\u0131 kaydetmek i\u00e7in olmak \u00fczere iki vericinin ba\u011fl\u0131 oldu\u011fu \u00f6zel bir makine olan kardiyotokograf ile ger\u00e7ekle\u015ftirilir. Kayd\u0131n sonucu, kardiyogram\u0131n yan\u0131 s\u0131ra milimetre ka\u011f\u0131da bas\u0131l\u0131r. Kardiyotokogram \u00e7al\u0131\u015fmas\u0131ndan, hem herhangi bir uterus [&hellip;]<\/p>\n<div data-animation=\"no-animation\" data-icons-animation=\"no-animation\" data-overlay=\"\" data-change-size=\"\" data-button-size=\"1\" style=\"font-size:1em!important;display:none;\" class=\"supsystic-social-sharing supsystic-social-sharing-package-flat supsystic-social-sharing-hide-on-homepage supsystic-social-sharing-spacing supsystic-social-sharing-content supsystic-social-sharing-content-align-left\" data-text=\"\"><a data-networks=\"[]\" class=\"social-sharing-button sharer-flat sharer-flat-2 counter-standard without-counter facebook\" target=\"_blank\" title=\"Facebook\" href=\"http:\/\/www.facebook.com\/sharer.php?u=https%3A%2F%2Fgynob-prapa.gr%2Ftr%2Febelik%2Fkardiyotokografi%2F\" data-main-href=\"http:\/\/www.facebook.com\/sharer.php?u={url}\" data-nid=\"1\" data-name=\"\" data-pid=\"1\" data-post-id=\"1560\" data-url=\"https:\/\/gynob-prapa.gr\/wordpress\/wp-admin\/admin-ajax.php\" data-description=\"Kardiyotokografi\" rel=\"nofollow\" data-mailto=\"\"><i class=\"fa-ssbs fa-ssbs-fw fa-ssbs-facebook\"><\/i><div class=\"counter-wrap standard\"><span class=\"counter\">0<\/span><\/div><\/a><a data-networks=\"[]\" class=\"social-sharing-button sharer-flat sharer-flat-2 counter-standard without-counter twitter\" target=\"_blank\" title=\"Twitter\" href=\"https:\/\/twitter.com\/share?url=https%3A%2F%2Fgynob-prapa.gr%2Ftr%2Febelik%2Fkardiyotokografi%2F&text=Kardiyotokografi\" data-main-href=\"https:\/\/twitter.com\/share?url={url}&text={title}\" data-nid=\"2\" data-name=\"\" data-pid=\"1\" data-post-id=\"1560\" data-url=\"https:\/\/gynob-prapa.gr\/wordpress\/wp-admin\/admin-ajax.php\" data-description=\"Kardiyotokografi\" rel=\"nofollow\" data-mailto=\"\"><i class=\"fa-ssbs fa-ssbs-fw fa-ssbs-twitter\"><\/i><div class=\"counter-wrap standard\"><span class=\"counter\">0<\/span><\/div><\/a><a data-networks=\"[]\" class=\"social-sharing-button sharer-flat sharer-flat-2 counter-standard without-counter mail\" target=\"_blank\" title=\"Mail\" href=\"#\" data-main-href=\"#\" data-nid=\"16\" data-name=\"\" data-pid=\"1\" data-post-id=\"1560\" data-url=\"https:\/\/gynob-prapa.gr\/wordpress\/wp-admin\/admin-ajax.php\" data-description=\"Kardiyotokografi\" rel=\"nofollow\" data-mailto=\"\"><i class=\"fa-ssbs fa-ssbs-fw fa-ssbs-envelope-o\"><\/i><div class=\"counter-wrap standard\"><span class=\"counter\">0<\/span><\/div><\/a><a data-networks=\"[]\" class=\"social-sharing-button sharer-flat sharer-flat-2 counter-standard without-counter print\" target=\"_blank\" title=\"Print\" href=\"#\" data-main-href=\"#\" data-nid=\"14\" data-name=\"\" data-pid=\"1\" data-post-id=\"1560\" data-url=\"https:\/\/gynob-prapa.gr\/wordpress\/wp-admin\/admin-ajax.php\" data-description=\"Kardiyotokografi\" rel=\"nofollow\" data-mailto=\"\"><i class=\"fa-ssbs fa-ssbs-fw fa-ssbs-print\"><\/i><div class=\"counter-wrap standard\"><span class=\"counter\">0<\/span><\/div><\/a><\/div>","protected":false},"author":2,"featured_media":0,"parent":1540,"menu_order":5,"comment_status":"closed","ping_status":"closed","template":"","meta":[],"_links":{"self":[{"href":"https:\/\/gynob-prapa.gr\/tr\/wp-json\/wp\/v2\/pages\/1560\/"}],"collection":[{"href":"https:\/\/gynob-prapa.gr\/tr\/wp-json\/wp\/v2\/pages\/"}],"about":[{"href":"https:\/\/gynob-prapa.gr\/tr\/wp-json\/wp\/v2\/types\/page\/"}],"author":[{"embeddable":true,"href":"https:\/\/gynob-prapa.gr\/tr\/wp-json\/wp\/v2\/users\/2\/"}],"replies":[{"embeddable":true,"href":"https:\/\/gynob-prapa.gr\/tr\/wp-json\/wp\/v2\/comments\/?post=1560"}],"version-history":[{"count":2,"href":"https:\/\/gynob-prapa.gr\/tr\/wp-json\/wp\/v2\/pages\/1560\/revisions\/"}],"predecessor-version":[{"id":1570,"href":"https:\/\/gynob-prapa.gr\/tr\/wp-json\/wp\/v2\/pages\/1560\/revisions\/1570\/"}],"up":[{"embeddable":true,"href":"https:\/\/gynob-prapa.gr\/tr\/wp-json\/wp\/v2\/pages\/1540\/"}],"wp:attachment":[{"href":"https:\/\/gynob-prapa.gr\/tr\/wp-json\/wp\/v2\/media\/?parent=1560"}],"curies":[{"name":"wp","href":"https:\/\/api.w.org\/{rel}","templated":true}]}}