{"id":1540,"date":"2020-10-19T12:48:40","date_gmt":"2020-10-19T10:48:40","guid":{"rendered":"https:\/\/gynob-prapa.gr\/?page_id=1540"},"modified":"2020-10-19T12:49:04","modified_gmt":"2020-10-19T10:49:04","slug":"ebelik","status":"publish","type":"page","link":"https:\/\/gynob-prapa.gr\/tr\/ebelik\/","title":{"rendered":"Ebelik"},"content":{"rendered":"<p>[vc_row][vc_column][vc_column_text]HAM\u0130LEL\u0130K TEST\u0130<\/p>\n<p>Do\u011fum \u00f6ncesi tarama, gelecekteki hamile kad\u0131n\u0131n sa\u011fl\u0131\u011f\u0131n\u0131n iyi oldu\u011funu do\u011frulamay\u0131 ama\u00e7layan kan testlerini i\u00e7erir. Bu testler aras\u0131nda kan grubu, Rhesus, hemoglobin elektroforezi ve orak testi bulunur. Son iki test konjenital anemilerle ilgilidir, di\u011fer testler ise genel kan testlerini, biyokimyasal testleri ve hepatit, k\u0131zam\u0131k\u00e7\u0131k, sitomegalovir\u00fcs, toksoplazma, listeria, AIDS, sifiliz gibi vir\u00fcsler ve parazitler i\u00e7in imm\u00fcnolojik testleri i\u00e7erir. Bu testler, sonu\u00e7lara ve antikorlara ba\u011fl\u0131 olarak 3-6 ay ge\u00e7erlidir ve yukar\u0131daki d\u00f6nemden sonra veya hamilelik s\u0131ras\u0131nda tekrarlan\u0131r.<\/p>\n<p>Do\u011fum \u00f6ncesi muayene ayr\u0131ca biyokimyasal belirte\u00e7ler veya molek\u00fcler kontrol ile birlikte DOWN sendromu i\u00e7in servikal \u015feffafl\u0131\u011f\u0131n do\u011frulu\u011fu, geli\u015ftirilmesi ve de\u011ferlendirilmesinin yap\u0131ld\u0131\u011f\u0131 ilk trimester i\u00e7in 1. seviye ultrasonun yan\u0131 s\u0131ra ikinci seviye ultrasonu da i\u00e7erir.<\/p>\n<p>HAM\u0130LEL\u0130K \u0130ZLEME<\/p>\n<p>Normal bir gebeli\u011fin izlenmesi, izlemenin her vakan\u0131n gereksinimlerine g\u00f6re farkl\u0131l\u0131k g\u00f6sterdi\u011fi y\u00fcksek riskli ve anormal gebelikler d\u0131\u015f\u0131nda ayda bir yap\u0131l\u0131r.<\/p>\n<p>Ayl\u0131k kontroller, hamile kad\u0131n\u0131n ve fet\u00fcs\u00fcn iyi klinik durumunu do\u011frulamak i\u00e7in kan testleri, hamile kad\u0131n\u0131n kan bas\u0131nc\u0131n\u0131n ve kilosunun izlenmesi, ultrason &#8211; gebelik Doppleri ve kardiyotokografiyi i\u00e7erir.<\/p>\n<p>DO\u011eUM<\/p>\n<p>Do\u011fum, gebenin ya\u015f\u0131na, \u00f6yk\u00fcs\u00fcne, hamileli\u011fin seyrine ve hamilelik veya do\u011fum s\u0131ras\u0131nda olu\u015fabilecek komplikasyonlara g\u00f6re ki\u015fiselle\u015ftirilir ve normal do\u011fum veya sezaryen ile tamamlan\u0131r.[\/vc_column_text][\/vc_column][\/vc_row]<\/p>\n<div data-animation=\"no-animation\" data-icons-animation=\"no-animation\" data-overlay=\"\" data-change-size=\"\" data-button-size=\"1\" style=\"font-size:1em!important;display:none;\" class=\"supsystic-social-sharing supsystic-social-sharing-package-flat supsystic-social-sharing-hide-on-homepage supsystic-social-sharing-spacing supsystic-social-sharing-content supsystic-social-sharing-content-align-left\" data-text=\"\"><a data-networks=\"[]\" class=\"social-sharing-button sharer-flat sharer-flat-2 counter-standard without-counter facebook\" target=\"_blank\" title=\"Facebook\" href=\"http:\/\/www.facebook.com\/sharer.php?u=https%3A%2F%2Fgynob-prapa.gr%2Ftr%2Febelik%2F\" data-main-href=\"http:\/\/www.facebook.com\/sharer.php?u={url}\" data-nid=\"1\" data-name=\"\" data-pid=\"1\" data-post-id=\"1540\" data-url=\"https:\/\/gynob-prapa.gr\/wordpress\/wp-admin\/admin-ajax.php\" data-description=\"Ebelik\" rel=\"nofollow\" data-mailto=\"\"><i class=\"fa-ssbs fa-ssbs-fw fa-ssbs-facebook\"><\/i><div class=\"counter-wrap standard\"><span class=\"counter\">0<\/span><\/div><\/a><a data-networks=\"[]\" class=\"social-sharing-button sharer-flat sharer-flat-2 counter-standard without-counter twitter\" target=\"_blank\" title=\"Twitter\" href=\"https:\/\/twitter.com\/share?url=https%3A%2F%2Fgynob-prapa.gr%2Ftr%2Febelik%2F&text=Ebelik\" data-main-href=\"https:\/\/twitter.com\/share?url={url}&text={title}\" data-nid=\"2\" data-name=\"\" data-pid=\"1\" data-post-id=\"1540\" data-url=\"https:\/\/gynob-prapa.gr\/wordpress\/wp-admin\/admin-ajax.php\" data-description=\"Ebelik\" rel=\"nofollow\" data-mailto=\"\"><i class=\"fa-ssbs fa-ssbs-fw fa-ssbs-twitter\"><\/i><div class=\"counter-wrap standard\"><span class=\"counter\">0<\/span><\/div><\/a><a data-networks=\"[]\" class=\"social-sharing-button sharer-flat sharer-flat-2 counter-standard without-counter mail\" target=\"_blank\" title=\"Mail\" href=\"#\" data-main-href=\"#\" data-nid=\"16\" data-name=\"\" data-pid=\"1\" data-post-id=\"1540\" data-url=\"https:\/\/gynob-prapa.gr\/wordpress\/wp-admin\/admin-ajax.php\" data-description=\"Ebelik\" rel=\"nofollow\" data-mailto=\"\"><i class=\"fa-ssbs fa-ssbs-fw fa-ssbs-envelope-o\"><\/i><div class=\"counter-wrap standard\"><span class=\"counter\">0<\/span><\/div><\/a><a data-networks=\"[]\" class=\"social-sharing-button sharer-flat sharer-flat-2 counter-standard without-counter print\" target=\"_blank\" title=\"Print\" href=\"#\" data-main-href=\"#\" data-nid=\"14\" data-name=\"\" data-pid=\"1\" data-post-id=\"1540\" data-url=\"https:\/\/gynob-prapa.gr\/wordpress\/wp-admin\/admin-ajax.php\" data-description=\"Ebelik\" rel=\"nofollow\" data-mailto=\"\"><i class=\"fa-ssbs fa-ssbs-fw fa-ssbs-print\"><\/i><div class=\"counter-wrap standard\"><span class=\"counter\">0<\/span><\/div><\/a><\/div>","protected":false},"excerpt":{"rendered":"<p>[vc_row][vc_column][vc_column_text]HAM\u0130LEL\u0130K TEST\u0130 Do\u011fum \u00f6ncesi tarama, gelecekteki hamile kad\u0131n\u0131n sa\u011fl\u0131\u011f\u0131n\u0131n iyi oldu\u011funu do\u011frulamay\u0131 ama\u00e7layan kan testlerini i\u00e7erir. Bu testler aras\u0131nda kan grubu, Rhesus, hemoglobin elektroforezi ve orak testi bulunur. Son iki test konjenital anemilerle ilgilidir, di\u011fer testler ise genel kan testlerini, biyokimyasal testleri ve hepatit, k\u0131zam\u0131k\u00e7\u0131k, sitomegalovir\u00fcs, toksoplazma, listeria, AIDS, sifiliz gibi vir\u00fcsler ve parazitler i\u00e7in [&hellip;]<\/p>\n<div data-animation=\"no-animation\" data-icons-animation=\"no-animation\" data-overlay=\"\" data-change-size=\"\" data-button-size=\"1\" style=\"font-size:1em!important;display:none;\" class=\"supsystic-social-sharing supsystic-social-sharing-package-flat supsystic-social-sharing-hide-on-homepage supsystic-social-sharing-spacing supsystic-social-sharing-content supsystic-social-sharing-content-align-left\" data-text=\"\"><a data-networks=\"[]\" class=\"social-sharing-button sharer-flat sharer-flat-2 counter-standard without-counter facebook\" target=\"_blank\" title=\"Facebook\" href=\"http:\/\/www.facebook.com\/sharer.php?u=https%3A%2F%2Fgynob-prapa.gr%2Ftr%2Febelik%2F\" data-main-href=\"http:\/\/www.facebook.com\/sharer.php?u={url}\" data-nid=\"1\" data-name=\"\" data-pid=\"1\" data-post-id=\"1540\" data-url=\"https:\/\/gynob-prapa.gr\/wordpress\/wp-admin\/admin-ajax.php\" data-description=\"Ebelik\" rel=\"nofollow\" data-mailto=\"\"><i class=\"fa-ssbs fa-ssbs-fw fa-ssbs-facebook\"><\/i><div class=\"counter-wrap standard\"><span class=\"counter\">0<\/span><\/div><\/a><a data-networks=\"[]\" class=\"social-sharing-button sharer-flat sharer-flat-2 counter-standard without-counter twitter\" target=\"_blank\" title=\"Twitter\" href=\"https:\/\/twitter.com\/share?url=https%3A%2F%2Fgynob-prapa.gr%2Ftr%2Febelik%2F&text=Ebelik\" data-main-href=\"https:\/\/twitter.com\/share?url={url}&text={title}\" data-nid=\"2\" data-name=\"\" data-pid=\"1\" data-post-id=\"1540\" data-url=\"https:\/\/gynob-prapa.gr\/wordpress\/wp-admin\/admin-ajax.php\" data-description=\"Ebelik\" rel=\"nofollow\" data-mailto=\"\"><i class=\"fa-ssbs fa-ssbs-fw fa-ssbs-twitter\"><\/i><div class=\"counter-wrap standard\"><span class=\"counter\">0<\/span><\/div><\/a><a data-networks=\"[]\" class=\"social-sharing-button sharer-flat sharer-flat-2 counter-standard without-counter mail\" target=\"_blank\" title=\"Mail\" href=\"#\" data-main-href=\"#\" data-nid=\"16\" data-name=\"\" data-pid=\"1\" data-post-id=\"1540\" data-url=\"https:\/\/gynob-prapa.gr\/wordpress\/wp-admin\/admin-ajax.php\" data-description=\"Ebelik\" rel=\"nofollow\" data-mailto=\"\"><i class=\"fa-ssbs fa-ssbs-fw fa-ssbs-envelope-o\"><\/i><div class=\"counter-wrap standard\"><span class=\"counter\">0<\/span><\/div><\/a><a data-networks=\"[]\" class=\"social-sharing-button sharer-flat sharer-flat-2 counter-standard without-counter print\" target=\"_blank\" title=\"Print\" href=\"#\" data-main-href=\"#\" data-nid=\"14\" data-name=\"\" data-pid=\"1\" data-post-id=\"1540\" data-url=\"https:\/\/gynob-prapa.gr\/wordpress\/wp-admin\/admin-ajax.php\" data-description=\"Ebelik\" rel=\"nofollow\" data-mailto=\"\"><i class=\"fa-ssbs fa-ssbs-fw fa-ssbs-print\"><\/i><div class=\"counter-wrap standard\"><span class=\"counter\">0<\/span><\/div><\/a><\/div>","protected":false},"author":2,"featured_media":0,"parent":0,"menu_order":3,"comment_status":"closed","ping_status":"closed","template":"","meta":[],"_links":{"self":[{"href":"https:\/\/gynob-prapa.gr\/tr\/wp-json\/wp\/v2\/pages\/1540\/"}],"collection":[{"href":"https:\/\/gynob-prapa.gr\/tr\/wp-json\/wp\/v2\/pages\/"}],"about":[{"href":"https:\/\/gynob-prapa.gr\/tr\/wp-json\/wp\/v2\/types\/page\/"}],"author":[{"embeddable":true,"href":"https:\/\/gynob-prapa.gr\/tr\/wp-json\/wp\/v2\/users\/2\/"}],"replies":[{"embeddable":true,"href":"https:\/\/gynob-prapa.gr\/tr\/wp-json\/wp\/v2\/comments\/?post=1540"}],"version-history":[{"count":2,"href":"https:\/\/gynob-prapa.gr\/tr\/wp-json\/wp\/v2\/pages\/1540\/revisions\/"}],"predecessor-version":[{"id":1552,"href":"https:\/\/gynob-prapa.gr\/tr\/wp-json\/wp\/v2\/pages\/1540\/revisions\/1552\/"}],"wp:attachment":[{"href":"https:\/\/gynob-prapa.gr\/tr\/wp-json\/wp\/v2\/media\/?parent=1540"}],"curies":[{"name":"wp","href":"https:\/\/api.w.org\/{rel}","templated":true}]}}