{"id":1538,"date":"2020-10-19T12:45:38","date_gmt":"2020-10-19T10:45:38","guid":{"rendered":"https:\/\/gynob-prapa.gr\/?page_id=1538"},"modified":"2020-10-19T12:45:53","modified_gmt":"2020-10-19T10:45:53","slug":"konik-servikal-rezeksiyon","status":"publish","type":"page","link":"https:\/\/gynob-prapa.gr\/tr\/jinekoloji\/jinekolojik-cerrahi\/konik-servikal-rezeksiyon\/","title":{"rendered":"Konik Servikal Rezeksiyon"},"content":{"rendered":"<p>Serviksin koni \u015feklindeki bir k\u0131sm\u0131n\u0131n \u00e7\u0131kar\u0131lmas\u0131na konik servikal rezeksiyon denir. Koni rezeksiyonu i\u00e7in endikasyonlar, intraepitelyal neoplazmalar\u0131 &#8211; d\u00fc\u015f\u00fck ve y\u00fcksek dereceli displazi ve in situ karsinomu i\u00e7eren serviksin do\u011frulanm\u0131\u015f patolojik lezyonlar\u0131d\u0131r. Servikal epitel kad\u0131n\u0131n hormonal de\u011fi\u015fikliklerine maruz kald\u0131\u011f\u0131ndan, koninin derinli\u011fi kad\u0131n\u0131n \u00fcreme veya menopoz \u00e7a\u011f\u0131nda olmas\u0131na ba\u011fl\u0131d\u0131r.<\/p>\n<p>Koni, bir ne\u015fter, bir elektrikli D\u00f6ng\u00fc braketi veya bir Lazer ile \u00e7\u0131kar\u0131l\u0131r. Bist\u00fcri ile termal y\u00f6ntem olan di\u011fer iki y\u00f6ntemin aksine cerrahi s\u0131n\u0131rlar\u0131n daha iyi histolojik kontrol\u00fcn\u00fc sa\u011flar\u0131z, \u0131s\u0131 nedeniyle cerrahi s\u0131n\u0131rlar ortadan kalkar ve lezyonun sa\u011fl\u0131kl\u0131 s\u0131n\u0131rlara \u00e7\u0131kar\u0131lmas\u0131n\u0131n kontrol\u00fc g\u00fcvenilir de\u011fildir. Aksine kanama komplikasyonlar\u0131n\u0131 azaltmada termal y\u00f6ntemler \u00fcst\u00fcnd\u00fcr.<\/p>\n<div data-animation=\"no-animation\" data-icons-animation=\"no-animation\" data-overlay=\"\" data-change-size=\"\" data-button-size=\"1\" style=\"font-size:1em!important;display:none;\" class=\"supsystic-social-sharing supsystic-social-sharing-package-flat supsystic-social-sharing-hide-on-homepage supsystic-social-sharing-spacing supsystic-social-sharing-content supsystic-social-sharing-content-align-left\" data-text=\"\"><a data-networks=\"[]\" class=\"social-sharing-button sharer-flat sharer-flat-2 counter-standard without-counter facebook\" target=\"_blank\" title=\"Facebook\" href=\"http:\/\/www.facebook.com\/sharer.php?u=https%3A%2F%2Fgynob-prapa.gr%2Ftr%2Fjinekoloji%2Fjinekolojik-cerrahi%2Fkonik-servikal-rezeksiyon%2F\" data-main-href=\"http:\/\/www.facebook.com\/sharer.php?u={url}\" data-nid=\"1\" data-name=\"\" data-pid=\"1\" data-post-id=\"1538\" data-url=\"https:\/\/gynob-prapa.gr\/wordpress\/wp-admin\/admin-ajax.php\" data-description=\"Konik Servikal Rezeksiyon\" rel=\"nofollow\" data-mailto=\"\"><i class=\"fa-ssbs fa-ssbs-fw fa-ssbs-facebook\"><\/i><div class=\"counter-wrap standard\"><span class=\"counter\">0<\/span><\/div><\/a><a data-networks=\"[]\" class=\"social-sharing-button sharer-flat sharer-flat-2 counter-standard without-counter twitter\" target=\"_blank\" title=\"Twitter\" href=\"https:\/\/twitter.com\/share?url=https%3A%2F%2Fgynob-prapa.gr%2Ftr%2Fjinekoloji%2Fjinekolojik-cerrahi%2Fkonik-servikal-rezeksiyon%2F&text=Konik+Servikal+Rezeksiyon\" data-main-href=\"https:\/\/twitter.com\/share?url={url}&text={title}\" data-nid=\"2\" data-name=\"\" data-pid=\"1\" data-post-id=\"1538\" data-url=\"https:\/\/gynob-prapa.gr\/wordpress\/wp-admin\/admin-ajax.php\" data-description=\"Konik Servikal Rezeksiyon\" rel=\"nofollow\" data-mailto=\"\"><i class=\"fa-ssbs fa-ssbs-fw fa-ssbs-twitter\"><\/i><div class=\"counter-wrap standard\"><span class=\"counter\">0<\/span><\/div><\/a><a data-networks=\"[]\" class=\"social-sharing-button sharer-flat sharer-flat-2 counter-standard without-counter mail\" target=\"_blank\" title=\"Mail\" href=\"#\" data-main-href=\"#\" data-nid=\"16\" data-name=\"\" data-pid=\"1\" data-post-id=\"1538\" data-url=\"https:\/\/gynob-prapa.gr\/wordpress\/wp-admin\/admin-ajax.php\" data-description=\"Konik Servikal Rezeksiyon\" rel=\"nofollow\" data-mailto=\"\"><i class=\"fa-ssbs fa-ssbs-fw fa-ssbs-envelope-o\"><\/i><div class=\"counter-wrap standard\"><span class=\"counter\">0<\/span><\/div><\/a><a data-networks=\"[]\" class=\"social-sharing-button sharer-flat sharer-flat-2 counter-standard without-counter print\" target=\"_blank\" title=\"Print\" href=\"#\" data-main-href=\"#\" data-nid=\"14\" data-name=\"\" data-pid=\"1\" data-post-id=\"1538\" data-url=\"https:\/\/gynob-prapa.gr\/wordpress\/wp-admin\/admin-ajax.php\" data-description=\"Konik Servikal Rezeksiyon\" rel=\"nofollow\" data-mailto=\"\"><i class=\"fa-ssbs fa-ssbs-fw fa-ssbs-print\"><\/i><div class=\"counter-wrap standard\"><span class=\"counter\">0<\/span><\/div><\/a><\/div>","protected":false},"excerpt":{"rendered":"<p>Serviksin koni \u015feklindeki bir k\u0131sm\u0131n\u0131n \u00e7\u0131kar\u0131lmas\u0131na konik servikal rezeksiyon denir. Koni rezeksiyonu i\u00e7in endikasyonlar, intraepitelyal neoplazmalar\u0131 &#8211; d\u00fc\u015f\u00fck ve y\u00fcksek dereceli displazi ve in situ karsinomu i\u00e7eren serviksin do\u011frulanm\u0131\u015f patolojik lezyonlar\u0131d\u0131r. Servikal epitel kad\u0131n\u0131n hormonal de\u011fi\u015fikliklerine maruz kald\u0131\u011f\u0131ndan, koninin derinli\u011fi kad\u0131n\u0131n \u00fcreme veya menopoz \u00e7a\u011f\u0131nda olmas\u0131na ba\u011fl\u0131d\u0131r. Koni, bir ne\u015fter, bir elektrikli D\u00f6ng\u00fc braketi veya [&hellip;]<\/p>\n<div data-animation=\"no-animation\" data-icons-animation=\"no-animation\" data-overlay=\"\" data-change-size=\"\" data-button-size=\"1\" style=\"font-size:1em!important;display:none;\" class=\"supsystic-social-sharing supsystic-social-sharing-package-flat supsystic-social-sharing-hide-on-homepage supsystic-social-sharing-spacing supsystic-social-sharing-content supsystic-social-sharing-content-align-left\" data-text=\"\"><a data-networks=\"[]\" class=\"social-sharing-button sharer-flat sharer-flat-2 counter-standard without-counter facebook\" target=\"_blank\" title=\"Facebook\" href=\"http:\/\/www.facebook.com\/sharer.php?u=https%3A%2F%2Fgynob-prapa.gr%2Ftr%2Fjinekoloji%2Fjinekolojik-cerrahi%2Fkonik-servikal-rezeksiyon%2F\" data-main-href=\"http:\/\/www.facebook.com\/sharer.php?u={url}\" data-nid=\"1\" data-name=\"\" data-pid=\"1\" data-post-id=\"1538\" data-url=\"https:\/\/gynob-prapa.gr\/wordpress\/wp-admin\/admin-ajax.php\" data-description=\"Konik Servikal Rezeksiyon\" rel=\"nofollow\" data-mailto=\"\"><i class=\"fa-ssbs fa-ssbs-fw fa-ssbs-facebook\"><\/i><div class=\"counter-wrap standard\"><span class=\"counter\">0<\/span><\/div><\/a><a data-networks=\"[]\" class=\"social-sharing-button sharer-flat sharer-flat-2 counter-standard without-counter twitter\" target=\"_blank\" title=\"Twitter\" href=\"https:\/\/twitter.com\/share?url=https%3A%2F%2Fgynob-prapa.gr%2Ftr%2Fjinekoloji%2Fjinekolojik-cerrahi%2Fkonik-servikal-rezeksiyon%2F&text=Konik+Servikal+Rezeksiyon\" data-main-href=\"https:\/\/twitter.com\/share?url={url}&text={title}\" data-nid=\"2\" data-name=\"\" data-pid=\"1\" data-post-id=\"1538\" data-url=\"https:\/\/gynob-prapa.gr\/wordpress\/wp-admin\/admin-ajax.php\" data-description=\"Konik Servikal Rezeksiyon\" rel=\"nofollow\" data-mailto=\"\"><i class=\"fa-ssbs fa-ssbs-fw fa-ssbs-twitter\"><\/i><div class=\"counter-wrap standard\"><span class=\"counter\">0<\/span><\/div><\/a><a data-networks=\"[]\" class=\"social-sharing-button sharer-flat sharer-flat-2 counter-standard without-counter mail\" target=\"_blank\" title=\"Mail\" href=\"#\" data-main-href=\"#\" data-nid=\"16\" data-name=\"\" data-pid=\"1\" data-post-id=\"1538\" data-url=\"https:\/\/gynob-prapa.gr\/wordpress\/wp-admin\/admin-ajax.php\" data-description=\"Konik Servikal Rezeksiyon\" rel=\"nofollow\" data-mailto=\"\"><i class=\"fa-ssbs fa-ssbs-fw fa-ssbs-envelope-o\"><\/i><div class=\"counter-wrap standard\"><span class=\"counter\">0<\/span><\/div><\/a><a data-networks=\"[]\" class=\"social-sharing-button sharer-flat sharer-flat-2 counter-standard without-counter print\" target=\"_blank\" title=\"Print\" href=\"#\" data-main-href=\"#\" data-nid=\"14\" data-name=\"\" data-pid=\"1\" data-post-id=\"1538\" data-url=\"https:\/\/gynob-prapa.gr\/wordpress\/wp-admin\/admin-ajax.php\" data-description=\"Konik Servikal Rezeksiyon\" rel=\"nofollow\" data-mailto=\"\"><i class=\"fa-ssbs fa-ssbs-fw fa-ssbs-print\"><\/i><div class=\"counter-wrap standard\"><span class=\"counter\">0<\/span><\/div><\/a><\/div>","protected":false},"author":2,"featured_media":0,"parent":1536,"menu_order":2,"comment_status":"closed","ping_status":"closed","template":"","meta":[],"_links":{"self":[{"href":"https:\/\/gynob-prapa.gr\/tr\/wp-json\/wp\/v2\/pages\/1538\/"}],"collection":[{"href":"https:\/\/gynob-prapa.gr\/tr\/wp-json\/wp\/v2\/pages\/"}],"about":[{"href":"https:\/\/gynob-prapa.gr\/tr\/wp-json\/wp\/v2\/types\/page\/"}],"author":[{"embeddable":true,"href":"https:\/\/gynob-prapa.gr\/tr\/wp-json\/wp\/v2\/users\/2\/"}],"replies":[{"embeddable":true,"href":"https:\/\/gynob-prapa.gr\/tr\/wp-json\/wp\/v2\/comments\/?post=1538"}],"version-history":[{"count":2,"href":"https:\/\/gynob-prapa.gr\/tr\/wp-json\/wp\/v2\/pages\/1538\/revisions\/"}],"predecessor-version":[{"id":1548,"href":"https:\/\/gynob-prapa.gr\/tr\/wp-json\/wp\/v2\/pages\/1538\/revisions\/1548\/"}],"up":[{"embeddable":true,"href":"https:\/\/gynob-prapa.gr\/tr\/wp-json\/wp\/v2\/pages\/1536\/"}],"wp:attachment":[{"href":"https:\/\/gynob-prapa.gr\/tr\/wp-json\/wp\/v2\/media\/?parent=1538"}],"curies":[{"name":"wp","href":"https:\/\/api.w.org\/{rel}","templated":true}]}}