{"id":1537,"date":"2020-10-19T12:44:31","date_gmt":"2020-10-19T10:44:31","guid":{"rendered":"https:\/\/gynob-prapa.gr\/?page_id=1537"},"modified":"2020-10-19T12:44:32","modified_gmt":"2020-10-19T10:44:32","slug":"heat-stroke-koterizasyon-dongu","status":"publish","type":"page","link":"https:\/\/gynob-prapa.gr\/tr\/jinekoloji\/jinekolojik-cerrahi\/heat-stroke-koterizasyon-dongu\/","title":{"rendered":"Heat Stroke &#8211; Koterizasyon &#8211; D\u00d6NG\u00dc"},"content":{"rendered":"<p>[vc_row][vc_column][vc_column_text]Termokoag\u00fclasyon, hem d\u0131\u015f genital b\u00f6lgede hem de i\u00e7 genital organlar\u0131n hastal\u0131klar\u0131n\u0131 i\u00e7eren operasyonlarda, elektrikli bir cihaz, diatermi, tedavi edici sonu\u00e7lar elde edilerek hasar veya vask\u00fcler hemostaz\u0131n giderildi\u011fi bir y\u00f6ntemdir.<\/p>\n<p>Lazer, dokular\u0131 do\u011fru ve kans\u0131z bir \u015fekilde kesebilen, yakabilen ve s\u00fcblimle\u015ftirebilen, daha iyi cerrahi sonu\u00e7lar elde edebilen modern bir \u0131s\u0131 koag\u00fclasyon y\u00f6ntemidir.<\/p>\n<p>D\u00f6ng\u00fc, diatermiye ba\u011flanan bir korsedir ve g\u00fc\u00e7 kayna\u011f\u0131 ile ayn\u0131 anda operasyon b\u00f6lgesini kesebilir ve koterize edebilir; bu, b\u00fcy\u00fck papilla si\u011fillerinin \u00e7\u0131kar\u0131lmas\u0131n\u0131 veya serviksin bir k\u0131sm\u0131n\u0131n \u00e7\u0131kar\u0131lmas\u0131n\u0131 (konik rezeksiyon) i\u00e7erir.[\/vc_column_text][\/vc_column][\/vc_row]<\/p>\n<div data-animation=\"no-animation\" data-icons-animation=\"no-animation\" data-overlay=\"\" data-change-size=\"\" data-button-size=\"1\" style=\"font-size:1em!important;display:none;\" class=\"supsystic-social-sharing supsystic-social-sharing-package-flat supsystic-social-sharing-hide-on-homepage supsystic-social-sharing-spacing supsystic-social-sharing-content supsystic-social-sharing-content-align-left\" data-text=\"\"><a data-networks=\"[]\" class=\"social-sharing-button sharer-flat sharer-flat-2 counter-standard without-counter facebook\" target=\"_blank\" title=\"Facebook\" href=\"http:\/\/www.facebook.com\/sharer.php?u=https%3A%2F%2Fgynob-prapa.gr%2Ftr%2Fjinekoloji%2Fjinekolojik-cerrahi%2Fheat-stroke-koterizasyon-dongu%2F\" data-main-href=\"http:\/\/www.facebook.com\/sharer.php?u={url}\" data-nid=\"1\" data-name=\"\" data-pid=\"1\" data-post-id=\"1537\" data-url=\"https:\/\/gynob-prapa.gr\/wordpress\/wp-admin\/admin-ajax.php\" data-description=\"Heat Stroke - Koterizasyon - D\u00d6NG\u00dc\" rel=\"nofollow\" data-mailto=\"\"><i class=\"fa-ssbs fa-ssbs-fw fa-ssbs-facebook\"><\/i><div class=\"counter-wrap standard\"><span class=\"counter\">0<\/span><\/div><\/a><a data-networks=\"[]\" class=\"social-sharing-button sharer-flat sharer-flat-2 counter-standard without-counter twitter\" target=\"_blank\" title=\"Twitter\" href=\"https:\/\/twitter.com\/share?url=https%3A%2F%2Fgynob-prapa.gr%2Ftr%2Fjinekoloji%2Fjinekolojik-cerrahi%2Fheat-stroke-koterizasyon-dongu%2F&text=Heat+Stroke+%26%238211%3B+Koterizasyon+%26%238211%3B+D%C3%96NG%C3%9C\" data-main-href=\"https:\/\/twitter.com\/share?url={url}&text={title}\" data-nid=\"2\" data-name=\"\" data-pid=\"1\" data-post-id=\"1537\" data-url=\"https:\/\/gynob-prapa.gr\/wordpress\/wp-admin\/admin-ajax.php\" data-description=\"Heat Stroke - Koterizasyon - D\u00d6NG\u00dc\" rel=\"nofollow\" data-mailto=\"\"><i class=\"fa-ssbs fa-ssbs-fw fa-ssbs-twitter\"><\/i><div class=\"counter-wrap standard\"><span class=\"counter\">0<\/span><\/div><\/a><a data-networks=\"[]\" class=\"social-sharing-button sharer-flat sharer-flat-2 counter-standard without-counter mail\" target=\"_blank\" title=\"Mail\" href=\"#\" data-main-href=\"#\" data-nid=\"16\" data-name=\"\" data-pid=\"1\" data-post-id=\"1537\" data-url=\"https:\/\/gynob-prapa.gr\/wordpress\/wp-admin\/admin-ajax.php\" data-description=\"Heat Stroke - Koterizasyon - D\u00d6NG\u00dc\" rel=\"nofollow\" data-mailto=\"\"><i class=\"fa-ssbs fa-ssbs-fw fa-ssbs-envelope-o\"><\/i><div class=\"counter-wrap standard\"><span class=\"counter\">0<\/span><\/div><\/a><a data-networks=\"[]\" class=\"social-sharing-button sharer-flat sharer-flat-2 counter-standard without-counter print\" target=\"_blank\" title=\"Print\" href=\"#\" data-main-href=\"#\" data-nid=\"14\" data-name=\"\" data-pid=\"1\" data-post-id=\"1537\" data-url=\"https:\/\/gynob-prapa.gr\/wordpress\/wp-admin\/admin-ajax.php\" data-description=\"Heat Stroke - Koterizasyon - D\u00d6NG\u00dc\" rel=\"nofollow\" data-mailto=\"\"><i class=\"fa-ssbs fa-ssbs-fw fa-ssbs-print\"><\/i><div class=\"counter-wrap standard\"><span class=\"counter\">0<\/span><\/div><\/a><\/div>","protected":false},"excerpt":{"rendered":"<p>[vc_row][vc_column][vc_column_text]Termokoag\u00fclasyon, hem d\u0131\u015f genital b\u00f6lgede hem de i\u00e7 genital organlar\u0131n hastal\u0131klar\u0131n\u0131 i\u00e7eren operasyonlarda, elektrikli bir cihaz, diatermi, tedavi edici sonu\u00e7lar elde edilerek hasar veya vask\u00fcler hemostaz\u0131n giderildi\u011fi bir y\u00f6ntemdir. Lazer, dokular\u0131 do\u011fru ve kans\u0131z bir \u015fekilde kesebilen, yakabilen ve s\u00fcblimle\u015ftirebilen, daha iyi cerrahi sonu\u00e7lar elde edebilen modern bir \u0131s\u0131 koag\u00fclasyon y\u00f6ntemidir. D\u00f6ng\u00fc, diatermiye ba\u011flanan bir [&hellip;]<\/p>\n<div data-animation=\"no-animation\" data-icons-animation=\"no-animation\" data-overlay=\"\" data-change-size=\"\" data-button-size=\"1\" style=\"font-size:1em!important;display:none;\" class=\"supsystic-social-sharing supsystic-social-sharing-package-flat supsystic-social-sharing-hide-on-homepage supsystic-social-sharing-spacing supsystic-social-sharing-content supsystic-social-sharing-content-align-left\" data-text=\"\"><a data-networks=\"[]\" class=\"social-sharing-button sharer-flat sharer-flat-2 counter-standard without-counter facebook\" target=\"_blank\" title=\"Facebook\" href=\"http:\/\/www.facebook.com\/sharer.php?u=https%3A%2F%2Fgynob-prapa.gr%2Ftr%2Fjinekoloji%2Fjinekolojik-cerrahi%2Fheat-stroke-koterizasyon-dongu%2F\" data-main-href=\"http:\/\/www.facebook.com\/sharer.php?u={url}\" data-nid=\"1\" data-name=\"\" data-pid=\"1\" data-post-id=\"1537\" data-url=\"https:\/\/gynob-prapa.gr\/wordpress\/wp-admin\/admin-ajax.php\" data-description=\"Heat Stroke - Koterizasyon - D\u00d6NG\u00dc\" rel=\"nofollow\" data-mailto=\"\"><i class=\"fa-ssbs fa-ssbs-fw fa-ssbs-facebook\"><\/i><div class=\"counter-wrap standard\"><span class=\"counter\">0<\/span><\/div><\/a><a data-networks=\"[]\" class=\"social-sharing-button sharer-flat sharer-flat-2 counter-standard without-counter twitter\" target=\"_blank\" title=\"Twitter\" href=\"https:\/\/twitter.com\/share?url=https%3A%2F%2Fgynob-prapa.gr%2Ftr%2Fjinekoloji%2Fjinekolojik-cerrahi%2Fheat-stroke-koterizasyon-dongu%2F&text=Heat+Stroke+%26%238211%3B+Koterizasyon+%26%238211%3B+D%C3%96NG%C3%9C\" data-main-href=\"https:\/\/twitter.com\/share?url={url}&text={title}\" data-nid=\"2\" data-name=\"\" data-pid=\"1\" data-post-id=\"1537\" data-url=\"https:\/\/gynob-prapa.gr\/wordpress\/wp-admin\/admin-ajax.php\" data-description=\"Heat Stroke - Koterizasyon - D\u00d6NG\u00dc\" rel=\"nofollow\" data-mailto=\"\"><i class=\"fa-ssbs fa-ssbs-fw fa-ssbs-twitter\"><\/i><div class=\"counter-wrap standard\"><span class=\"counter\">0<\/span><\/div><\/a><a data-networks=\"[]\" class=\"social-sharing-button sharer-flat sharer-flat-2 counter-standard without-counter mail\" target=\"_blank\" title=\"Mail\" href=\"#\" data-main-href=\"#\" data-nid=\"16\" data-name=\"\" data-pid=\"1\" data-post-id=\"1537\" data-url=\"https:\/\/gynob-prapa.gr\/wordpress\/wp-admin\/admin-ajax.php\" data-description=\"Heat Stroke - Koterizasyon - D\u00d6NG\u00dc\" rel=\"nofollow\" data-mailto=\"\"><i class=\"fa-ssbs fa-ssbs-fw fa-ssbs-envelope-o\"><\/i><div class=\"counter-wrap standard\"><span class=\"counter\">0<\/span><\/div><\/a><a data-networks=\"[]\" class=\"social-sharing-button sharer-flat sharer-flat-2 counter-standard without-counter print\" target=\"_blank\" title=\"Print\" href=\"#\" data-main-href=\"#\" data-nid=\"14\" data-name=\"\" data-pid=\"1\" data-post-id=\"1537\" data-url=\"https:\/\/gynob-prapa.gr\/wordpress\/wp-admin\/admin-ajax.php\" data-description=\"Heat Stroke - Koterizasyon - D\u00d6NG\u00dc\" rel=\"nofollow\" data-mailto=\"\"><i class=\"fa-ssbs fa-ssbs-fw fa-ssbs-print\"><\/i><div class=\"counter-wrap standard\"><span class=\"counter\">0<\/span><\/div><\/a><\/div>","protected":false},"author":2,"featured_media":0,"parent":1536,"menu_order":1,"comment_status":"closed","ping_status":"closed","template":"","meta":[],"_links":{"self":[{"href":"https:\/\/gynob-prapa.gr\/tr\/wp-json\/wp\/v2\/pages\/1537\/"}],"collection":[{"href":"https:\/\/gynob-prapa.gr\/tr\/wp-json\/wp\/v2\/pages\/"}],"about":[{"href":"https:\/\/gynob-prapa.gr\/tr\/wp-json\/wp\/v2\/types\/page\/"}],"author":[{"embeddable":true,"href":"https:\/\/gynob-prapa.gr\/tr\/wp-json\/wp\/v2\/users\/2\/"}],"replies":[{"embeddable":true,"href":"https:\/\/gynob-prapa.gr\/tr\/wp-json\/wp\/v2\/comments\/?post=1537"}],"version-history":[{"count":2,"href":"https:\/\/gynob-prapa.gr\/tr\/wp-json\/wp\/v2\/pages\/1537\/revisions\/"}],"predecessor-version":[{"id":1546,"href":"https:\/\/gynob-prapa.gr\/tr\/wp-json\/wp\/v2\/pages\/1537\/revisions\/1546\/"}],"up":[{"embeddable":true,"href":"https:\/\/gynob-prapa.gr\/tr\/wp-json\/wp\/v2\/pages\/1536\/"}],"wp:attachment":[{"href":"https:\/\/gynob-prapa.gr\/tr\/wp-json\/wp\/v2\/media\/?parent=1537"}],"curies":[{"name":"wp","href":"https:\/\/api.w.org\/{rel}","templated":true}]}}