{"id":1521,"date":"2020-10-19T12:23:21","date_gmt":"2020-10-19T10:23:21","guid":{"rendered":"https:\/\/gynob-prapa.gr\/?page_id=1521"},"modified":"2020-10-19T12:27:33","modified_gmt":"2020-10-19T10:27:33","slug":"menopoz-izleme-osteoporoz-izleme","status":"publish","type":"page","link":"https:\/\/gynob-prapa.gr\/tr\/jinekoloji\/menopoz-izleme-osteoporoz-izleme\/","title":{"rendered":"Menopoz \u0130zleme &#8211; Osteoporoz \u0130zleme"},"content":{"rendered":"<p>[vc_row][vc_column][vc_column_text]Menopoz, bir y\u0131ll\u0131k bir s\u00fcre ge\u00e7mesi durumunda adetin durmas\u0131 olarak tan\u0131mlan\u0131r. \u0130klimsel d\u00f6nem, menopoz \u00f6ncesi ve menopoz sonras\u0131 d\u00f6nemi i\u00e7erir. Menopoz, bir kad\u0131n\u0131n \u00fcreme \u00e7a\u011f\u0131ndan \u00fcreme \u00e7a\u011f\u0131na ge\u00e7i\u015fini i\u015faret eder.<\/p>\n<p>Kad\u0131n v\u00fccudunun t\u00fcm sistemlerini ve psikolojisini etkileyen hormonal de\u011fi\u015fiklikler meydana gelir. En \u00e7ok etkilenen sistemler dola\u015f\u0131m ve kas-iskelet sistemleridir, bu da kad\u0131n\u0131n ya\u015fam kalitesini etkileyen s\u0131cak basmalar\u0131 ve kas-iskelet a\u011fr\u0131s\u0131 ile sonu\u00e7lan\u0131r. Laboratuvar ve radyolojik tetkiklerin tamamlanmas\u0131n\u0131n ard\u0131ndan gerekli g\u00f6r\u00fclen durumlarda hormon replasman tedavisi ile osteopeni ve osteoporozun \u00f6nlenmesi ve tedavisi i\u00e7in tedavi yap\u0131lmaktad\u0131r.[\/vc_column_text][\/vc_column][\/vc_row]<\/p>\n<div data-animation=\"no-animation\" data-icons-animation=\"no-animation\" data-overlay=\"\" data-change-size=\"\" data-button-size=\"1\" style=\"font-size:1em!important;display:none;\" class=\"supsystic-social-sharing supsystic-social-sharing-package-flat supsystic-social-sharing-hide-on-homepage supsystic-social-sharing-spacing supsystic-social-sharing-content supsystic-social-sharing-content-align-left\" data-text=\"\"><a data-networks=\"[]\" class=\"social-sharing-button sharer-flat sharer-flat-2 counter-standard without-counter facebook\" target=\"_blank\" title=\"Facebook\" href=\"http:\/\/www.facebook.com\/sharer.php?u=https%3A%2F%2Fgynob-prapa.gr%2Ftr%2Fjinekoloji%2Fmenopoz-izleme-osteoporoz-izleme%2F\" data-main-href=\"http:\/\/www.facebook.com\/sharer.php?u={url}\" data-nid=\"1\" data-name=\"\" data-pid=\"1\" data-post-id=\"1521\" data-url=\"https:\/\/gynob-prapa.gr\/wordpress\/wp-admin\/admin-ajax.php\" data-description=\"Menopoz \u0130zleme - Osteoporoz \u0130zleme\" rel=\"nofollow\" data-mailto=\"\"><i class=\"fa-ssbs fa-ssbs-fw fa-ssbs-facebook\"><\/i><div class=\"counter-wrap standard\"><span class=\"counter\">0<\/span><\/div><\/a><a data-networks=\"[]\" class=\"social-sharing-button sharer-flat sharer-flat-2 counter-standard without-counter twitter\" target=\"_blank\" title=\"Twitter\" href=\"https:\/\/twitter.com\/share?url=https%3A%2F%2Fgynob-prapa.gr%2Ftr%2Fjinekoloji%2Fmenopoz-izleme-osteoporoz-izleme%2F&text=Menopoz+%C4%B0zleme+%26%238211%3B+Osteoporoz+%C4%B0zleme\" data-main-href=\"https:\/\/twitter.com\/share?url={url}&text={title}\" data-nid=\"2\" data-name=\"\" data-pid=\"1\" data-post-id=\"1521\" data-url=\"https:\/\/gynob-prapa.gr\/wordpress\/wp-admin\/admin-ajax.php\" data-description=\"Menopoz \u0130zleme - Osteoporoz \u0130zleme\" rel=\"nofollow\" data-mailto=\"\"><i class=\"fa-ssbs fa-ssbs-fw fa-ssbs-twitter\"><\/i><div class=\"counter-wrap standard\"><span class=\"counter\">0<\/span><\/div><\/a><a data-networks=\"[]\" class=\"social-sharing-button sharer-flat sharer-flat-2 counter-standard without-counter mail\" target=\"_blank\" title=\"Mail\" href=\"#\" data-main-href=\"#\" data-nid=\"16\" data-name=\"\" data-pid=\"1\" data-post-id=\"1521\" data-url=\"https:\/\/gynob-prapa.gr\/wordpress\/wp-admin\/admin-ajax.php\" data-description=\"Menopoz \u0130zleme - Osteoporoz \u0130zleme\" rel=\"nofollow\" data-mailto=\"\"><i class=\"fa-ssbs fa-ssbs-fw fa-ssbs-envelope-o\"><\/i><div class=\"counter-wrap standard\"><span class=\"counter\">0<\/span><\/div><\/a><a data-networks=\"[]\" class=\"social-sharing-button sharer-flat sharer-flat-2 counter-standard without-counter print\" target=\"_blank\" title=\"Print\" href=\"#\" data-main-href=\"#\" data-nid=\"14\" data-name=\"\" data-pid=\"1\" data-post-id=\"1521\" data-url=\"https:\/\/gynob-prapa.gr\/wordpress\/wp-admin\/admin-ajax.php\" data-description=\"Menopoz \u0130zleme - Osteoporoz \u0130zleme\" rel=\"nofollow\" data-mailto=\"\"><i class=\"fa-ssbs fa-ssbs-fw fa-ssbs-print\"><\/i><div class=\"counter-wrap standard\"><span class=\"counter\">0<\/span><\/div><\/a><\/div>","protected":false},"excerpt":{"rendered":"<p>[vc_row][vc_column][vc_column_text]Menopoz, bir y\u0131ll\u0131k bir s\u00fcre ge\u00e7mesi durumunda adetin durmas\u0131 olarak tan\u0131mlan\u0131r. \u0130klimsel d\u00f6nem, menopoz \u00f6ncesi ve menopoz sonras\u0131 d\u00f6nemi i\u00e7erir. Menopoz, bir kad\u0131n\u0131n \u00fcreme \u00e7a\u011f\u0131ndan \u00fcreme \u00e7a\u011f\u0131na ge\u00e7i\u015fini i\u015faret eder. Kad\u0131n v\u00fccudunun t\u00fcm sistemlerini ve psikolojisini etkileyen hormonal de\u011fi\u015fiklikler meydana gelir. En \u00e7ok etkilenen sistemler dola\u015f\u0131m ve kas-iskelet sistemleridir, bu da kad\u0131n\u0131n ya\u015fam kalitesini etkileyen [&hellip;]<\/p>\n<div data-animation=\"no-animation\" data-icons-animation=\"no-animation\" data-overlay=\"\" data-change-size=\"\" data-button-size=\"1\" style=\"font-size:1em!important;display:none;\" class=\"supsystic-social-sharing supsystic-social-sharing-package-flat supsystic-social-sharing-hide-on-homepage supsystic-social-sharing-spacing supsystic-social-sharing-content supsystic-social-sharing-content-align-left\" data-text=\"\"><a data-networks=\"[]\" class=\"social-sharing-button sharer-flat sharer-flat-2 counter-standard without-counter facebook\" target=\"_blank\" title=\"Facebook\" href=\"http:\/\/www.facebook.com\/sharer.php?u=https%3A%2F%2Fgynob-prapa.gr%2Ftr%2Fjinekoloji%2Fmenopoz-izleme-osteoporoz-izleme%2F\" data-main-href=\"http:\/\/www.facebook.com\/sharer.php?u={url}\" data-nid=\"1\" data-name=\"\" data-pid=\"1\" data-post-id=\"1521\" data-url=\"https:\/\/gynob-prapa.gr\/wordpress\/wp-admin\/admin-ajax.php\" data-description=\"Menopoz \u0130zleme - Osteoporoz \u0130zleme\" rel=\"nofollow\" data-mailto=\"\"><i class=\"fa-ssbs fa-ssbs-fw fa-ssbs-facebook\"><\/i><div class=\"counter-wrap standard\"><span class=\"counter\">0<\/span><\/div><\/a><a data-networks=\"[]\" class=\"social-sharing-button sharer-flat sharer-flat-2 counter-standard without-counter twitter\" target=\"_blank\" title=\"Twitter\" href=\"https:\/\/twitter.com\/share?url=https%3A%2F%2Fgynob-prapa.gr%2Ftr%2Fjinekoloji%2Fmenopoz-izleme-osteoporoz-izleme%2F&text=Menopoz+%C4%B0zleme+%26%238211%3B+Osteoporoz+%C4%B0zleme\" data-main-href=\"https:\/\/twitter.com\/share?url={url}&text={title}\" data-nid=\"2\" data-name=\"\" data-pid=\"1\" data-post-id=\"1521\" data-url=\"https:\/\/gynob-prapa.gr\/wordpress\/wp-admin\/admin-ajax.php\" data-description=\"Menopoz \u0130zleme - Osteoporoz \u0130zleme\" rel=\"nofollow\" data-mailto=\"\"><i class=\"fa-ssbs fa-ssbs-fw fa-ssbs-twitter\"><\/i><div class=\"counter-wrap standard\"><span class=\"counter\">0<\/span><\/div><\/a><a data-networks=\"[]\" class=\"social-sharing-button sharer-flat sharer-flat-2 counter-standard without-counter mail\" target=\"_blank\" title=\"Mail\" href=\"#\" data-main-href=\"#\" data-nid=\"16\" data-name=\"\" data-pid=\"1\" data-post-id=\"1521\" data-url=\"https:\/\/gynob-prapa.gr\/wordpress\/wp-admin\/admin-ajax.php\" data-description=\"Menopoz \u0130zleme - Osteoporoz \u0130zleme\" rel=\"nofollow\" data-mailto=\"\"><i class=\"fa-ssbs fa-ssbs-fw fa-ssbs-envelope-o\"><\/i><div class=\"counter-wrap standard\"><span class=\"counter\">0<\/span><\/div><\/a><a data-networks=\"[]\" class=\"social-sharing-button sharer-flat sharer-flat-2 counter-standard without-counter print\" target=\"_blank\" title=\"Print\" href=\"#\" data-main-href=\"#\" data-nid=\"14\" data-name=\"\" data-pid=\"1\" data-post-id=\"1521\" data-url=\"https:\/\/gynob-prapa.gr\/wordpress\/wp-admin\/admin-ajax.php\" data-description=\"Menopoz \u0130zleme - Osteoporoz \u0130zleme\" rel=\"nofollow\" data-mailto=\"\"><i class=\"fa-ssbs fa-ssbs-fw fa-ssbs-print\"><\/i><div class=\"counter-wrap standard\"><span class=\"counter\">0<\/span><\/div><\/a><\/div>","protected":false},"author":2,"featured_media":0,"parent":1478,"menu_order":7,"comment_status":"closed","ping_status":"closed","template":"","meta":[],"_links":{"self":[{"href":"https:\/\/gynob-prapa.gr\/tr\/wp-json\/wp\/v2\/pages\/1521\/"}],"collection":[{"href":"https:\/\/gynob-prapa.gr\/tr\/wp-json\/wp\/v2\/pages\/"}],"about":[{"href":"https:\/\/gynob-prapa.gr\/tr\/wp-json\/wp\/v2\/types\/page\/"}],"author":[{"embeddable":true,"href":"https:\/\/gynob-prapa.gr\/tr\/wp-json\/wp\/v2\/users\/2\/"}],"replies":[{"embeddable":true,"href":"https:\/\/gynob-prapa.gr\/tr\/wp-json\/wp\/v2\/comments\/?post=1521"}],"version-history":[{"count":2,"href":"https:\/\/gynob-prapa.gr\/tr\/wp-json\/wp\/v2\/pages\/1521\/revisions\/"}],"predecessor-version":[{"id":1535,"href":"https:\/\/gynob-prapa.gr\/tr\/wp-json\/wp\/v2\/pages\/1521\/revisions\/1535\/"}],"up":[{"embeddable":true,"href":"https:\/\/gynob-prapa.gr\/tr\/wp-json\/wp\/v2\/pages\/1478\/"}],"wp:attachment":[{"href":"https:\/\/gynob-prapa.gr\/tr\/wp-json\/wp\/v2\/media\/?parent=1521"}],"curies":[{"name":"wp","href":"https:\/\/api.w.org\/{rel}","templated":true}]}}