{"id":1520,"date":"2020-10-19T12:21:40","date_gmt":"2020-10-19T10:21:40","guid":{"rendered":"https:\/\/gynob-prapa.gr\/?page_id=1520"},"modified":"2020-10-19T12:21:54","modified_gmt":"2020-10-19T10:21:54","slug":"yerlestirme-endometrial-spiral","status":"publish","type":"page","link":"https:\/\/gynob-prapa.gr\/tr\/jinekoloji\/aile-planlamasi-dogum-kontrolu\/yerlestirme-endometrial-spiral\/","title":{"rendered":"Yerle\u015ftirme Endometrial Spiral (Spiral)"},"content":{"rendered":"<p>[vc_row][vc_column][vc_column_text]Rahim i\u00e7i cihaz, bir do\u011fum kontrol y\u00f6ntemi olarak veya tedavi ama\u00e7l\u0131 kullan\u0131l\u0131r. Gebelikten korunma y\u00f6ntemi olarak bak\u0131rdan olu\u015fan bir kol ve rahim ortam\u0131na uyumlu \u00f6zel bir malzemeden yap\u0131lm\u0131\u015f bir veya iki plakadan (sarmal tipine g\u00f6re) olu\u015fur.<\/p>\n<p>Jinekolojik muayene hem genital sistemin anatomisinden hem de enfeksiyon yoklu\u011funun do\u011frulanmas\u0131ndan \u00f6nce yap\u0131lm\u0131\u015fsa, d\u00f6nemin ilk 5 g\u00fcn\u00fc i\u00e7inde yerle\u015ftirilir. Doktor taraf\u0131ndan anestezi kullan\u0131lmadan ve do\u011fum yapm\u0131\u015fsa \u00f6zel bir rehber e\u015fli\u011finde yerle\u015ftirilir. Faizsiz kad\u0131nlar\u0131n \u00fczerine koymaktan ka\u00e7\u0131n\u0131n.<\/p>\n<p>Hormonal R\u0130A, g\u00fcnl\u00fck belirli bir miktarda progesteron salg\u0131layan tedavi ama\u00e7l\u0131 kullan\u0131l\u0131r. Hormonal veya idiyopatik (a\u00e7\u0131klanamayan) etyolojisi olan uterin kanamalarda \u00f6nerilir.<\/p>\n<p>Spiralin s\u00fcresi tipine g\u00f6re 3-5 y\u0131ld\u0131r. Adetin sonunda \u00e7\u0131kar\u0131l\u0131r ve sitolojik inceleme (endometriyal materyalin PAP Testi) ve mikrobiyolojik kontrol i\u00e7in R\u0130A k\u00fclt\u00fcr\u00fc olmak \u00fczere iki test yap\u0131l\u0131r. Yukar\u0131daki testlerin sonu\u00e7lar\u0131 izin veriyorsa veya gerekti\u011finde tedaviden sonra bir sonraki adet kanamas\u0131nda de\u011fi\u015ftirme m\u00fcmk\u00fcnd\u00fcr.[\/vc_column_text][\/vc_column][\/vc_row]<\/p>\n<div data-animation=\"no-animation\" data-icons-animation=\"no-animation\" data-overlay=\"\" data-change-size=\"\" data-button-size=\"1\" style=\"font-size:1em!important;display:none;\" class=\"supsystic-social-sharing supsystic-social-sharing-package-flat supsystic-social-sharing-hide-on-homepage supsystic-social-sharing-spacing supsystic-social-sharing-content supsystic-social-sharing-content-align-left\" data-text=\"\"><a data-networks=\"[]\" class=\"social-sharing-button sharer-flat sharer-flat-2 counter-standard without-counter facebook\" target=\"_blank\" title=\"Facebook\" href=\"http:\/\/www.facebook.com\/sharer.php?u=https%3A%2F%2Fgynob-prapa.gr%2Ftr%2Fjinekoloji%2Faile-planlamasi-dogum-kontrolu%2Fyerlestirme-endometrial-spiral%2F\" data-main-href=\"http:\/\/www.facebook.com\/sharer.php?u={url}\" data-nid=\"1\" data-name=\"\" data-pid=\"1\" data-post-id=\"1520\" data-url=\"https:\/\/gynob-prapa.gr\/wordpress\/wp-admin\/admin-ajax.php\" data-description=\"Yerle\u015ftirme Endometrial Spiral (Spiral)\" rel=\"nofollow\" data-mailto=\"\"><i class=\"fa-ssbs fa-ssbs-fw fa-ssbs-facebook\"><\/i><div class=\"counter-wrap standard\"><span class=\"counter\">0<\/span><\/div><\/a><a data-networks=\"[]\" class=\"social-sharing-button sharer-flat sharer-flat-2 counter-standard without-counter twitter\" target=\"_blank\" title=\"Twitter\" href=\"https:\/\/twitter.com\/share?url=https%3A%2F%2Fgynob-prapa.gr%2Ftr%2Fjinekoloji%2Faile-planlamasi-dogum-kontrolu%2Fyerlestirme-endometrial-spiral%2F&text=Yerle%C5%9Ftirme+Endometrial+Spiral+%28Spiral%29\" data-main-href=\"https:\/\/twitter.com\/share?url={url}&text={title}\" data-nid=\"2\" data-name=\"\" data-pid=\"1\" data-post-id=\"1520\" data-url=\"https:\/\/gynob-prapa.gr\/wordpress\/wp-admin\/admin-ajax.php\" data-description=\"Yerle\u015ftirme Endometrial Spiral (Spiral)\" rel=\"nofollow\" data-mailto=\"\"><i class=\"fa-ssbs fa-ssbs-fw fa-ssbs-twitter\"><\/i><div class=\"counter-wrap standard\"><span class=\"counter\">0<\/span><\/div><\/a><a data-networks=\"[]\" class=\"social-sharing-button sharer-flat sharer-flat-2 counter-standard without-counter mail\" target=\"_blank\" title=\"Mail\" href=\"#\" data-main-href=\"#\" data-nid=\"16\" data-name=\"\" data-pid=\"1\" data-post-id=\"1520\" data-url=\"https:\/\/gynob-prapa.gr\/wordpress\/wp-admin\/admin-ajax.php\" data-description=\"Yerle\u015ftirme Endometrial Spiral (Spiral)\" rel=\"nofollow\" data-mailto=\"\"><i class=\"fa-ssbs fa-ssbs-fw fa-ssbs-envelope-o\"><\/i><div class=\"counter-wrap standard\"><span class=\"counter\">0<\/span><\/div><\/a><a data-networks=\"[]\" class=\"social-sharing-button sharer-flat sharer-flat-2 counter-standard without-counter print\" target=\"_blank\" title=\"Print\" href=\"#\" data-main-href=\"#\" data-nid=\"14\" data-name=\"\" data-pid=\"1\" data-post-id=\"1520\" data-url=\"https:\/\/gynob-prapa.gr\/wordpress\/wp-admin\/admin-ajax.php\" data-description=\"Yerle\u015ftirme Endometrial Spiral (Spiral)\" rel=\"nofollow\" data-mailto=\"\"><i class=\"fa-ssbs fa-ssbs-fw fa-ssbs-print\"><\/i><div class=\"counter-wrap standard\"><span class=\"counter\">0<\/span><\/div><\/a><\/div>","protected":false},"excerpt":{"rendered":"<p>[vc_row][vc_column][vc_column_text]Rahim i\u00e7i cihaz, bir do\u011fum kontrol y\u00f6ntemi olarak veya tedavi ama\u00e7l\u0131 kullan\u0131l\u0131r. Gebelikten korunma y\u00f6ntemi olarak bak\u0131rdan olu\u015fan bir kol ve rahim ortam\u0131na uyumlu \u00f6zel bir malzemeden yap\u0131lm\u0131\u015f bir veya iki plakadan (sarmal tipine g\u00f6re) olu\u015fur. Jinekolojik muayene hem genital sistemin anatomisinden hem de enfeksiyon yoklu\u011funun do\u011frulanmas\u0131ndan \u00f6nce yap\u0131lm\u0131\u015fsa, d\u00f6nemin ilk 5 g\u00fcn\u00fc i\u00e7inde yerle\u015ftirilir. [&hellip;]<\/p>\n<div data-animation=\"no-animation\" data-icons-animation=\"no-animation\" data-overlay=\"\" data-change-size=\"\" data-button-size=\"1\" style=\"font-size:1em!important;display:none;\" class=\"supsystic-social-sharing supsystic-social-sharing-package-flat supsystic-social-sharing-hide-on-homepage supsystic-social-sharing-spacing supsystic-social-sharing-content supsystic-social-sharing-content-align-left\" data-text=\"\"><a data-networks=\"[]\" class=\"social-sharing-button sharer-flat sharer-flat-2 counter-standard without-counter facebook\" target=\"_blank\" title=\"Facebook\" href=\"http:\/\/www.facebook.com\/sharer.php?u=https%3A%2F%2Fgynob-prapa.gr%2Ftr%2Fjinekoloji%2Faile-planlamasi-dogum-kontrolu%2Fyerlestirme-endometrial-spiral%2F\" data-main-href=\"http:\/\/www.facebook.com\/sharer.php?u={url}\" data-nid=\"1\" data-name=\"\" data-pid=\"1\" data-post-id=\"1520\" data-url=\"https:\/\/gynob-prapa.gr\/wordpress\/wp-admin\/admin-ajax.php\" data-description=\"Yerle\u015ftirme Endometrial Spiral (Spiral)\" rel=\"nofollow\" data-mailto=\"\"><i class=\"fa-ssbs fa-ssbs-fw fa-ssbs-facebook\"><\/i><div class=\"counter-wrap standard\"><span class=\"counter\">0<\/span><\/div><\/a><a data-networks=\"[]\" class=\"social-sharing-button sharer-flat sharer-flat-2 counter-standard without-counter twitter\" target=\"_blank\" title=\"Twitter\" href=\"https:\/\/twitter.com\/share?url=https%3A%2F%2Fgynob-prapa.gr%2Ftr%2Fjinekoloji%2Faile-planlamasi-dogum-kontrolu%2Fyerlestirme-endometrial-spiral%2F&text=Yerle%C5%9Ftirme+Endometrial+Spiral+%28Spiral%29\" data-main-href=\"https:\/\/twitter.com\/share?url={url}&text={title}\" data-nid=\"2\" data-name=\"\" data-pid=\"1\" data-post-id=\"1520\" data-url=\"https:\/\/gynob-prapa.gr\/wordpress\/wp-admin\/admin-ajax.php\" data-description=\"Yerle\u015ftirme Endometrial Spiral (Spiral)\" rel=\"nofollow\" data-mailto=\"\"><i class=\"fa-ssbs fa-ssbs-fw fa-ssbs-twitter\"><\/i><div class=\"counter-wrap standard\"><span class=\"counter\">0<\/span><\/div><\/a><a data-networks=\"[]\" class=\"social-sharing-button sharer-flat sharer-flat-2 counter-standard without-counter mail\" target=\"_blank\" title=\"Mail\" href=\"#\" data-main-href=\"#\" data-nid=\"16\" data-name=\"\" data-pid=\"1\" data-post-id=\"1520\" data-url=\"https:\/\/gynob-prapa.gr\/wordpress\/wp-admin\/admin-ajax.php\" data-description=\"Yerle\u015ftirme Endometrial Spiral (Spiral)\" rel=\"nofollow\" data-mailto=\"\"><i class=\"fa-ssbs fa-ssbs-fw fa-ssbs-envelope-o\"><\/i><div class=\"counter-wrap standard\"><span class=\"counter\">0<\/span><\/div><\/a><a data-networks=\"[]\" class=\"social-sharing-button sharer-flat sharer-flat-2 counter-standard without-counter print\" target=\"_blank\" title=\"Print\" href=\"#\" data-main-href=\"#\" data-nid=\"14\" data-name=\"\" data-pid=\"1\" data-post-id=\"1520\" data-url=\"https:\/\/gynob-prapa.gr\/wordpress\/wp-admin\/admin-ajax.php\" data-description=\"Yerle\u015ftirme Endometrial Spiral (Spiral)\" rel=\"nofollow\" data-mailto=\"\"><i class=\"fa-ssbs fa-ssbs-fw fa-ssbs-print\"><\/i><div class=\"counter-wrap standard\"><span class=\"counter\">0<\/span><\/div><\/a><\/div>","protected":false},"author":2,"featured_media":0,"parent":1522,"menu_order":1,"comment_status":"closed","ping_status":"closed","template":"","meta":[],"_links":{"self":[{"href":"https:\/\/gynob-prapa.gr\/tr\/wp-json\/wp\/v2\/pages\/1520\/"}],"collection":[{"href":"https:\/\/gynob-prapa.gr\/tr\/wp-json\/wp\/v2\/pages\/"}],"about":[{"href":"https:\/\/gynob-prapa.gr\/tr\/wp-json\/wp\/v2\/types\/page\/"}],"author":[{"embeddable":true,"href":"https:\/\/gynob-prapa.gr\/tr\/wp-json\/wp\/v2\/users\/2\/"}],"replies":[{"embeddable":true,"href":"https:\/\/gynob-prapa.gr\/tr\/wp-json\/wp\/v2\/comments\/?post=1520"}],"version-history":[{"count":2,"href":"https:\/\/gynob-prapa.gr\/tr\/wp-json\/wp\/v2\/pages\/1520\/revisions\/"}],"predecessor-version":[{"id":1533,"href":"https:\/\/gynob-prapa.gr\/tr\/wp-json\/wp\/v2\/pages\/1520\/revisions\/1533\/"}],"up":[{"embeddable":true,"href":"https:\/\/gynob-prapa.gr\/tr\/wp-json\/wp\/v2\/pages\/1522\/"}],"wp:attachment":[{"href":"https:\/\/gynob-prapa.gr\/tr\/wp-json\/wp\/v2\/media\/?parent=1520"}],"curies":[{"name":"wp","href":"https:\/\/api.w.org\/{rel}","templated":true}]}}