{"id":1505,"date":"2020-10-19T12:05:12","date_gmt":"2020-10-19T10:05:12","guid":{"rendered":"https:\/\/gynob-prapa.gr\/?page_id=1505"},"modified":"2020-10-19T12:05:27","modified_gmt":"2020-10-19T10:05:27","slug":"jinekolojik-endokrinoloji","status":"publish","type":"page","link":"https:\/\/gynob-prapa.gr\/tr\/jinekoloji\/jinekolojik-endokrinoloji\/","title":{"rendered":"Jinekolojik Endokrinoloji"},"content":{"rendered":"<p>[vc_row][vc_column][vc_column_text]<span style=\"text-decoration: underline;\">Jinekolojik endokrinoloji a\u015fa\u011f\u0131dakilerle ilgili durumlar\u0131 sunar:<\/span><\/p>\n<ul>\n<li>Amenore, s\u0131k adet kanamas\u0131, fonksiyonel uterin kanama, polikistik over sendromu, hiperprolaktinemi gibi adet kanamas\u0131<\/li>\n<li>Tiroid ve b\u00f6brek \u00fcst\u00fc bezi hastal\u0131klar\u0131<\/li>\n<\/ul>\n<p>[\/vc_column_text][\/vc_column][\/vc_row]<\/p>\n<div data-animation=\"no-animation\" data-icons-animation=\"no-animation\" data-overlay=\"\" data-change-size=\"\" data-button-size=\"1\" style=\"font-size:1em!important;display:none;\" class=\"supsystic-social-sharing supsystic-social-sharing-package-flat supsystic-social-sharing-hide-on-homepage supsystic-social-sharing-spacing supsystic-social-sharing-content supsystic-social-sharing-content-align-left\" data-text=\"\"><a data-networks=\"[]\" class=\"social-sharing-button sharer-flat sharer-flat-2 counter-standard without-counter facebook\" target=\"_blank\" title=\"Facebook\" href=\"http:\/\/www.facebook.com\/sharer.php?u=https%3A%2F%2Fgynob-prapa.gr%2Ftr%2Fjinekoloji%2Fjinekolojik-endokrinoloji%2F\" data-main-href=\"http:\/\/www.facebook.com\/sharer.php?u={url}\" data-nid=\"1\" data-name=\"\" data-pid=\"1\" data-post-id=\"1505\" data-url=\"https:\/\/gynob-prapa.gr\/wordpress\/wp-admin\/admin-ajax.php\" data-description=\"Jinekolojik Endokrinoloji\" rel=\"nofollow\" data-mailto=\"\"><i class=\"fa-ssbs fa-ssbs-fw fa-ssbs-facebook\"><\/i><div class=\"counter-wrap standard\"><span class=\"counter\">0<\/span><\/div><\/a><a data-networks=\"[]\" class=\"social-sharing-button sharer-flat sharer-flat-2 counter-standard without-counter twitter\" target=\"_blank\" title=\"Twitter\" href=\"https:\/\/twitter.com\/share?url=https%3A%2F%2Fgynob-prapa.gr%2Ftr%2Fjinekoloji%2Fjinekolojik-endokrinoloji%2F&text=Jinekolojik+Endokrinoloji\" data-main-href=\"https:\/\/twitter.com\/share?url={url}&text={title}\" data-nid=\"2\" data-name=\"\" data-pid=\"1\" data-post-id=\"1505\" data-url=\"https:\/\/gynob-prapa.gr\/wordpress\/wp-admin\/admin-ajax.php\" data-description=\"Jinekolojik Endokrinoloji\" rel=\"nofollow\" data-mailto=\"\"><i class=\"fa-ssbs fa-ssbs-fw fa-ssbs-twitter\"><\/i><div class=\"counter-wrap standard\"><span class=\"counter\">0<\/span><\/div><\/a><a data-networks=\"[]\" class=\"social-sharing-button sharer-flat sharer-flat-2 counter-standard without-counter mail\" target=\"_blank\" title=\"Mail\" href=\"#\" data-main-href=\"#\" data-nid=\"16\" data-name=\"\" data-pid=\"1\" data-post-id=\"1505\" data-url=\"https:\/\/gynob-prapa.gr\/wordpress\/wp-admin\/admin-ajax.php\" data-description=\"Jinekolojik Endokrinoloji\" rel=\"nofollow\" data-mailto=\"\"><i class=\"fa-ssbs fa-ssbs-fw fa-ssbs-envelope-o\"><\/i><div class=\"counter-wrap standard\"><span class=\"counter\">0<\/span><\/div><\/a><a data-networks=\"[]\" class=\"social-sharing-button sharer-flat sharer-flat-2 counter-standard without-counter print\" target=\"_blank\" title=\"Print\" href=\"#\" data-main-href=\"#\" data-nid=\"14\" data-name=\"\" data-pid=\"1\" data-post-id=\"1505\" data-url=\"https:\/\/gynob-prapa.gr\/wordpress\/wp-admin\/admin-ajax.php\" data-description=\"Jinekolojik Endokrinoloji\" rel=\"nofollow\" data-mailto=\"\"><i class=\"fa-ssbs fa-ssbs-fw fa-ssbs-print\"><\/i><div class=\"counter-wrap standard\"><span class=\"counter\">0<\/span><\/div><\/a><\/div>","protected":false},"excerpt":{"rendered":"<p>[vc_row][vc_column][vc_column_text]Jinekolojik endokrinoloji a\u015fa\u011f\u0131dakilerle ilgili durumlar\u0131 sunar: Amenore, s\u0131k adet kanamas\u0131, fonksiyonel uterin kanama, polikistik over sendromu, hiperprolaktinemi gibi adet kanamas\u0131 Tiroid ve b\u00f6brek \u00fcst\u00fc bezi hastal\u0131klar\u0131 [\/vc_column_text][\/vc_column][\/vc_row]<\/p>\n<div data-animation=\"no-animation\" data-icons-animation=\"no-animation\" data-overlay=\"\" data-change-size=\"\" data-button-size=\"1\" style=\"font-size:1em!important;display:none;\" class=\"supsystic-social-sharing supsystic-social-sharing-package-flat supsystic-social-sharing-hide-on-homepage supsystic-social-sharing-spacing supsystic-social-sharing-content supsystic-social-sharing-content-align-left\" data-text=\"\"><a data-networks=\"[]\" class=\"social-sharing-button sharer-flat sharer-flat-2 counter-standard without-counter facebook\" target=\"_blank\" title=\"Facebook\" href=\"http:\/\/www.facebook.com\/sharer.php?u=https%3A%2F%2Fgynob-prapa.gr%2Ftr%2Fjinekoloji%2Fjinekolojik-endokrinoloji%2F\" data-main-href=\"http:\/\/www.facebook.com\/sharer.php?u={url}\" data-nid=\"1\" data-name=\"\" data-pid=\"1\" data-post-id=\"1505\" data-url=\"https:\/\/gynob-prapa.gr\/wordpress\/wp-admin\/admin-ajax.php\" data-description=\"Jinekolojik Endokrinoloji\" rel=\"nofollow\" data-mailto=\"\"><i class=\"fa-ssbs fa-ssbs-fw fa-ssbs-facebook\"><\/i><div class=\"counter-wrap standard\"><span class=\"counter\">0<\/span><\/div><\/a><a data-networks=\"[]\" class=\"social-sharing-button sharer-flat sharer-flat-2 counter-standard without-counter twitter\" target=\"_blank\" title=\"Twitter\" href=\"https:\/\/twitter.com\/share?url=https%3A%2F%2Fgynob-prapa.gr%2Ftr%2Fjinekoloji%2Fjinekolojik-endokrinoloji%2F&text=Jinekolojik+Endokrinoloji\" data-main-href=\"https:\/\/twitter.com\/share?url={url}&text={title}\" data-nid=\"2\" data-name=\"\" data-pid=\"1\" data-post-id=\"1505\" data-url=\"https:\/\/gynob-prapa.gr\/wordpress\/wp-admin\/admin-ajax.php\" data-description=\"Jinekolojik Endokrinoloji\" rel=\"nofollow\" data-mailto=\"\"><i class=\"fa-ssbs fa-ssbs-fw fa-ssbs-twitter\"><\/i><div class=\"counter-wrap standard\"><span class=\"counter\">0<\/span><\/div><\/a><a data-networks=\"[]\" class=\"social-sharing-button sharer-flat sharer-flat-2 counter-standard without-counter mail\" target=\"_blank\" title=\"Mail\" href=\"#\" data-main-href=\"#\" data-nid=\"16\" data-name=\"\" data-pid=\"1\" data-post-id=\"1505\" data-url=\"https:\/\/gynob-prapa.gr\/wordpress\/wp-admin\/admin-ajax.php\" data-description=\"Jinekolojik Endokrinoloji\" rel=\"nofollow\" data-mailto=\"\"><i class=\"fa-ssbs fa-ssbs-fw fa-ssbs-envelope-o\"><\/i><div class=\"counter-wrap standard\"><span class=\"counter\">0<\/span><\/div><\/a><a data-networks=\"[]\" class=\"social-sharing-button sharer-flat sharer-flat-2 counter-standard without-counter print\" target=\"_blank\" title=\"Print\" href=\"#\" data-main-href=\"#\" data-nid=\"14\" data-name=\"\" data-pid=\"1\" data-post-id=\"1505\" data-url=\"https:\/\/gynob-prapa.gr\/wordpress\/wp-admin\/admin-ajax.php\" data-description=\"Jinekolojik Endokrinoloji\" rel=\"nofollow\" data-mailto=\"\"><i class=\"fa-ssbs fa-ssbs-fw fa-ssbs-print\"><\/i><div class=\"counter-wrap standard\"><span class=\"counter\">0<\/span><\/div><\/a><\/div>","protected":false},"author":2,"featured_media":0,"parent":1478,"menu_order":3,"comment_status":"closed","ping_status":"closed","template":"","meta":[],"_links":{"self":[{"href":"https:\/\/gynob-prapa.gr\/tr\/wp-json\/wp\/v2\/pages\/1505\/"}],"collection":[{"href":"https:\/\/gynob-prapa.gr\/tr\/wp-json\/wp\/v2\/pages\/"}],"about":[{"href":"https:\/\/gynob-prapa.gr\/tr\/wp-json\/wp\/v2\/types\/page\/"}],"author":[{"embeddable":true,"href":"https:\/\/gynob-prapa.gr\/tr\/wp-json\/wp\/v2\/users\/2\/"}],"replies":[{"embeddable":true,"href":"https:\/\/gynob-prapa.gr\/tr\/wp-json\/wp\/v2\/comments\/?post=1505"}],"version-history":[{"count":2,"href":"https:\/\/gynob-prapa.gr\/tr\/wp-json\/wp\/v2\/pages\/1505\/revisions\/"}],"predecessor-version":[{"id":1514,"href":"https:\/\/gynob-prapa.gr\/tr\/wp-json\/wp\/v2\/pages\/1505\/revisions\/1514\/"}],"up":[{"embeddable":true,"href":"https:\/\/gynob-prapa.gr\/tr\/wp-json\/wp\/v2\/pages\/1478\/"}],"wp:attachment":[{"href":"https:\/\/gynob-prapa.gr\/tr\/wp-json\/wp\/v2\/media\/?parent=1505"}],"curies":[{"name":"wp","href":"https:\/\/api.w.org\/{rel}","templated":true}]}}