{"id":1502,"date":"2020-10-19T11:54:35","date_gmt":"2020-10-19T09:54:35","guid":{"rendered":"https:\/\/gynob-prapa.gr\/?page_id=1502"},"modified":"2020-10-19T11:59:19","modified_gmt":"2020-10-19T09:59:19","slug":"gogus-muayenesi-palpasyon-memenin-sitolojik-muayenesi","status":"publish","type":"page","link":"https:\/\/gynob-prapa.gr\/tr\/jinekoloji\/onlem-rutin-kontroller\/gogus-muayenesi-palpasyon-memenin-sitolojik-muayenesi\/","title":{"rendered":"G\u00f6\u011f\u00fcs muayenesi &#8211; Palpasyon &#8211; Memenin sitolojik muayenesi"},"content":{"rendered":"<p>[vc_row][vc_column][vc_column_text]G\u00f6\u011f\u00fcs muayenesi palpasyon, meme ultrasonu ve mamografiyi i\u00e7erir ve kad\u0131n\u0131n ya\u015f\u0131na g\u00f6re ki\u015fiselle\u015ftirilir. Kendi kendine palpasyonun kad\u0131n taraf\u0131ndan yap\u0131lmas\u0131 ve hatta erken ya\u015fta ba\u015flanmas\u0131 \u00f6nemlidir. Daha iyi ve daha g\u00fcvenilir bir te\u015fhis i\u00e7in palpasyon kan\u0131t\u0131 varsa veya mamografi ile birle\u015ftirilirse meme ultrasonu her ya\u015fta yap\u0131l\u0131r.<\/p>\n<p>T\u0131bbi bir endikasyon varsa mamografi yap\u0131l\u0131r. Rutin muayene olarak 40 ya\u015f\u0131nda y\u0131ll\u0131k kontrol muayenesinin bir par\u00e7as\u0131 olarak ba\u015flar kad\u0131n\u0131n \u00f6yk\u00fcs\u00fc ve memenin yap\u0131s\u0131na ba\u011fl\u0131 olarak her y\u0131l veya iki y\u0131lda bir yap\u0131l\u0131r. 35 &#8211; 40 ya\u015flar\u0131nda, referans mamogram ad\u0131 verilen ve s\u00fcregelen tetkikleri kar\u015f\u0131la\u015ft\u0131rmak i\u00e7in kullan\u0131lan ilk mamografi yap\u0131l\u0131r.<\/p>\n<p>Memeden salg\u0131 &#8211; s\u0131v\u0131 oldu\u011fu durumlarda al\u0131n\u0131r ve \u00f6zel tedavi ile salg\u0131n\u0131n kayna\u011f\u0131, t\u00fcr\u00fc ve patogenezi hakk\u0131nda daha fazla bilgi sa\u011flayacak sitolojik incelemeye g\u00f6nderilir.[\/vc_column_text][\/vc_column][\/vc_row]<\/p>\n<div data-animation=\"no-animation\" data-icons-animation=\"no-animation\" data-overlay=\"\" data-change-size=\"\" data-button-size=\"1\" style=\"font-size:1em!important;display:none;\" class=\"supsystic-social-sharing supsystic-social-sharing-package-flat supsystic-social-sharing-hide-on-homepage supsystic-social-sharing-spacing supsystic-social-sharing-content supsystic-social-sharing-content-align-left\" data-text=\"\"><a data-networks=\"[]\" class=\"social-sharing-button sharer-flat sharer-flat-2 counter-standard without-counter facebook\" target=\"_blank\" title=\"Facebook\" href=\"http:\/\/www.facebook.com\/sharer.php?u=https%3A%2F%2Fgynob-prapa.gr%2Ftr%2Fjinekoloji%2Fonlem-rutin-kontroller%2Fgogus-muayenesi-palpasyon-memenin-sitolojik-muayenesi%2F\" data-main-href=\"http:\/\/www.facebook.com\/sharer.php?u={url}\" data-nid=\"1\" data-name=\"\" data-pid=\"1\" data-post-id=\"1502\" data-url=\"https:\/\/gynob-prapa.gr\/wordpress\/wp-admin\/admin-ajax.php\" data-description=\"G\u00f6\u011f\u00fcs muayenesi - Palpasyon - Memenin sitolojik muayenesi\" rel=\"nofollow\" data-mailto=\"\"><i class=\"fa-ssbs fa-ssbs-fw fa-ssbs-facebook\"><\/i><div class=\"counter-wrap standard\"><span class=\"counter\">0<\/span><\/div><\/a><a data-networks=\"[]\" class=\"social-sharing-button sharer-flat sharer-flat-2 counter-standard without-counter twitter\" target=\"_blank\" title=\"Twitter\" href=\"https:\/\/twitter.com\/share?url=https%3A%2F%2Fgynob-prapa.gr%2Ftr%2Fjinekoloji%2Fonlem-rutin-kontroller%2Fgogus-muayenesi-palpasyon-memenin-sitolojik-muayenesi%2F&text=G%C3%B6%C4%9F%C3%BCs+muayenesi+%26%238211%3B+Palpasyon+%26%238211%3B+Memenin+sitolojik+muayenesi\" data-main-href=\"https:\/\/twitter.com\/share?url={url}&text={title}\" data-nid=\"2\" data-name=\"\" data-pid=\"1\" data-post-id=\"1502\" data-url=\"https:\/\/gynob-prapa.gr\/wordpress\/wp-admin\/admin-ajax.php\" data-description=\"G\u00f6\u011f\u00fcs muayenesi - Palpasyon - Memenin sitolojik muayenesi\" rel=\"nofollow\" data-mailto=\"\"><i class=\"fa-ssbs fa-ssbs-fw fa-ssbs-twitter\"><\/i><div class=\"counter-wrap standard\"><span class=\"counter\">0<\/span><\/div><\/a><a data-networks=\"[]\" class=\"social-sharing-button sharer-flat sharer-flat-2 counter-standard without-counter mail\" target=\"_blank\" title=\"Mail\" href=\"#\" data-main-href=\"#\" data-nid=\"16\" data-name=\"\" data-pid=\"1\" data-post-id=\"1502\" data-url=\"https:\/\/gynob-prapa.gr\/wordpress\/wp-admin\/admin-ajax.php\" data-description=\"G\u00f6\u011f\u00fcs muayenesi - Palpasyon - Memenin sitolojik muayenesi\" rel=\"nofollow\" data-mailto=\"\"><i class=\"fa-ssbs fa-ssbs-fw fa-ssbs-envelope-o\"><\/i><div class=\"counter-wrap standard\"><span class=\"counter\">0<\/span><\/div><\/a><a data-networks=\"[]\" class=\"social-sharing-button sharer-flat sharer-flat-2 counter-standard without-counter print\" target=\"_blank\" title=\"Print\" href=\"#\" data-main-href=\"#\" data-nid=\"14\" data-name=\"\" data-pid=\"1\" data-post-id=\"1502\" data-url=\"https:\/\/gynob-prapa.gr\/wordpress\/wp-admin\/admin-ajax.php\" data-description=\"G\u00f6\u011f\u00fcs muayenesi - Palpasyon - Memenin sitolojik muayenesi\" rel=\"nofollow\" data-mailto=\"\"><i class=\"fa-ssbs fa-ssbs-fw fa-ssbs-print\"><\/i><div class=\"counter-wrap standard\"><span class=\"counter\">0<\/span><\/div><\/a><\/div>","protected":false},"excerpt":{"rendered":"<p>[vc_row][vc_column][vc_column_text]G\u00f6\u011f\u00fcs muayenesi palpasyon, meme ultrasonu ve mamografiyi i\u00e7erir ve kad\u0131n\u0131n ya\u015f\u0131na g\u00f6re ki\u015fiselle\u015ftirilir. Kendi kendine palpasyonun kad\u0131n taraf\u0131ndan yap\u0131lmas\u0131 ve hatta erken ya\u015fta ba\u015flanmas\u0131 \u00f6nemlidir. Daha iyi ve daha g\u00fcvenilir bir te\u015fhis i\u00e7in palpasyon kan\u0131t\u0131 varsa veya mamografi ile birle\u015ftirilirse meme ultrasonu her ya\u015fta yap\u0131l\u0131r. T\u0131bbi bir endikasyon varsa mamografi yap\u0131l\u0131r. Rutin muayene olarak 40 [&hellip;]<\/p>\n<div data-animation=\"no-animation\" data-icons-animation=\"no-animation\" data-overlay=\"\" data-change-size=\"\" data-button-size=\"1\" style=\"font-size:1em!important;display:none;\" class=\"supsystic-social-sharing supsystic-social-sharing-package-flat supsystic-social-sharing-hide-on-homepage supsystic-social-sharing-spacing supsystic-social-sharing-content supsystic-social-sharing-content-align-left\" data-text=\"\"><a data-networks=\"[]\" class=\"social-sharing-button sharer-flat sharer-flat-2 counter-standard without-counter facebook\" target=\"_blank\" title=\"Facebook\" href=\"http:\/\/www.facebook.com\/sharer.php?u=https%3A%2F%2Fgynob-prapa.gr%2Ftr%2Fjinekoloji%2Fonlem-rutin-kontroller%2Fgogus-muayenesi-palpasyon-memenin-sitolojik-muayenesi%2F\" data-main-href=\"http:\/\/www.facebook.com\/sharer.php?u={url}\" data-nid=\"1\" data-name=\"\" data-pid=\"1\" data-post-id=\"1502\" data-url=\"https:\/\/gynob-prapa.gr\/wordpress\/wp-admin\/admin-ajax.php\" data-description=\"G\u00f6\u011f\u00fcs muayenesi - Palpasyon - Memenin sitolojik muayenesi\" rel=\"nofollow\" data-mailto=\"\"><i class=\"fa-ssbs fa-ssbs-fw fa-ssbs-facebook\"><\/i><div class=\"counter-wrap standard\"><span class=\"counter\">0<\/span><\/div><\/a><a data-networks=\"[]\" class=\"social-sharing-button sharer-flat sharer-flat-2 counter-standard without-counter twitter\" target=\"_blank\" title=\"Twitter\" href=\"https:\/\/twitter.com\/share?url=https%3A%2F%2Fgynob-prapa.gr%2Ftr%2Fjinekoloji%2Fonlem-rutin-kontroller%2Fgogus-muayenesi-palpasyon-memenin-sitolojik-muayenesi%2F&text=G%C3%B6%C4%9F%C3%BCs+muayenesi+%26%238211%3B+Palpasyon+%26%238211%3B+Memenin+sitolojik+muayenesi\" data-main-href=\"https:\/\/twitter.com\/share?url={url}&text={title}\" data-nid=\"2\" data-name=\"\" data-pid=\"1\" data-post-id=\"1502\" data-url=\"https:\/\/gynob-prapa.gr\/wordpress\/wp-admin\/admin-ajax.php\" data-description=\"G\u00f6\u011f\u00fcs muayenesi - Palpasyon - Memenin sitolojik muayenesi\" rel=\"nofollow\" data-mailto=\"\"><i class=\"fa-ssbs fa-ssbs-fw fa-ssbs-twitter\"><\/i><div class=\"counter-wrap standard\"><span class=\"counter\">0<\/span><\/div><\/a><a data-networks=\"[]\" class=\"social-sharing-button sharer-flat sharer-flat-2 counter-standard without-counter mail\" target=\"_blank\" title=\"Mail\" href=\"#\" data-main-href=\"#\" data-nid=\"16\" data-name=\"\" data-pid=\"1\" data-post-id=\"1502\" data-url=\"https:\/\/gynob-prapa.gr\/wordpress\/wp-admin\/admin-ajax.php\" data-description=\"G\u00f6\u011f\u00fcs muayenesi - Palpasyon - Memenin sitolojik muayenesi\" rel=\"nofollow\" data-mailto=\"\"><i class=\"fa-ssbs fa-ssbs-fw fa-ssbs-envelope-o\"><\/i><div class=\"counter-wrap standard\"><span class=\"counter\">0<\/span><\/div><\/a><a data-networks=\"[]\" class=\"social-sharing-button sharer-flat sharer-flat-2 counter-standard without-counter print\" target=\"_blank\" title=\"Print\" href=\"#\" data-main-href=\"#\" data-nid=\"14\" data-name=\"\" data-pid=\"1\" data-post-id=\"1502\" data-url=\"https:\/\/gynob-prapa.gr\/wordpress\/wp-admin\/admin-ajax.php\" data-description=\"G\u00f6\u011f\u00fcs muayenesi - Palpasyon - Memenin sitolojik muayenesi\" rel=\"nofollow\" data-mailto=\"\"><i class=\"fa-ssbs fa-ssbs-fw fa-ssbs-print\"><\/i><div class=\"counter-wrap standard\"><span class=\"counter\">0<\/span><\/div><\/a><\/div>","protected":false},"author":2,"featured_media":0,"parent":1481,"menu_order":4,"comment_status":"closed","ping_status":"closed","template":"","meta":[],"_links":{"self":[{"href":"https:\/\/gynob-prapa.gr\/tr\/wp-json\/wp\/v2\/pages\/1502\/"}],"collection":[{"href":"https:\/\/gynob-prapa.gr\/tr\/wp-json\/wp\/v2\/pages\/"}],"about":[{"href":"https:\/\/gynob-prapa.gr\/tr\/wp-json\/wp\/v2\/types\/page\/"}],"author":[{"embeddable":true,"href":"https:\/\/gynob-prapa.gr\/tr\/wp-json\/wp\/v2\/users\/2\/"}],"replies":[{"embeddable":true,"href":"https:\/\/gynob-prapa.gr\/tr\/wp-json\/wp\/v2\/comments\/?post=1502"}],"version-history":[{"count":2,"href":"https:\/\/gynob-prapa.gr\/tr\/wp-json\/wp\/v2\/pages\/1502\/revisions\/"}],"predecessor-version":[{"id":1510,"href":"https:\/\/gynob-prapa.gr\/tr\/wp-json\/wp\/v2\/pages\/1502\/revisions\/1510\/"}],"up":[{"embeddable":true,"href":"https:\/\/gynob-prapa.gr\/tr\/wp-json\/wp\/v2\/pages\/1481\/"}],"wp:attachment":[{"href":"https:\/\/gynob-prapa.gr\/tr\/wp-json\/wp\/v2\/media\/?parent=1502"}],"curies":[{"name":"wp","href":"https:\/\/api.w.org\/{rel}","templated":true}]}}