{"id":1501,"date":"2020-10-19T11:52:26","date_gmt":"2020-10-19T09:52:26","guid":{"rendered":"https:\/\/gynob-prapa.gr\/?page_id=1501"},"modified":"2020-10-19T11:53:42","modified_gmt":"2020-10-19T09:53:42","slug":"abdominal-vajinal-ultrason","status":"publish","type":"page","link":"https:\/\/gynob-prapa.gr\/tr\/jinekoloji\/onlem-rutin-kontroller\/abdominal-vajinal-ultrason\/","title":{"rendered":"Abdominal &#8211; Vajinal ultrason"},"content":{"rendered":"<p>[vc_row][vc_column][vc_column_text]<span style=\"text-decoration: underline;\">Abdominal ultrason \u015fu durumlarda yap\u0131l\u0131r:<\/span><\/p>\n<ul>\n<li>\u00c7ocukluk ve ergenlik d\u00f6neminde<\/li>\n<li>Hi\u00e7 cinsel ili\u015fkiye girmemi\u015f her ya\u015ftaki kad\u0131nda<\/li>\n<li>Transvajinal muayeneyi imkans\u0131z k\u0131lan vajinal ameliyat ge\u00e7irmi\u015f kad\u0131nlarda<\/li>\n<li>Hamileli\u011fin 4. ay\u0131ndan itibaren<\/li>\n<li>Daha iyi ve daha g\u00fcvenilir bir te\u015fhis i\u00e7in gerekli olan vajinal ultrason ile kombinasyon halinde<\/li>\n<\/ul>\n<p><span style=\"text-decoration: underline;\">A\u015fa\u011f\u0131daki durumlarda vajinal ultrason yap\u0131l\u0131r:<\/span><\/p>\n<ul>\n<li>\u00d6nlemolarak yap\u0131lan jinekolojik rutin muayene<\/li>\n<li>Acil durumlarda jinekolojik muayene ile birlikte<\/li>\n<li>Gebeli\u011fin ilk \u00fc\u00e7 ay\u0131nda kontrol i\u00e7in<\/li>\n<\/ul>\n<p>[\/vc_column_text][\/vc_column][\/vc_row]<\/p>\n<div data-animation=\"no-animation\" data-icons-animation=\"no-animation\" data-overlay=\"\" data-change-size=\"\" data-button-size=\"1\" style=\"font-size:1em!important;display:none;\" class=\"supsystic-social-sharing supsystic-social-sharing-package-flat supsystic-social-sharing-hide-on-homepage supsystic-social-sharing-spacing supsystic-social-sharing-content supsystic-social-sharing-content-align-left\" data-text=\"\"><a data-networks=\"[]\" class=\"social-sharing-button sharer-flat sharer-flat-2 counter-standard without-counter facebook\" target=\"_blank\" title=\"Facebook\" href=\"http:\/\/www.facebook.com\/sharer.php?u=https%3A%2F%2Fgynob-prapa.gr%2Ftr%2Fjinekoloji%2Fonlem-rutin-kontroller%2Fabdominal-vajinal-ultrason%2F\" data-main-href=\"http:\/\/www.facebook.com\/sharer.php?u={url}\" data-nid=\"1\" data-name=\"\" data-pid=\"1\" data-post-id=\"1501\" data-url=\"https:\/\/gynob-prapa.gr\/wordpress\/wp-admin\/admin-ajax.php\" data-description=\"Abdominal - Vajinal ultrason\" rel=\"nofollow\" data-mailto=\"\"><i class=\"fa-ssbs fa-ssbs-fw fa-ssbs-facebook\"><\/i><div class=\"counter-wrap standard\"><span class=\"counter\">0<\/span><\/div><\/a><a data-networks=\"[]\" class=\"social-sharing-button sharer-flat sharer-flat-2 counter-standard without-counter twitter\" target=\"_blank\" title=\"Twitter\" href=\"https:\/\/twitter.com\/share?url=https%3A%2F%2Fgynob-prapa.gr%2Ftr%2Fjinekoloji%2Fonlem-rutin-kontroller%2Fabdominal-vajinal-ultrason%2F&text=Abdominal+%26%238211%3B+Vajinal+ultrason\" data-main-href=\"https:\/\/twitter.com\/share?url={url}&text={title}\" data-nid=\"2\" data-name=\"\" data-pid=\"1\" data-post-id=\"1501\" data-url=\"https:\/\/gynob-prapa.gr\/wordpress\/wp-admin\/admin-ajax.php\" data-description=\"Abdominal - Vajinal ultrason\" rel=\"nofollow\" data-mailto=\"\"><i class=\"fa-ssbs fa-ssbs-fw fa-ssbs-twitter\"><\/i><div class=\"counter-wrap standard\"><span class=\"counter\">0<\/span><\/div><\/a><a data-networks=\"[]\" class=\"social-sharing-button sharer-flat sharer-flat-2 counter-standard without-counter mail\" target=\"_blank\" title=\"Mail\" href=\"#\" data-main-href=\"#\" data-nid=\"16\" data-name=\"\" data-pid=\"1\" data-post-id=\"1501\" data-url=\"https:\/\/gynob-prapa.gr\/wordpress\/wp-admin\/admin-ajax.php\" data-description=\"Abdominal - Vajinal ultrason\" rel=\"nofollow\" data-mailto=\"\"><i class=\"fa-ssbs fa-ssbs-fw fa-ssbs-envelope-o\"><\/i><div class=\"counter-wrap standard\"><span class=\"counter\">0<\/span><\/div><\/a><a data-networks=\"[]\" class=\"social-sharing-button sharer-flat sharer-flat-2 counter-standard without-counter print\" target=\"_blank\" title=\"Print\" href=\"#\" data-main-href=\"#\" data-nid=\"14\" data-name=\"\" data-pid=\"1\" data-post-id=\"1501\" data-url=\"https:\/\/gynob-prapa.gr\/wordpress\/wp-admin\/admin-ajax.php\" data-description=\"Abdominal - Vajinal ultrason\" rel=\"nofollow\" data-mailto=\"\"><i class=\"fa-ssbs fa-ssbs-fw fa-ssbs-print\"><\/i><div class=\"counter-wrap standard\"><span class=\"counter\">0<\/span><\/div><\/a><\/div>","protected":false},"excerpt":{"rendered":"<p>[vc_row][vc_column][vc_column_text]Abdominal ultrason \u015fu durumlarda yap\u0131l\u0131r: \u00c7ocukluk ve ergenlik d\u00f6neminde Hi\u00e7 cinsel ili\u015fkiye girmemi\u015f her ya\u015ftaki kad\u0131nda Transvajinal muayeneyi imkans\u0131z k\u0131lan vajinal ameliyat ge\u00e7irmi\u015f kad\u0131nlarda Hamileli\u011fin 4. ay\u0131ndan itibaren Daha iyi ve daha g\u00fcvenilir bir te\u015fhis i\u00e7in gerekli olan vajinal ultrason ile kombinasyon halinde A\u015fa\u011f\u0131daki durumlarda vajinal ultrason yap\u0131l\u0131r: \u00d6nlemolarak yap\u0131lan jinekolojik rutin muayene Acil durumlarda [&hellip;]<\/p>\n<div data-animation=\"no-animation\" data-icons-animation=\"no-animation\" data-overlay=\"\" data-change-size=\"\" data-button-size=\"1\" style=\"font-size:1em!important;display:none;\" class=\"supsystic-social-sharing supsystic-social-sharing-package-flat supsystic-social-sharing-hide-on-homepage supsystic-social-sharing-spacing supsystic-social-sharing-content supsystic-social-sharing-content-align-left\" data-text=\"\"><a data-networks=\"[]\" class=\"social-sharing-button sharer-flat sharer-flat-2 counter-standard without-counter facebook\" target=\"_blank\" title=\"Facebook\" href=\"http:\/\/www.facebook.com\/sharer.php?u=https%3A%2F%2Fgynob-prapa.gr%2Ftr%2Fjinekoloji%2Fonlem-rutin-kontroller%2Fabdominal-vajinal-ultrason%2F\" data-main-href=\"http:\/\/www.facebook.com\/sharer.php?u={url}\" data-nid=\"1\" data-name=\"\" data-pid=\"1\" data-post-id=\"1501\" data-url=\"https:\/\/gynob-prapa.gr\/wordpress\/wp-admin\/admin-ajax.php\" data-description=\"Abdominal - Vajinal ultrason\" rel=\"nofollow\" data-mailto=\"\"><i class=\"fa-ssbs fa-ssbs-fw fa-ssbs-facebook\"><\/i><div class=\"counter-wrap standard\"><span class=\"counter\">0<\/span><\/div><\/a><a data-networks=\"[]\" class=\"social-sharing-button sharer-flat sharer-flat-2 counter-standard without-counter twitter\" target=\"_blank\" title=\"Twitter\" href=\"https:\/\/twitter.com\/share?url=https%3A%2F%2Fgynob-prapa.gr%2Ftr%2Fjinekoloji%2Fonlem-rutin-kontroller%2Fabdominal-vajinal-ultrason%2F&text=Abdominal+%26%238211%3B+Vajinal+ultrason\" data-main-href=\"https:\/\/twitter.com\/share?url={url}&text={title}\" data-nid=\"2\" data-name=\"\" data-pid=\"1\" data-post-id=\"1501\" data-url=\"https:\/\/gynob-prapa.gr\/wordpress\/wp-admin\/admin-ajax.php\" data-description=\"Abdominal - Vajinal ultrason\" rel=\"nofollow\" data-mailto=\"\"><i class=\"fa-ssbs fa-ssbs-fw fa-ssbs-twitter\"><\/i><div class=\"counter-wrap standard\"><span class=\"counter\">0<\/span><\/div><\/a><a data-networks=\"[]\" class=\"social-sharing-button sharer-flat sharer-flat-2 counter-standard without-counter mail\" target=\"_blank\" title=\"Mail\" href=\"#\" data-main-href=\"#\" data-nid=\"16\" data-name=\"\" data-pid=\"1\" data-post-id=\"1501\" data-url=\"https:\/\/gynob-prapa.gr\/wordpress\/wp-admin\/admin-ajax.php\" data-description=\"Abdominal - Vajinal ultrason\" rel=\"nofollow\" data-mailto=\"\"><i class=\"fa-ssbs fa-ssbs-fw fa-ssbs-envelope-o\"><\/i><div class=\"counter-wrap standard\"><span class=\"counter\">0<\/span><\/div><\/a><a data-networks=\"[]\" class=\"social-sharing-button sharer-flat sharer-flat-2 counter-standard without-counter print\" target=\"_blank\" title=\"Print\" href=\"#\" data-main-href=\"#\" data-nid=\"14\" data-name=\"\" data-pid=\"1\" data-post-id=\"1501\" data-url=\"https:\/\/gynob-prapa.gr\/wordpress\/wp-admin\/admin-ajax.php\" data-description=\"Abdominal - Vajinal ultrason\" rel=\"nofollow\" data-mailto=\"\"><i class=\"fa-ssbs fa-ssbs-fw fa-ssbs-print\"><\/i><div class=\"counter-wrap standard\"><span class=\"counter\">0<\/span><\/div><\/a><\/div>","protected":false},"author":2,"featured_media":0,"parent":1481,"menu_order":3,"comment_status":"closed","ping_status":"closed","template":"","meta":[],"_links":{"self":[{"href":"https:\/\/gynob-prapa.gr\/tr\/wp-json\/wp\/v2\/pages\/1501\/"}],"collection":[{"href":"https:\/\/gynob-prapa.gr\/tr\/wp-json\/wp\/v2\/pages\/"}],"about":[{"href":"https:\/\/gynob-prapa.gr\/tr\/wp-json\/wp\/v2\/types\/page\/"}],"author":[{"embeddable":true,"href":"https:\/\/gynob-prapa.gr\/tr\/wp-json\/wp\/v2\/users\/2\/"}],"replies":[{"embeddable":true,"href":"https:\/\/gynob-prapa.gr\/tr\/wp-json\/wp\/v2\/comments\/?post=1501"}],"version-history":[{"count":3,"href":"https:\/\/gynob-prapa.gr\/tr\/wp-json\/wp\/v2\/pages\/1501\/revisions\/"}],"predecessor-version":[{"id":1508,"href":"https:\/\/gynob-prapa.gr\/tr\/wp-json\/wp\/v2\/pages\/1501\/revisions\/1508\/"}],"up":[{"embeddable":true,"href":"https:\/\/gynob-prapa.gr\/tr\/wp-json\/wp\/v2\/pages\/1481\/"}],"wp:attachment":[{"href":"https:\/\/gynob-prapa.gr\/tr\/wp-json\/wp\/v2\/media\/?parent=1501"}],"curies":[{"name":"wp","href":"https:\/\/api.w.org\/{rel}","templated":true}]}}