{"id":1482,"date":"2020-10-19T11:48:29","date_gmt":"2020-10-19T09:48:29","guid":{"rendered":"https:\/\/gynob-prapa.gr\/?page_id=1482"},"modified":"2020-10-19T11:48:29","modified_gmt":"2020-10-19T09:48:29","slug":"pap-testi-ince-hazirlik","status":"publish","type":"page","link":"https:\/\/gynob-prapa.gr\/tr\/jinekoloji\/onlem-rutin-kontroller\/pap-testi-ince-hazirlik\/","title":{"rendered":"Pap testi &#8211; \u0130nce Haz\u0131rl\u0131k"},"content":{"rendered":"<p>Doktor biyolog olan ilk ara\u015ft\u0131rmac\u0131n\u0131n ad\u0131n\u0131 ta\u015f\u0131yan Pap testi, \u0130nce haz\u0131rl\u0131k Pap testi rahim a\u011fz\u0131 kanserini \u00f6nlemek i\u00e7in yap\u0131lan bir testtir.<\/p>\n<p>Test, \u00f6zel f\u0131r\u00e7alarla &#8211; rahim a\u011fz\u0131n\u0131n \u00e7e\u015fitli yerlerinden pamuklu \u00e7ubuklar yard\u0131m\u0131 ile yap\u0131l\u0131r. \u0130ki t\u00fcr y\u00f6ntem vard\u0131r. Klasik-geleneksel Pap testi ve \u0130nce haz\u0131rl\u0131k Pap testi (s\u0131v\u0131 sitoloji).<\/p>\n<p>i\u015flem, d\u00f6ng\u00fcn\u00fcn herhangi bir g\u00fcn\u00fcnde ger\u00e7ekle\u015fir. Dengeli bir d\u00f6ng\u00fcye sahip kad\u0131nlarda yumurtlama d\u00f6nemini, yani do\u011furganl\u0131k g\u00fcnlerini tercih ederiz. Dengesiz d\u00f6ng\u00fcs\u00fc olan veya menopozdaki kad\u0131nlarda ay\u0131n herhangi bir g\u00fcn\u00fc al\u0131n\u0131r. Ko\u015fullar vajinal kanaman\u0131n olmamas\u0131 (damla kanl\u0131 &#8211; kahverengi salg\u0131), kad\u0131n\u0131n vajinit hastas\u0131 olmamas\u0131 ve en az 24 saat \u00f6nce cinsel ili\u015fkiye girmemi\u015f olmas\u0131d\u0131r.<\/p>\n<p>Sitolo\u011fun inceleyece\u011fi h\u00fccreler bize kad\u0131n\u0131n sa\u011fl\u0131\u011f\u0131 ve \u00f6zellikle vajina ve serviks hakk\u0131nda bilgi verecektir. Basit iltihaplardan kanser \u00f6ncesi ve kanserli lezyonlara kadar tespit edilirler. Pap testi rahim a\u011fz\u0131 kanseri i\u00e7in en temel tarama testidir ve kad\u0131n cinsel olarak aktif oldu\u011fu s\u00fcrece her ya\u015fta en az y\u0131lda bir kez yap\u0131lmal\u0131d\u0131r.<\/p>\n<div data-animation=\"no-animation\" data-icons-animation=\"no-animation\" data-overlay=\"\" data-change-size=\"\" data-button-size=\"1\" style=\"font-size:1em!important;display:none;\" class=\"supsystic-social-sharing supsystic-social-sharing-package-flat supsystic-social-sharing-hide-on-homepage supsystic-social-sharing-spacing supsystic-social-sharing-content supsystic-social-sharing-content-align-left\" data-text=\"\"><a data-networks=\"[]\" class=\"social-sharing-button sharer-flat sharer-flat-2 counter-standard without-counter facebook\" target=\"_blank\" title=\"Facebook\" href=\"http:\/\/www.facebook.com\/sharer.php?u=https%3A%2F%2Fgynob-prapa.gr%2Ftr%2Fjinekoloji%2Fonlem-rutin-kontroller%2Fpap-testi-ince-hazirlik%2F\" data-main-href=\"http:\/\/www.facebook.com\/sharer.php?u={url}\" data-nid=\"1\" data-name=\"\" data-pid=\"1\" data-post-id=\"1482\" data-url=\"https:\/\/gynob-prapa.gr\/wordpress\/wp-admin\/admin-ajax.php\" data-description=\"Pap testi - \u0130nce Haz\u0131rl\u0131k\" rel=\"nofollow\" data-mailto=\"\"><i class=\"fa-ssbs fa-ssbs-fw fa-ssbs-facebook\"><\/i><div class=\"counter-wrap standard\"><span class=\"counter\">0<\/span><\/div><\/a><a data-networks=\"[]\" class=\"social-sharing-button sharer-flat sharer-flat-2 counter-standard without-counter twitter\" target=\"_blank\" title=\"Twitter\" href=\"https:\/\/twitter.com\/share?url=https%3A%2F%2Fgynob-prapa.gr%2Ftr%2Fjinekoloji%2Fonlem-rutin-kontroller%2Fpap-testi-ince-hazirlik%2F&text=Pap+testi+%26%238211%3B+%C4%B0nce+Haz%C4%B1rl%C4%B1k\" data-main-href=\"https:\/\/twitter.com\/share?url={url}&text={title}\" data-nid=\"2\" data-name=\"\" data-pid=\"1\" data-post-id=\"1482\" data-url=\"https:\/\/gynob-prapa.gr\/wordpress\/wp-admin\/admin-ajax.php\" data-description=\"Pap testi - \u0130nce Haz\u0131rl\u0131k\" rel=\"nofollow\" data-mailto=\"\"><i class=\"fa-ssbs fa-ssbs-fw fa-ssbs-twitter\"><\/i><div class=\"counter-wrap standard\"><span class=\"counter\">0<\/span><\/div><\/a><a data-networks=\"[]\" class=\"social-sharing-button sharer-flat sharer-flat-2 counter-standard without-counter mail\" target=\"_blank\" title=\"Mail\" href=\"#\" data-main-href=\"#\" data-nid=\"16\" data-name=\"\" data-pid=\"1\" data-post-id=\"1482\" data-url=\"https:\/\/gynob-prapa.gr\/wordpress\/wp-admin\/admin-ajax.php\" data-description=\"Pap testi - \u0130nce Haz\u0131rl\u0131k\" rel=\"nofollow\" data-mailto=\"\"><i class=\"fa-ssbs fa-ssbs-fw fa-ssbs-envelope-o\"><\/i><div class=\"counter-wrap standard\"><span class=\"counter\">0<\/span><\/div><\/a><a data-networks=\"[]\" class=\"social-sharing-button sharer-flat sharer-flat-2 counter-standard without-counter print\" target=\"_blank\" title=\"Print\" href=\"#\" data-main-href=\"#\" data-nid=\"14\" data-name=\"\" data-pid=\"1\" data-post-id=\"1482\" data-url=\"https:\/\/gynob-prapa.gr\/wordpress\/wp-admin\/admin-ajax.php\" data-description=\"Pap testi - \u0130nce Haz\u0131rl\u0131k\" rel=\"nofollow\" data-mailto=\"\"><i class=\"fa-ssbs fa-ssbs-fw fa-ssbs-print\"><\/i><div class=\"counter-wrap standard\"><span class=\"counter\">0<\/span><\/div><\/a><\/div>","protected":false},"excerpt":{"rendered":"<p>Doktor biyolog olan ilk ara\u015ft\u0131rmac\u0131n\u0131n ad\u0131n\u0131 ta\u015f\u0131yan Pap testi, \u0130nce haz\u0131rl\u0131k Pap testi rahim a\u011fz\u0131 kanserini \u00f6nlemek i\u00e7in yap\u0131lan bir testtir. Test, \u00f6zel f\u0131r\u00e7alarla &#8211; rahim a\u011fz\u0131n\u0131n \u00e7e\u015fitli yerlerinden pamuklu \u00e7ubuklar yard\u0131m\u0131 ile yap\u0131l\u0131r. \u0130ki t\u00fcr y\u00f6ntem vard\u0131r. Klasik-geleneksel Pap testi ve \u0130nce haz\u0131rl\u0131k Pap testi (s\u0131v\u0131 sitoloji). i\u015flem, d\u00f6ng\u00fcn\u00fcn herhangi bir g\u00fcn\u00fcnde ger\u00e7ekle\u015fir. Dengeli [&hellip;]<\/p>\n<div data-animation=\"no-animation\" data-icons-animation=\"no-animation\" data-overlay=\"\" data-change-size=\"\" data-button-size=\"1\" style=\"font-size:1em!important;display:none;\" class=\"supsystic-social-sharing supsystic-social-sharing-package-flat supsystic-social-sharing-hide-on-homepage supsystic-social-sharing-spacing supsystic-social-sharing-content supsystic-social-sharing-content-align-left\" data-text=\"\"><a data-networks=\"[]\" class=\"social-sharing-button sharer-flat sharer-flat-2 counter-standard without-counter facebook\" target=\"_blank\" title=\"Facebook\" href=\"http:\/\/www.facebook.com\/sharer.php?u=https%3A%2F%2Fgynob-prapa.gr%2Ftr%2Fjinekoloji%2Fonlem-rutin-kontroller%2Fpap-testi-ince-hazirlik%2F\" data-main-href=\"http:\/\/www.facebook.com\/sharer.php?u={url}\" data-nid=\"1\" data-name=\"\" data-pid=\"1\" data-post-id=\"1482\" data-url=\"https:\/\/gynob-prapa.gr\/wordpress\/wp-admin\/admin-ajax.php\" data-description=\"Pap testi - \u0130nce Haz\u0131rl\u0131k\" rel=\"nofollow\" data-mailto=\"\"><i class=\"fa-ssbs fa-ssbs-fw fa-ssbs-facebook\"><\/i><div class=\"counter-wrap standard\"><span class=\"counter\">0<\/span><\/div><\/a><a data-networks=\"[]\" class=\"social-sharing-button sharer-flat sharer-flat-2 counter-standard without-counter twitter\" target=\"_blank\" title=\"Twitter\" href=\"https:\/\/twitter.com\/share?url=https%3A%2F%2Fgynob-prapa.gr%2Ftr%2Fjinekoloji%2Fonlem-rutin-kontroller%2Fpap-testi-ince-hazirlik%2F&text=Pap+testi+%26%238211%3B+%C4%B0nce+Haz%C4%B1rl%C4%B1k\" data-main-href=\"https:\/\/twitter.com\/share?url={url}&text={title}\" data-nid=\"2\" data-name=\"\" data-pid=\"1\" data-post-id=\"1482\" data-url=\"https:\/\/gynob-prapa.gr\/wordpress\/wp-admin\/admin-ajax.php\" data-description=\"Pap testi - \u0130nce Haz\u0131rl\u0131k\" rel=\"nofollow\" data-mailto=\"\"><i class=\"fa-ssbs fa-ssbs-fw fa-ssbs-twitter\"><\/i><div class=\"counter-wrap standard\"><span class=\"counter\">0<\/span><\/div><\/a><a data-networks=\"[]\" class=\"social-sharing-button sharer-flat sharer-flat-2 counter-standard without-counter mail\" target=\"_blank\" title=\"Mail\" href=\"#\" data-main-href=\"#\" data-nid=\"16\" data-name=\"\" data-pid=\"1\" data-post-id=\"1482\" data-url=\"https:\/\/gynob-prapa.gr\/wordpress\/wp-admin\/admin-ajax.php\" data-description=\"Pap testi - \u0130nce Haz\u0131rl\u0131k\" rel=\"nofollow\" data-mailto=\"\"><i class=\"fa-ssbs fa-ssbs-fw fa-ssbs-envelope-o\"><\/i><div class=\"counter-wrap standard\"><span class=\"counter\">0<\/span><\/div><\/a><a data-networks=\"[]\" class=\"social-sharing-button sharer-flat sharer-flat-2 counter-standard without-counter print\" target=\"_blank\" title=\"Print\" href=\"#\" data-main-href=\"#\" data-nid=\"14\" data-name=\"\" data-pid=\"1\" data-post-id=\"1482\" data-url=\"https:\/\/gynob-prapa.gr\/wordpress\/wp-admin\/admin-ajax.php\" data-description=\"Pap testi - \u0130nce Haz\u0131rl\u0131k\" rel=\"nofollow\" data-mailto=\"\"><i class=\"fa-ssbs fa-ssbs-fw fa-ssbs-print\"><\/i><div class=\"counter-wrap standard\"><span class=\"counter\">0<\/span><\/div><\/a><\/div>","protected":false},"author":2,"featured_media":0,"parent":1481,"menu_order":1,"comment_status":"closed","ping_status":"closed","template":"","meta":[],"_links":{"self":[{"href":"https:\/\/gynob-prapa.gr\/tr\/wp-json\/wp\/v2\/pages\/1482\/"}],"collection":[{"href":"https:\/\/gynob-prapa.gr\/tr\/wp-json\/wp\/v2\/pages\/"}],"about":[{"href":"https:\/\/gynob-prapa.gr\/tr\/wp-json\/wp\/v2\/types\/page\/"}],"author":[{"embeddable":true,"href":"https:\/\/gynob-prapa.gr\/tr\/wp-json\/wp\/v2\/users\/2\/"}],"replies":[{"embeddable":true,"href":"https:\/\/gynob-prapa.gr\/tr\/wp-json\/wp\/v2\/comments\/?post=1482"}],"version-history":[{"count":2,"href":"https:\/\/gynob-prapa.gr\/tr\/wp-json\/wp\/v2\/pages\/1482\/revisions\/"}],"predecessor-version":[{"id":1498,"href":"https:\/\/gynob-prapa.gr\/tr\/wp-json\/wp\/v2\/pages\/1482\/revisions\/1498\/"}],"up":[{"embeddable":true,"href":"https:\/\/gynob-prapa.gr\/tr\/wp-json\/wp\/v2\/pages\/1481\/"}],"wp:attachment":[{"href":"https:\/\/gynob-prapa.gr\/tr\/wp-json\/wp\/v2\/media\/?parent=1482"}],"curies":[{"name":"wp","href":"https:\/\/api.w.org\/{rel}","templated":true}]}}