{"id":1480,"date":"2020-10-19T11:49:34","date_gmt":"2020-10-19T09:49:34","guid":{"rendered":"https:\/\/gynob-prapa.gr\/?page_id=1480"},"modified":"2020-10-19T11:49:34","modified_gmt":"2020-10-19T09:49:34","slug":"kolposkopi-hpv-testi","status":"publish","type":"page","link":"https:\/\/gynob-prapa.gr\/tr\/jinekoloji\/onlem-rutin-kontroller\/kolposkopi-hpv-testi\/","title":{"rendered":"Kolposkopi &#8211; HPV testi"},"content":{"rendered":"<p>Serviksin ayr\u0131nt\u0131l\u0131 ve \u00f6zel muayenesi, kolposkop mikroskobu, bir \u0131\u015f\u0131k kayna\u011f\u0131 ve rahim a\u011fz\u0131n\u0131n kapsaml\u0131 bir \u015fekilde g\u00f6r\u00fcnt\u00fclenmesi ve b\u00fcy\u00fct\u00fclmesi i\u00e7in b\u00fcy\u00fctme lensleri i\u00e7eren \u00f6zel bir makine ile ger\u00e7ekle\u015ftirilir.<\/p>\n<p>Rahim a\u011fz\u0131n\u0131n kolposkopisi, Pap testinin patolojik bulgular\u0131 durumunda veya hatta rahim a\u011fz\u0131n\u0131n patolojik bir klinik tablosunda yap\u0131l\u0131r. Serviksin patolojisi, akut veya kronik iltihaplar\u0131, malformasyonlar\u0131n g\u00f6stergelerini &#8211; prekanser\u00f6z lezyonlar\u0131n yan\u0131 s\u0131ra serviks ve vajinan\u0131n morfolojik lezyonlar\u0131n\u0131 i\u00e7erir. Serviksin asetik asit sol\u00fcsyonu ve Lugol iyot sol\u00fcsyonu ile \u00f6zel olarak boyanmas\u0131ndan sonra bulgular kaydedilir ve tetkik servikal biyopsi, histolojik inceleme i\u00e7in patolojik b\u00f6lgelerden al\u0131nan doku \u00f6rnekleri ile desteklenir.<\/p>\n<div data-animation=\"no-animation\" data-icons-animation=\"no-animation\" data-overlay=\"\" data-change-size=\"\" data-button-size=\"1\" style=\"font-size:1em!important;display:none;\" class=\"supsystic-social-sharing supsystic-social-sharing-package-flat supsystic-social-sharing-hide-on-homepage supsystic-social-sharing-spacing supsystic-social-sharing-content supsystic-social-sharing-content-align-left\" data-text=\"\"><a data-networks=\"[]\" class=\"social-sharing-button sharer-flat sharer-flat-2 counter-standard without-counter facebook\" target=\"_blank\" title=\"Facebook\" href=\"http:\/\/www.facebook.com\/sharer.php?u=https%3A%2F%2Fgynob-prapa.gr%2Ftr%2Fjinekoloji%2Fonlem-rutin-kontroller%2Fkolposkopi-hpv-testi%2F\" data-main-href=\"http:\/\/www.facebook.com\/sharer.php?u={url}\" data-nid=\"1\" data-name=\"\" data-pid=\"1\" data-post-id=\"1480\" data-url=\"https:\/\/gynob-prapa.gr\/wordpress\/wp-admin\/admin-ajax.php\" data-description=\"Kolposkopi - HPV testi\" rel=\"nofollow\" data-mailto=\"\"><i class=\"fa-ssbs fa-ssbs-fw fa-ssbs-facebook\"><\/i><div class=\"counter-wrap standard\"><span class=\"counter\">0<\/span><\/div><\/a><a data-networks=\"[]\" class=\"social-sharing-button sharer-flat sharer-flat-2 counter-standard without-counter twitter\" target=\"_blank\" title=\"Twitter\" href=\"https:\/\/twitter.com\/share?url=https%3A%2F%2Fgynob-prapa.gr%2Ftr%2Fjinekoloji%2Fonlem-rutin-kontroller%2Fkolposkopi-hpv-testi%2F&text=Kolposkopi+%26%238211%3B+HPV+testi\" data-main-href=\"https:\/\/twitter.com\/share?url={url}&text={title}\" data-nid=\"2\" data-name=\"\" data-pid=\"1\" data-post-id=\"1480\" data-url=\"https:\/\/gynob-prapa.gr\/wordpress\/wp-admin\/admin-ajax.php\" data-description=\"Kolposkopi - HPV testi\" rel=\"nofollow\" data-mailto=\"\"><i class=\"fa-ssbs fa-ssbs-fw fa-ssbs-twitter\"><\/i><div class=\"counter-wrap standard\"><span class=\"counter\">0<\/span><\/div><\/a><a data-networks=\"[]\" class=\"social-sharing-button sharer-flat sharer-flat-2 counter-standard without-counter mail\" target=\"_blank\" title=\"Mail\" href=\"#\" data-main-href=\"#\" data-nid=\"16\" data-name=\"\" data-pid=\"1\" data-post-id=\"1480\" data-url=\"https:\/\/gynob-prapa.gr\/wordpress\/wp-admin\/admin-ajax.php\" data-description=\"Kolposkopi - HPV testi\" rel=\"nofollow\" data-mailto=\"\"><i class=\"fa-ssbs fa-ssbs-fw fa-ssbs-envelope-o\"><\/i><div class=\"counter-wrap standard\"><span class=\"counter\">0<\/span><\/div><\/a><a data-networks=\"[]\" class=\"social-sharing-button sharer-flat sharer-flat-2 counter-standard without-counter print\" target=\"_blank\" title=\"Print\" href=\"#\" data-main-href=\"#\" data-nid=\"14\" data-name=\"\" data-pid=\"1\" data-post-id=\"1480\" data-url=\"https:\/\/gynob-prapa.gr\/wordpress\/wp-admin\/admin-ajax.php\" data-description=\"Kolposkopi - HPV testi\" rel=\"nofollow\" data-mailto=\"\"><i class=\"fa-ssbs fa-ssbs-fw fa-ssbs-print\"><\/i><div class=\"counter-wrap standard\"><span class=\"counter\">0<\/span><\/div><\/a><\/div>","protected":false},"excerpt":{"rendered":"<p>Serviksin ayr\u0131nt\u0131l\u0131 ve \u00f6zel muayenesi, kolposkop mikroskobu, bir \u0131\u015f\u0131k kayna\u011f\u0131 ve rahim a\u011fz\u0131n\u0131n kapsaml\u0131 bir \u015fekilde g\u00f6r\u00fcnt\u00fclenmesi ve b\u00fcy\u00fct\u00fclmesi i\u00e7in b\u00fcy\u00fctme lensleri i\u00e7eren \u00f6zel bir makine ile ger\u00e7ekle\u015ftirilir. Rahim a\u011fz\u0131n\u0131n kolposkopisi, Pap testinin patolojik bulgular\u0131 durumunda veya hatta rahim a\u011fz\u0131n\u0131n patolojik bir klinik tablosunda yap\u0131l\u0131r. Serviksin patolojisi, akut veya kronik iltihaplar\u0131, malformasyonlar\u0131n g\u00f6stergelerini &#8211; prekanser\u00f6z [&hellip;]<\/p>\n<div data-animation=\"no-animation\" data-icons-animation=\"no-animation\" data-overlay=\"\" data-change-size=\"\" data-button-size=\"1\" style=\"font-size:1em!important;display:none;\" class=\"supsystic-social-sharing supsystic-social-sharing-package-flat supsystic-social-sharing-hide-on-homepage supsystic-social-sharing-spacing supsystic-social-sharing-content supsystic-social-sharing-content-align-left\" data-text=\"\"><a data-networks=\"[]\" class=\"social-sharing-button sharer-flat sharer-flat-2 counter-standard without-counter facebook\" target=\"_blank\" title=\"Facebook\" href=\"http:\/\/www.facebook.com\/sharer.php?u=https%3A%2F%2Fgynob-prapa.gr%2Ftr%2Fjinekoloji%2Fonlem-rutin-kontroller%2Fkolposkopi-hpv-testi%2F\" data-main-href=\"http:\/\/www.facebook.com\/sharer.php?u={url}\" data-nid=\"1\" data-name=\"\" data-pid=\"1\" data-post-id=\"1480\" data-url=\"https:\/\/gynob-prapa.gr\/wordpress\/wp-admin\/admin-ajax.php\" data-description=\"Kolposkopi - HPV testi\" rel=\"nofollow\" data-mailto=\"\"><i class=\"fa-ssbs fa-ssbs-fw fa-ssbs-facebook\"><\/i><div class=\"counter-wrap standard\"><span class=\"counter\">0<\/span><\/div><\/a><a data-networks=\"[]\" class=\"social-sharing-button sharer-flat sharer-flat-2 counter-standard without-counter twitter\" target=\"_blank\" title=\"Twitter\" href=\"https:\/\/twitter.com\/share?url=https%3A%2F%2Fgynob-prapa.gr%2Ftr%2Fjinekoloji%2Fonlem-rutin-kontroller%2Fkolposkopi-hpv-testi%2F&text=Kolposkopi+%26%238211%3B+HPV+testi\" data-main-href=\"https:\/\/twitter.com\/share?url={url}&text={title}\" data-nid=\"2\" data-name=\"\" data-pid=\"1\" data-post-id=\"1480\" data-url=\"https:\/\/gynob-prapa.gr\/wordpress\/wp-admin\/admin-ajax.php\" data-description=\"Kolposkopi - HPV testi\" rel=\"nofollow\" data-mailto=\"\"><i class=\"fa-ssbs fa-ssbs-fw fa-ssbs-twitter\"><\/i><div class=\"counter-wrap standard\"><span class=\"counter\">0<\/span><\/div><\/a><a data-networks=\"[]\" class=\"social-sharing-button sharer-flat sharer-flat-2 counter-standard without-counter mail\" target=\"_blank\" title=\"Mail\" href=\"#\" data-main-href=\"#\" data-nid=\"16\" data-name=\"\" data-pid=\"1\" data-post-id=\"1480\" data-url=\"https:\/\/gynob-prapa.gr\/wordpress\/wp-admin\/admin-ajax.php\" data-description=\"Kolposkopi - HPV testi\" rel=\"nofollow\" data-mailto=\"\"><i class=\"fa-ssbs fa-ssbs-fw fa-ssbs-envelope-o\"><\/i><div class=\"counter-wrap standard\"><span class=\"counter\">0<\/span><\/div><\/a><a data-networks=\"[]\" class=\"social-sharing-button sharer-flat sharer-flat-2 counter-standard without-counter print\" target=\"_blank\" title=\"Print\" href=\"#\" data-main-href=\"#\" data-nid=\"14\" data-name=\"\" data-pid=\"1\" data-post-id=\"1480\" data-url=\"https:\/\/gynob-prapa.gr\/wordpress\/wp-admin\/admin-ajax.php\" data-description=\"Kolposkopi - HPV testi\" rel=\"nofollow\" data-mailto=\"\"><i class=\"fa-ssbs fa-ssbs-fw fa-ssbs-print\"><\/i><div class=\"counter-wrap standard\"><span class=\"counter\">0<\/span><\/div><\/a><\/div>","protected":false},"author":2,"featured_media":0,"parent":1481,"menu_order":2,"comment_status":"closed","ping_status":"closed","template":"","meta":[],"_links":{"self":[{"href":"https:\/\/gynob-prapa.gr\/tr\/wp-json\/wp\/v2\/pages\/1480\/"}],"collection":[{"href":"https:\/\/gynob-prapa.gr\/tr\/wp-json\/wp\/v2\/pages\/"}],"about":[{"href":"https:\/\/gynob-prapa.gr\/tr\/wp-json\/wp\/v2\/types\/page\/"}],"author":[{"embeddable":true,"href":"https:\/\/gynob-prapa.gr\/tr\/wp-json\/wp\/v2\/users\/2\/"}],"replies":[{"embeddable":true,"href":"https:\/\/gynob-prapa.gr\/tr\/wp-json\/wp\/v2\/comments\/?post=1480"}],"version-history":[{"count":2,"href":"https:\/\/gynob-prapa.gr\/tr\/wp-json\/wp\/v2\/pages\/1480\/revisions\/"}],"predecessor-version":[{"id":1500,"href":"https:\/\/gynob-prapa.gr\/tr\/wp-json\/wp\/v2\/pages\/1480\/revisions\/1500\/"}],"up":[{"embeddable":true,"href":"https:\/\/gynob-prapa.gr\/tr\/wp-json\/wp\/v2\/pages\/1481\/"}],"wp:attachment":[{"href":"https:\/\/gynob-prapa.gr\/tr\/wp-json\/wp\/v2\/media\/?parent=1480"}],"curies":[{"name":"wp","href":"https:\/\/api.w.org\/{rel}","templated":true}]}}