{"id":1479,"date":"2020-10-19T11:43:16","date_gmt":"2020-10-19T09:43:16","guid":{"rendered":"https:\/\/gynob-prapa.gr\/?page_id=1479"},"modified":"2022-05-10T13:13:14","modified_gmt":"2022-05-10T11:13:14","slug":"doctor","status":"publish","type":"page","link":"https:\/\/gynob-prapa.gr\/tr\/doctor\/","title":{"rendered":"Doctor"},"content":{"rendered":"<p>[vc_row][vc_column width=&#8221;1\/4&#8243;][vc_single_image image=&#8221;1490&#8243; img_size=&#8221;&#8221; alignment=&#8221;center&#8221; style=&#8221;vc_box_shadow&#8221;][\/vc_column][vc_column width=&#8221;3\/4&#8243;][vc_column_text]<strong>Evangelia Prapa<\/strong><\/p>\n<p>Do\u011fum Uzman\u0131 &#8211; Jinekolok Cerrah<\/p>\n<p><strong>Email<\/strong><strong>:\u00a0<\/strong>info@gynob-prapa.gr[\/vc_column_text][\/vc_column][\/vc_row][vc_row][vc_column][vc_tta_tour][vc_tta_section i_icon_fontawesome=&#8221;fa fa-graduation-cap&#8221; add_icon=&#8221;true&#8221; title=&#8221;\u00d6ZGE\u00c7MIS&#8221; tab_id=&#8221;bio&#8221;][vc_column_text]Modern obstetrik ve jinekoloji alan\u0131nda uzmanla\u015fan Dr. Evangelia Prapa, Karditsa, Palamas&#8217;ta do\u011fdu, b\u00fcy\u00fcd\u00fc. Ilk ve orta \u00f6\u011frenimini Almanya&#8217;n\u0131n M\u00fcnih kentinde, Scheidplatz Lisesi ve M\u00fcnih Yunan Lisesi&#8217;nde tamamlad\u0131.<\/p>\n<p>Trakya Demokritos \u00dcniversitesi T\u0131p B\u00f6l\u00fcm\u00fc mezunudur.<\/p>\n<p>1993 y\u0131l\u0131nda G\u00fcm\u00fclcine Pamforos Ziraat Klini\u011fi&#8217;nde Ziraat Hekimi olarak g\u00f6rev yapt\u0131. G\u00fcm\u00fclcine Devlet Hastanesinde Patoloji ve Cerrahi Anabilim Dal\u0131 acil servisinde acil ve zor vakalarda geni\u015f tecr\u00fcbe kazanm\u0131\u015ft\u0131r.<\/p>\n<p>1994 y\u0131l\u0131nda G\u00fcm\u00fclcine Devlet Hastanesinin Genel Cerrahi B\u00f6l\u00fcm\u00fc&#8217;nde uzman doktor olarak e\u011fitim ald\u0131. Burada \u00e7ok say\u0131da cerrahi vakada hem normal hem de acil ameliyatlarda ayr\u0131ca acil serviste ilk yard\u0131mda asistan ve cerrah olarak kat\u0131ld\u0131.<\/p>\n<p>1999 y\u0131l\u0131nda Alexandroupolis Devlet \u00dcniversite Hastanesi Kad\u0131n Hastal\u0131klar\u0131 ve Do\u011fum Anabilim Dal\u0131&#8217;nda uzman doktor olarak e\u011fitimini tamamlad\u0131, \u00f6nemli say\u0131da cerrahi jinekolojik ve obstetrik vakalarda, normal do\u011fumlarda ve sezaryen ameliyatlar\u0131nda g\u00f6rev ald\u0131. .<\/p>\n<p>2000 y\u0131l\u0131ndan beri G\u00fcm\u00fclcine \u015fehrinde \u00f6zel bir klinik doktoru olarak \u00e7al\u0131\u015fmaktad\u0131r, bireysel uzmanl\u0131k alanlar\u0131n\u0131n t\u00fcm modern t\u0131bbi hizmetlerini gerekli sayg\u0131, kurallar\u0131 \u00e7er\u00e7evesinde kullanarak, t\u0131bbi gizlili\u011fe ba\u011fl\u0131 kalarak t\u0131bbi deste\u011fe ve rehberli\u011fe ihtiya\u00e7 duyan her kad\u0131n ve \u00e7ifte ,\u00f6zg\u00fcn ve sa\u011fduyulu yakla\u015fmaktad\u0131r.<\/p>\n<p>Sertifikal\u0131 klinikler ve IVF merkezleri, mikrobiyolojik ve sitoloji laboratuvarlar\u0131 ile tedavi ve di\u011fer uzmanl\u0131k gerektiren durumlarda uzman doktorlarla i\u015fbirli\u011fi yaparak her ya\u015ftan ve \u00e7iftin kad\u0131n yarar\u0131na y\u00fcksek kaliteli t\u0131bbi hizmetler sunar.<\/p>\n<p>Doktor, KESY (Merkez Sa\u011fl\u0131k Konseyi &#8211; Ultrason Muayene Komitesi) taraf\u0131ndan yap\u0131lan ba\u015far\u0131l\u0131 muayeneler sonucunda verilen Kad\u0131n Hastal\u0131klar\u0131 ve Do\u011fum alan\u0131nda ultrason yapma lisans\u0131na sahiptir.<\/p>\n<p>Gebeli\u011fin 1. trimesterinde ultrason yeterlilik belgesi ve Kad\u0131n Hastal\u0131klar\u0131, Jinekolojsinde ultrasonunu teorik yeterlili\u011finin belgelendirilmesi (Hellenic Society of Ultrasound in Obstetrics and Gynecology).<\/p>\n<p>Hellenic Society of Ultrasound in Obstetrics and Gynecology (HELLENIC SOCIETY FOR ULTRASOUND IN OBSTETRICS &amp; GYNECOLOGY), Hellenic Obstetrics and Gynecology Society (HELLENIC SOCIETY OF OBSTETRICS &amp; GYEC) \u00fcyesidir. (PATOLOJ\u0130). Buna ek olarak, Almanya&#8217;n\u0131n Yukar\u0131 Bavyera eyaletinde uygulama lisans\u0131na sahiptir.<\/p>\n<p>Y\u00fcksek derecede bilimsel e\u011fitim, hem yurt i\u00e7inde hem de yurt d\u0131\u015f\u0131nda Panhellenic ve Uluslararas\u0131 seminerler ve konferanslara kat\u0131l\u0131m\u0131 ile s\u00fcrekli e\u011fitimini ile s\u00fcrd\u00fcr\u00fcr ve s\u00fcrekli geli\u015fmektedir.[\/vc_column_text][\/vc_tta_section][vc_tta_section i_icon_fontawesome=&#8221;fa fa-university&#8221; add_icon=&#8221;true&#8221; title=&#8221;DEVAM EDEN EGITIM&#8221; tab_id=&#8221;continious-education&#8221;][vc_column_text]<\/p>\n<table width=\"85%\">\n<tbody>\n<tr>\n<td>03\/2020<\/td>\n<td>Pregnancy and Coronavirus (COVID &#8211; 19) &#8211; Webinar, Hellenic Society of Obstetrics &amp; Gynecologic Emergency<\/td>\n<\/tr>\n<tr>\n<td>10\/2019<\/td>\n<td>Non-Surgical Hands-On Live Cases Training Course on Female Genitalia Cosmetic &amp; Aesthetic Procedures \u2013 E.S.A.G. Londra, Birle\u015fik Krall\u0131k<\/td>\n<\/tr>\n<tr>\n<td>08\/2019<\/td>\n<td>Training Course on Non-Surgical Female Genitalia Cosmetic &amp; Aesthetic Treatments \u2013 E.S.A.G. Londra, Birle\u015fik Krall\u0131k<\/td>\n<\/tr>\n<tr>\n<td>07\/2019<\/td>\n<td>European Society of Aesthetic Gynecology E.S.A.G. 4th World Congress \u2013 Edinburgh, \u0130sko\u00e7ya<\/td>\n<\/tr>\n<tr>\n<td>04\/2019<\/td>\n<td>18th World Congress of the Academy of Human Reproduction \u2013 Dublin, \u0130rlanda<\/td>\n<\/tr>\n<tr>\n<td>03\/2019<\/td>\n<td>Kardiyotokografi Konferans\u0131 &#8211; Hellenic Society of Embryo Medicine, Kavala<\/td>\n<\/tr>\n<tr>\n<td>01\/2019<\/td>\n<td>Yaz\u0131l\u0131 s\u0131navlar\u0131n ba\u015far\u0131yla tamamlanmas\u0131 &#8220;Gebeli\u011fin 3. trimesterinin Ultrason Sertifikasyonu&#8221; &#8211; Hellenic Society of Ultrasound in Obstetrics &amp; Gynecology<\/td>\n<\/tr>\n<tr>\n<td>12\/2018<\/td>\n<td>7. Obstetrik ve Jinekolojide Panhellenik Ultrason Konferans\u0131 &#8211; Divani Caravel Hotel, Atina<\/td>\n<\/tr>\n<tr>\n<td>11\/2018<\/td>\n<td>4th Europian Congress on Endometriosis \u2013 Vienna, Austria<\/td>\n<\/tr>\n<tr>\n<td>11\/2018<\/td>\n<td>Servikal Patoloji ve Kolposkopi: Sitoloji &#8211; Biyobelirte\u00e7ler &#8211; Kolposkopi Histoloji ve ileri y\u00f6netim &#8211; Vakalar\u0131n sunumu &#8211; Du Lac Hotel, Yanya<\/td>\n<\/tr>\n<tr>\n<td>06\/2018<\/td>\n<td>14. Panhelenik Kad\u0131n Hastal\u0131klar\u0131 ve Do\u011fum Konferans\u0131 &#8211; Konser Salonu, Atina<\/td>\n<\/tr>\n<tr>\n<td>04\/2018<\/td>\n<td>Alphazita, True Holistic Fertility Care Fertility retreat \u2013 Nikopolis Hotel, Selanik<\/td>\n<\/tr>\n<tr>\n<td>02\/2018<\/td>\n<td>Helenik HPV \u015eirketi 8. Panhelenik Konferans\u0131 &#8211; Makedonya Saray\u0131, Selanik<\/td>\n<\/tr>\n<tr>\n<td>11\/2017<\/td>\n<td>Approbation als \u00c4rztin \u2013 Regierung von Oberbayern<\/td>\n<\/tr>\n<tr>\n<td>11\/2017<\/td>\n<td>5th Scientific Meeting, Gynecology &amp; Infertility \u2013 Nikopolis Hotel, Selanik<\/td>\n<\/tr>\n<tr>\n<td>10\/2017<\/td>\n<td>5. Panhellenik \u00c7ocuk ve Ergen Jinekoloji Konferans\u0131 &#8211; Aigli Zappeiou<\/td>\n<\/tr>\n<tr>\n<td>04\/2017<\/td>\n<td>Kad\u0131n ve Neoplazma &#8211; Dedea\u011fa\u00e7<\/td>\n<\/tr>\n<tr>\n<td>01\/2017<\/td>\n<td>Rahim i\u00e7i hipoksi ve Yenido\u011fan Ensefalopatisi &#8211; Selanik<\/td>\n<\/tr>\n<tr>\n<td>01\/2017<\/td>\n<td>4. HPV Konferans\u0131 &#8211; Selanik<\/td>\n<\/tr>\n<tr>\n<td>09\/2016<\/td>\n<td>10th Athens Congress on Women\u2019s Health &amp; Disease<\/td>\n<\/tr>\n<tr>\n<td>02\/2016<\/td>\n<td>7th Conference of Hellenic Society<\/td>\n<\/tr>\n<tr>\n<td>10\/2015<\/td>\n<td>18th Panhellenic Conference of Perinetal Medicine &#8211; Greece<\/td>\n<\/tr>\n<tr>\n<td>09\/2015<\/td>\n<td>2nd Conference of Children and Adolescent Gynecology &#8211; Greece<\/td>\n<\/tr>\n<tr>\n<td>06\/2015<\/td>\n<td>31th Annual Meeting of ESHRE &#8211; Lisbon<\/td>\n<\/tr>\n<tr>\n<td>05\/2015<\/td>\n<td>13th Panhellenic Conference of Obstetrics and Gynecology &#8211; Greece<\/td>\n<\/tr>\n<tr>\n<td>01\/2015<\/td>\n<td>2o HPV Congress \u2013 Hellenic HPV Society &#8211; Greece<\/td>\n<\/tr>\n<tr>\n<td>10\/2014<\/td>\n<td>Emergencies in the Hall of Parturition (AUTH) &#8211; Greece<\/td>\n<\/tr>\n<tr>\n<td>08\/2014<\/td>\n<td>9th Congress on Women\u0384s Health &amp; Disease &#8211; Greece<\/td>\n<\/tr>\n<tr>\n<td>11\/2013<\/td>\n<td>17th Panhellenic Conference of Perinatal Medicine &#8211; Greece<\/td>\n<\/tr>\n<tr>\n<td>03\/2013<\/td>\n<td>4th Pangellenic Conference of Ultrasound in Obstetrics and Gynecology &amp; 5th Congress of the South East European Society of Perinatal Medicine &#8211; Greece<\/td>\n<\/tr>\n<tr>\n<td>01\/2013<\/td>\n<td>7th Panhellenic Conference of Gynecological Oncology &#8211; Greece<\/td>\n<\/tr>\n<tr>\n<td>09\/2012<\/td>\n<td>5th Session of Hellenic Association of Research and Confrontation- Associated Diseases in Women and Men &#8211; Greece<\/td>\n<\/tr>\n<tr>\n<td>08\/2012<\/td>\n<td>The Fetus as a Patient &#8211; Greece<\/td>\n<\/tr>\n<tr>\n<td>05\/2012<\/td>\n<td>12th Panhellenic Conference in Obstetrics&amp;Gynecology &#8211; Greece<\/td>\n<\/tr>\n<tr>\n<td>10\/2011<\/td>\n<td>16th Hellenic Conference of Perinatal Medicine &#8211; Greece<\/td>\n<\/tr>\n<tr>\n<td>05\/2011<\/td>\n<td>Primary and Secondary Prevention of Gynecological Cancer (AUTH) &#8211; Greece<\/td>\n<\/tr>\n<tr>\n<td>02\/2011<\/td>\n<td>Kidney Specialist as Consultant \u2013II, Nefrology Clinic of Democritus University of Thrace (DUTH) &#8211; Greece<\/td>\n<\/tr>\n<tr>\n<td>10\/2010<\/td>\n<td>4th Panhellenic Conference of Fertility and Infertility Hellenic Company &#8211; Greece<\/td>\n<\/tr>\n<tr>\n<td>02\/2010<\/td>\n<td>Panhellenic Conference of Family Planning \u201cMulticulturalism, Religiosity Sexual &amp; Reproductive Health\u201d &#8211; Greece<\/td>\n<\/tr>\n<tr>\n<td>01\/2010<\/td>\n<td>3rd Session of Hellenic Association of Research and Confontation of HPV, infection-testing-vaccination &#8211; Greece<\/td>\n<\/tr>\n<tr>\n<td>05\/2009<\/td>\n<td>11th Panhellenic Conference of Obstetrics and Gynecology &#8211; Greece<\/td>\n<\/tr>\n<tr>\n<td>03\/2009<\/td>\n<td>24th Northern Greece Medical Conference, Thessaloniki &#8211; Greece<\/td>\n<\/tr>\n<tr>\n<td>10\/2008<\/td>\n<td>Conference of Osteoporosis and Metabolic Bone Diseases &#8211; Greece<\/td>\n<\/tr>\n<tr>\n<td>01\/2008<\/td>\n<td>Prevention and Treatment of Diseases Associated with HPV &#8211; Greece<\/td>\n<\/tr>\n<tr>\n<td>03\/2007<\/td>\n<td>14th Panhellenic Conference of Perinatal Medicine &#8211; Greece<\/td>\n<\/tr>\n<tr>\n<td>11\/2006<\/td>\n<td>Update in Treatment of Infertility and Reproduction Problems &#8211; Greece<\/td>\n<\/tr>\n<tr>\n<td>11\/2006<\/td>\n<td>2nd Panhellenic Conference of Endometriosis &#8211; Greece<\/td>\n<\/tr>\n<tr>\n<td>04\/2006<\/td>\n<td>Practical Workshop of Sonography in Obstetrics, Obst\/Gyn Clinic of Aristotle University of Thessaloniki (AUTH) &#8211; Greece<\/td>\n<\/tr>\n<tr>\n<td>03\/2006<\/td>\n<td>7th Scientific Meeting , Prevention of Gynecological Cancer &#8211; Greece<\/td>\n<\/tr>\n<tr>\n<td>03\/2005<\/td>\n<td>3. Panhelenik Konferans\u0131 Menopoz ve Menopoz &#8211; Atina<\/td>\n<\/tr>\n<tr>\n<td>04\/2004<\/td>\n<td>Reproductive Endocrinologist at Woman and Man \u2013 Selanik<\/td>\n<\/tr>\n<tr>\n<td>04\/2004<\/td>\n<td>Yard\u0131ml\u0131 \u00dcreme alan\u0131nda yeni geli\u015fmeler &#8211; Teselya \u00dcniversitesi &#8211; Larissa<\/td>\n<\/tr>\n<tr>\n<td>10\/2003<\/td>\n<td>16th Annual Conference of Gynecological Cancer &#8211; Greece<\/td>\n<\/tr>\n<tr>\n<td>06\/2003<\/td>\n<td>9. Obstetrik ve Jinekoloji Panhelenik Konferans\u0131 &#8211; Dedea\u011fa\u00e7<\/td>\n<\/tr>\n<tr>\n<td>03\/2003<\/td>\n<td>6. Obstetrik ve Jinekolojide Ultrason Semineri &#8211; Selanik<\/td>\n<\/tr>\n<tr>\n<td>03\/2003<\/td>\n<td>2. Panhelenik Jinekolojik Endoskopi Kongresi &#8211; Atina<\/td>\n<\/tr>\n<tr>\n<td>09\/2002<\/td>\n<td>6. Obstetrik ve Jinekolojide Ultrason Semineri &#8211; Selanik<\/td>\n<\/tr>\n<tr>\n<td>09\/2002<\/td>\n<td>1st International Congress Highlights in Assisted Reproduction \u2013 Dedea\u011fa\u00e7<\/td>\n<\/tr>\n<tr>\n<td>06\/2002<\/td>\n<td>Jinekolojik Endoskopi &#8211; Larissa B\u00f6lge \u00dcniversite Hastanesi<\/td>\n<\/tr>\n<tr>\n<td>03\/2002<\/td>\n<td>8. Panhelenik Mastoloji Konferans\u0131, Selanik<\/td>\n<\/tr>\n<tr>\n<td>02\/2002<\/td>\n<td>Jinekolojik Endokrinolojide 12. Panhelenik Lisans\u00fcst\u00fc Semineri &#8211; Atina<\/td>\n<\/tr>\n<tr>\n<td>01\/2002<\/td>\n<td>Pelvik Taban Hastal\u0131klar\u0131n\u0131n \u00dcrolojisi ve Rehabilitasyonu 1. Panhelenik Konferans\u0131 &#8211; Atina<\/td>\n<\/tr>\n<tr>\n<td>10\/2001<\/td>\n<td>2nd Europian Congress for Colposcopy and Cervica Pathology, Rodos<\/td>\n<\/tr>\n<tr>\n<td>09\/2001<\/td>\n<td>\u03a4he Fetus as a Patient , XVII International Course \u2013 Yanya<\/td>\n<\/tr>\n<tr>\n<td>05\/2001<\/td>\n<td>5th Scientific Meeting- Prevention and Early Diagnosis of Gynecological Cancer &#8211; Greece<\/td>\n<\/tr>\n<tr>\n<td>05\/2001<\/td>\n<td>\u0130nfertil \u00e7iftin tan\u0131 ve tedavi yakla\u015f\u0131m\u0131 &#8211; Selanik<\/td>\n<\/tr>\n<tr>\n<td>10\/2000<\/td>\n<td>Rahim i\u00e7i b\u00fcy\u00fcme gerili\u011fi semineri &#8211; Selanik<\/td>\n<\/tr>\n<tr>\n<td>10\/2000<\/td>\n<td>4. Obstetrik ve Jinekolojide Ultrason E\u011fitimi Semineri &#8211; Yanya<\/td>\n<\/tr>\n<tr>\n<td>09\/2000<\/td>\n<td>\u00c7o\u011ful Gebelik Bilimsel Toplant\u0131s\u0131 &#8211; Selanik<\/td>\n<\/tr>\n<tr>\n<td>05\/2000<\/td>\n<td>8. Panhelenik Obstetrik ve Jinekoloji Kongresi &#8211; Selanik<\/td>\n<\/tr>\n<tr>\n<td>04\/2000<\/td>\n<td>Fetal T\u0131p Konferans\u0131 &#8211; Volos<\/td>\n<\/tr>\n<tr>\n<td>12\/1999<\/td>\n<td>21. y\u00fczy\u0131l\u0131n e\u015fi\u011finde \u00c7ocuk ve Ergen Jinekolojisi &#8211; Selanik<\/td>\n<\/tr>\n<tr>\n<td>10\/1999<\/td>\n<td>Modern do\u011fum tedavisi &#8211; Dedea\u011fa\u00e7<\/td>\n<\/tr>\n<tr>\n<td>03\/1999<\/td>\n<td>Obstetrik ve Jinekolojide Ultrason Forumu &#8211; Selanik<\/td>\n<\/tr>\n<tr>\n<td>11\/1998<\/td>\n<td>Erken do\u011fum son verileri (AUTh) &#8211; Selanik<\/td>\n<\/tr>\n<tr>\n<td>10\/1998<\/td>\n<td>6th International Conference of Anticancer Research \u2013 Halkidiki<\/td>\n<\/tr>\n<tr>\n<td>10\/1998<\/td>\n<td>3. Panhelenik Jinekolojik Onkoloji Kongresi &#8211; Atina<\/td>\n<\/tr>\n<tr>\n<td>10\/1998<\/td>\n<td>Jinekolojide 3. Panhelenik Endoskopi Konferans\u0131 &#8211; Yanya<\/td>\n<\/tr>\n<tr>\n<td>06\/1998<\/td>\n<td>Obstetrik ve Jinekolojide Fetal T\u0131p ve G\u00f6r\u00fcnt\u00fcleme Forumu &#8211; Atina<\/td>\n<\/tr>\n<tr>\n<td>05\/1998<\/td>\n<td>Uluslararas\u0131 Kat\u0131l\u0131ml\u0131 10. Panhellenic Perinatal T\u0131p Kongresi &#8211; Kalamata<\/td>\n<\/tr>\n<tr>\n<td>10\/1997<\/td>\n<td>Diabetes mellitus ve gebelik (AUTH) &#8211; Selanik<\/td>\n<\/tr>\n<tr>\n<td>09\/1997<\/td>\n<td>Perinatal t\u0131pta geli\u015fmeler &#8211; Metsovo<\/td>\n<\/tr>\n<tr>\n<td>06\/1997<\/td>\n<td>6. Panhelenik Mammoloji Konferans\u0131 ve 3. Uluslararas\u0131 Helenik Meme Kanseri Ara\u015ft\u0131rma Derne\u011fi Konferans\u0131 &#8211; Dedea\u011fa\u00e7<\/td>\n<\/tr>\n<\/tbody>\n<\/table>\n<p>[\/vc_column_text][\/vc_tta_section][\/vc_tta_tour][\/vc_column][\/vc_row]<\/p>\n<div data-animation=\"no-animation\" data-icons-animation=\"no-animation\" data-overlay=\"\" data-change-size=\"\" data-button-size=\"1\" style=\"font-size:1em!important;display:none;\" class=\"supsystic-social-sharing supsystic-social-sharing-package-flat supsystic-social-sharing-hide-on-homepage supsystic-social-sharing-spacing supsystic-social-sharing-content supsystic-social-sharing-content-align-left\" data-text=\"\"><a data-networks=\"[]\" class=\"social-sharing-button sharer-flat sharer-flat-2 counter-standard facebook\" target=\"_blank\" title=\"Facebook\" href=\"http:\/\/www.facebook.com\/sharer.php?u=https%3A%2F%2Fgynob-prapa.gr%2Ftr%2Fdoctor%2F\" data-main-href=\"http:\/\/www.facebook.com\/sharer.php?u={url}\" data-nid=\"1\" data-name=\"\" data-pid=\"1\" data-post-id=\"1479\" data-url=\"https:\/\/gynob-prapa.gr\/wordpress\/wp-admin\/admin-ajax.php\" data-description=\"Doctor\" rel=\"nofollow\" data-mailto=\"\"><i class=\"fa-ssbs fa-ssbs-fw fa-ssbs-facebook\"><\/i><div class=\"counter-wrap standard\"><span class=\"counter\">2<\/span><\/div><\/a><a data-networks=\"[]\" class=\"social-sharing-button sharer-flat sharer-flat-2 counter-standard without-counter twitter\" target=\"_blank\" title=\"Twitter\" href=\"https:\/\/twitter.com\/share?url=https%3A%2F%2Fgynob-prapa.gr%2Ftr%2Fdoctor%2F&text=Doctor\" data-main-href=\"https:\/\/twitter.com\/share?url={url}&text={title}\" data-nid=\"2\" data-name=\"\" data-pid=\"1\" data-post-id=\"1479\" data-url=\"https:\/\/gynob-prapa.gr\/wordpress\/wp-admin\/admin-ajax.php\" data-description=\"Doctor\" rel=\"nofollow\" data-mailto=\"\"><i class=\"fa-ssbs fa-ssbs-fw fa-ssbs-twitter\"><\/i><div class=\"counter-wrap standard\"><span class=\"counter\">0<\/span><\/div><\/a><a data-networks=\"[]\" class=\"social-sharing-button sharer-flat sharer-flat-2 counter-standard mail\" target=\"_blank\" title=\"Mail\" href=\"#\" data-main-href=\"#\" data-nid=\"16\" data-name=\"\" data-pid=\"1\" data-post-id=\"1479\" data-url=\"https:\/\/gynob-prapa.gr\/wordpress\/wp-admin\/admin-ajax.php\" data-description=\"Doctor\" rel=\"nofollow\" data-mailto=\"\"><i class=\"fa-ssbs fa-ssbs-fw fa-ssbs-envelope-o\"><\/i><div class=\"counter-wrap standard\"><span class=\"counter\">2<\/span><\/div><\/a><a data-networks=\"[]\" class=\"social-sharing-button sharer-flat sharer-flat-2 counter-standard without-counter print\" target=\"_blank\" title=\"Print\" href=\"#\" data-main-href=\"#\" data-nid=\"14\" data-name=\"\" data-pid=\"1\" data-post-id=\"1479\" data-url=\"https:\/\/gynob-prapa.gr\/wordpress\/wp-admin\/admin-ajax.php\" data-description=\"Doctor\" rel=\"nofollow\" data-mailto=\"\"><i class=\"fa-ssbs fa-ssbs-fw fa-ssbs-print\"><\/i><div class=\"counter-wrap standard\"><span class=\"counter\">0<\/span><\/div><\/a><\/div>","protected":false},"excerpt":{"rendered":"<p>[vc_row][vc_column width=&#8221;1\/4&#8243;][vc_single_image image=&#8221;1490&#8243; img_size=&#8221;&#8221; alignment=&#8221;center&#8221; style=&#8221;vc_box_shadow&#8221;][\/vc_column][vc_column width=&#8221;3\/4&#8243;][vc_column_text]Evangelia Prapa Do\u011fum Uzman\u0131 &#8211; Jinekolok Cerrah Email:\u00a0info@gynob-prapa.gr[\/vc_column_text][\/vc_column][\/vc_row][vc_row][vc_column][vc_tta_tour][vc_tta_section i_icon_fontawesome=&#8221;fa fa-graduation-cap&#8221; add_icon=&#8221;true&#8221; title=&#8221;\u00d6ZGE\u00c7MIS&#8221; tab_id=&#8221;bio&#8221;][vc_column_text]Modern obstetrik ve jinekoloji alan\u0131nda uzmanla\u015fan Dr. Evangelia Prapa, Karditsa, Palamas&#8217;ta do\u011fdu, b\u00fcy\u00fcd\u00fc. Ilk ve orta \u00f6\u011frenimini Almanya&#8217;n\u0131n M\u00fcnih kentinde, Scheidplatz Lisesi ve M\u00fcnih Yunan Lisesi&#8217;nde tamamlad\u0131. Trakya Demokritos \u00dcniversitesi T\u0131p B\u00f6l\u00fcm\u00fc mezunudur. 1993 y\u0131l\u0131nda G\u00fcm\u00fclcine Pamforos [&hellip;]<\/p>\n<div data-animation=\"no-animation\" data-icons-animation=\"no-animation\" data-overlay=\"\" data-change-size=\"\" data-button-size=\"1\" style=\"font-size:1em!important;display:none;\" class=\"supsystic-social-sharing supsystic-social-sharing-package-flat supsystic-social-sharing-hide-on-homepage supsystic-social-sharing-spacing supsystic-social-sharing-content supsystic-social-sharing-content-align-left\" data-text=\"\"><a data-networks=\"[]\" class=\"social-sharing-button sharer-flat sharer-flat-2 counter-standard facebook\" target=\"_blank\" title=\"Facebook\" href=\"http:\/\/www.facebook.com\/sharer.php?u=https%3A%2F%2Fgynob-prapa.gr%2Ftr%2Fdoctor%2F\" data-main-href=\"http:\/\/www.facebook.com\/sharer.php?u={url}\" data-nid=\"1\" data-name=\"\" data-pid=\"1\" data-post-id=\"1479\" data-url=\"https:\/\/gynob-prapa.gr\/wordpress\/wp-admin\/admin-ajax.php\" data-description=\"Doctor\" rel=\"nofollow\" data-mailto=\"\"><i class=\"fa-ssbs fa-ssbs-fw fa-ssbs-facebook\"><\/i><div class=\"counter-wrap standard\"><span class=\"counter\">2<\/span><\/div><\/a><a data-networks=\"[]\" class=\"social-sharing-button sharer-flat sharer-flat-2 counter-standard without-counter twitter\" target=\"_blank\" title=\"Twitter\" href=\"https:\/\/twitter.com\/share?url=https%3A%2F%2Fgynob-prapa.gr%2Ftr%2Fdoctor%2F&text=Doctor\" data-main-href=\"https:\/\/twitter.com\/share?url={url}&text={title}\" data-nid=\"2\" data-name=\"\" data-pid=\"1\" data-post-id=\"1479\" data-url=\"https:\/\/gynob-prapa.gr\/wordpress\/wp-admin\/admin-ajax.php\" data-description=\"Doctor\" rel=\"nofollow\" data-mailto=\"\"><i class=\"fa-ssbs fa-ssbs-fw fa-ssbs-twitter\"><\/i><div class=\"counter-wrap standard\"><span class=\"counter\">0<\/span><\/div><\/a><a data-networks=\"[]\" class=\"social-sharing-button sharer-flat sharer-flat-2 counter-standard mail\" target=\"_blank\" title=\"Mail\" href=\"#\" data-main-href=\"#\" data-nid=\"16\" data-name=\"\" data-pid=\"1\" data-post-id=\"1479\" data-url=\"https:\/\/gynob-prapa.gr\/wordpress\/wp-admin\/admin-ajax.php\" data-description=\"Doctor\" rel=\"nofollow\" data-mailto=\"\"><i class=\"fa-ssbs fa-ssbs-fw fa-ssbs-envelope-o\"><\/i><div class=\"counter-wrap standard\"><span class=\"counter\">2<\/span><\/div><\/a><a data-networks=\"[]\" class=\"social-sharing-button sharer-flat sharer-flat-2 counter-standard without-counter print\" target=\"_blank\" title=\"Print\" href=\"#\" data-main-href=\"#\" data-nid=\"14\" data-name=\"\" data-pid=\"1\" data-post-id=\"1479\" data-url=\"https:\/\/gynob-prapa.gr\/wordpress\/wp-admin\/admin-ajax.php\" data-description=\"Doctor\" rel=\"nofollow\" data-mailto=\"\"><i class=\"fa-ssbs fa-ssbs-fw fa-ssbs-print\"><\/i><div class=\"counter-wrap standard\"><span class=\"counter\">0<\/span><\/div><\/a><\/div>","protected":false},"author":2,"featured_media":0,"parent":0,"menu_order":1,"comment_status":"closed","ping_status":"closed","template":"page-templates\/full-width.php","meta":[],"_links":{"self":[{"href":"https:\/\/gynob-prapa.gr\/tr\/wp-json\/wp\/v2\/pages\/1479\/"}],"collection":[{"href":"https:\/\/gynob-prapa.gr\/tr\/wp-json\/wp\/v2\/pages\/"}],"about":[{"href":"https:\/\/gynob-prapa.gr\/tr\/wp-json\/wp\/v2\/types\/page\/"}],"author":[{"embeddable":true,"href":"https:\/\/gynob-prapa.gr\/tr\/wp-json\/wp\/v2\/users\/2\/"}],"replies":[{"embeddable":true,"href":"https:\/\/gynob-prapa.gr\/tr\/wp-json\/wp\/v2\/comments\/?post=1479"}],"version-history":[{"count":7,"href":"https:\/\/gynob-prapa.gr\/tr\/wp-json\/wp\/v2\/pages\/1479\/revisions\/"}],"predecessor-version":[{"id":2009,"href":"https:\/\/gynob-prapa.gr\/tr\/wp-json\/wp\/v2\/pages\/1479\/revisions\/2009\/"}],"wp:attachment":[{"href":"https:\/\/gynob-prapa.gr\/tr\/wp-json\/wp\/v2\/media\/?parent=1479"}],"curies":[{"name":"wp","href":"https:\/\/api.w.org\/{rel}","templated":true}]}}