{"id":1478,"date":"2020-10-19T11:45:41","date_gmt":"2020-10-19T09:45:41","guid":{"rendered":"https:\/\/gynob-prapa.gr\/?page_id=1478"},"modified":"2020-10-23T21:45:51","modified_gmt":"2020-10-23T19:45:51","slug":"jinekoloji","status":"publish","type":"page","link":"https:\/\/gynob-prapa.gr\/tr\/jinekoloji\/","title":{"rendered":"Jinekoloji"},"content":{"rendered":"<p>J\u0130NEKOLOJ\u0130K MUAYENE<\/p>\n<p>Klasik jinekolojik muayene; alt kar\u0131n, d\u0131\u015f genital b\u00f6lge, vulva &#8211; vajina &#8211; serviks, perine, kas\u0131k ve an\u00fcs ile memenin iki masif bezinin ve iki koltuk alt\u0131n\u0131n muayene ve palpasyonunu i\u00e7erir. Muayene mesane, i\u00e7 genital organlar, rahim, yumurtal\u0131klar ve fallop t\u00fcplerinin yan\u0131 s\u0131ra \u00f6n ve arka lomber b\u00f6lge organlar\u0131n\u0131n \u00e7evresi ile periferik ve periosteal bo\u015fluklar\u0131n palpasyon ve ultrason muayenesi ile tamamlan\u0131r.<\/p>\n<p>Hen\u00fcz cinsel ili\u015fkiye girmemi\u015f ergen ve kad\u0131nlarda jinekolojik muayene vajinal yolla yap\u0131lmaz, ciddi hastal\u0131k \u015f\u00fcphesi varsa iki el aras\u0131nda i\u00e7 genital palpe edilerek, ba\u011f\u0131rsak ve alt kar\u0131n palpe edilerek potansiyel olarak rektumdan yap\u0131labilir. Son 20 y\u0131ld\u0131r, bu muayenenin yerini organlar\u0131n daha iyi g\u00f6r\u00fcnt\u00fclenmesi ve alt kar\u0131n b\u00f6lgesinin manyetik rezonans g\u00f6r\u00fcnt\u00fclemesi i\u00e7in dolu mesane ile abdominal ultrason gibi g\u00f6r\u00fcnt\u00fcleme teknikleri alm\u0131\u015ft\u0131r.<\/p>\n<p>MEME MUAYENES\u0130<\/p>\n<p>Dik veya oturur pozisyonda, kollar kald\u0131r\u0131lm\u0131\u015f olarak, ba\u015f\u0131n arkas\u0131nda veya ortada, g\u00f6\u011f\u00fcsler muayene edilir-g\u00f6zlemlenir, g\u00f6\u011f\u00fcslerin, meme ba\u015f\u0131 ve meme ba\u015f\u0131n\u0131n yan\u0131 s\u0131ra koltuk altlar\u0131n\u0131n b\u00fcy\u00fckl\u00fc\u011f\u00fcne, \u015fekline ve rengine dikkat ederiz. . Herhangi bir cilt de\u011fi\u015fikli\u011fi, lokal veya meme ba\u015f\u0131 istilas\u0131, y\u00fczeysel damarlar\u0131n silinmesi ve seyri, iltihaplar ve cilt hastal\u0131klar\u0131 i\u00e7in g\u00f6zlemliyoruz.<\/p>\n<p>Bunu, g\u00f6\u011f\u00fcslerin ve koltuk alt\u0131 bo\u015fluklar\u0131n\u0131n dik veya oturur pozisyonda ve bulgular\u0131 kar\u015f\u0131la\u015ft\u0131rmak i\u00e7in s\u0131rt\u00fcst\u00fc pozisyonda palpasyonu takip eder.<\/p>\n<p>Palpasyon, elle muayene, g\u00f6\u011fs\u00fcn her bir par\u00e7as\u0131n\u0131 ve koltuk alt\u0131n\u0131 d\u0131\u015far\u0131dan i\u00e7e do\u011fru saat y\u00f6n\u00fcnde i\u00e7erir. Net veya belirsiz s\u0131n\u0131rlar\u0131 olan ve a\u011fr\u0131l\u0131 veya a\u011fr\u0131s\u0131z olabilen yar\u0131 sert, sert veya yumu\u015fak topaklar ve kitleler aran\u0131r.<\/p>\n<p>Kendi kendine muayene &#8211; Adet d\u00f6ng\u00fcsunden \u00f6nce meme \u015fi\u015fmedi\u011fi ve incinmedi\u011fi i\u00e7in kad\u0131n\u0131n kendi kendine muayenesini kolayla\u015ft\u0131r\u0131r , adet d\u00f6ng\u00fcs\u00fc\u00a0 bitiminden sonra her ay kad\u0131n\u0131n kendi kendine palpasyonu elle muayenesi \u00f6nerilir.<\/p>\n<p>ALT KARININ KONTROL\u00dc<\/p>\n<p>Derideki ve kar\u0131n \u015feklindeki herhangi bir de\u011fi\u015fiklik i\u00e7in alt kar\u0131n b\u00f6lgesini g\u00f6zlemliyoruz. Deride, kaslarda, ba\u011f\u0131rsakta, i\u00e7 genital organlarda ve lenf d\u00fc\u011f\u00fcmlerinde a\u011fr\u0131l\u0131 veya a\u011fr\u0131s\u0131z topaklar, kitleler veya olu\u015fumlar bulmak i\u00e7in karn\u0131n alt k\u0131sm\u0131na nazik\u00e7e dokunuruz.<\/p>\n<p>DI\u015e GENET\u0130\u011e\u0130N \u0130NCELENMES\u0130<\/p>\n<p>Perine, pelvisin alt k\u0131sm\u0131, d\u0131\u015f genital b\u00f6lge (vulva &#8211; vajinan\u0131n giri\u015fi) ve an\u00fcs, ba\u011f\u0131rsa\u011f\u0131n ucunu g\u00f6zlemliyoruz.<\/p>\n<p>Perinede egzama, nev\u00fcs, papillomlar veya dermatit, folik\u00fcller veya kepek, \u015fi\u015fmi\u015f lenf d\u00fc\u011f\u00fcmleri veya ameliyattan kaynaklanan yara izleri ve deformiteleri gibi cilt de\u011fi\u015fiklikleri g\u00f6rebiliriz.<\/p>\n<p>Vulvada ve vajina giri\u015finde dermatit, egzama gibi dermatolojik iltihaplar, bursit gibi kistik olu\u015fumlar, dokenler, papilla, si\u011filler, atrofik liken, atrofik sklerozan liken, epitel, alveolar kistler, epitel kistleri, veya cinsel yolla bula\u015fan hastal\u0131klar.<\/p>\n<p>Ba\u011f\u0131rsa\u011f\u0131n sonundaki an\u00fcste de muayene, mikrobiyal ve viral iltihaplar\u0131, hemoroid ve \u00e7atlaklar\u0131 tespit edebilir.<\/p>\n<p>Vajinal olarak yerle\u015ftirilen ve do\u011fru pozisyonda a\u00e7\u0131lan tek kullan\u0131ml\u0131k t\u0131bbi alet &#8211; vajinal dilat\u00f6r &#8211; yard\u0131m\u0131yla vajina ve rahim ba\u015flang\u0131c\u0131 olan rahim a\u011fz\u0131 g\u00f6r\u00fcn\u00fcr hale gelir.<\/p>\n<p>Vajinal olarak vajina ve rahim a\u011fz\u0131n\u0131n dokusunu ve yap\u0131s\u0131 g\u00f6zlemlenir.<\/p>\n<p>\u00d6n ve arka vajinal duvara \u00e7\u0131k\u0131nt\u0131 yapan f\u0131t\u0131klar, ameliyat veya vajinal do\u011fumdan sonra kistik f\u0131t\u0131klar ve rektal f\u0131t\u0131klar olarak bilinir. Vajinan\u0131n mikroplar ve mantarlar taraf\u0131ndan iltihaplanmas\u0131 ve vajina duvarlar\u0131n\u0131n lezyonlar\u0131 g\u00f6n\u00fcls\u00fcz veya g\u00f6n\u00fcll\u00fc cinsel ili\u015fkiden sonra olu\u015fan y\u0131rt\u0131klar.<\/p>\n<p>Serviksin y\u00fcksekli\u011fini ve konumunu g\u00f6zlemliyoruz ve olas\u0131 prolaps veya anatomik yap\u0131sal patolojiyi, konjenital anomaliyi veya serviks hastal\u0131klar\u0131n\u0131, inflamasyon &#8211; servisit, kanser \u00f6ncesi veya kanserli lezyonlar\u0131 tespit ediyor veya ekarte ediyoruz.<\/p>\n<p>Jinekolojik muayene s\u0131ras\u0131nda k\u00fclt\u00fcr ve sitolojik test i\u00e7in vajinal ve servikal sekresyon, iyi bilinen Pap testi al\u0131nabilir.<\/p>\n<p>\u0130\u00c7 GENET\u0130K ORGANLARIN \u0130NCELENMES\u0130<\/p>\n<p>Ge\u00e7mi\u015fte iki parmakla yap\u0131lan jinekolojik muayene, yani bir elin iki parma\u011f\u0131n\u0131n vajinaya yerle\u015ftirilmesi ve alt kar\u0131n b\u00f6lgesinin serbest palpasyonu, rahim ve bile\u015fenlerini (yumurtal\u0131k t\u00fcpleri) inceleyerek bu organlar\u0131 kontrol etmek i\u00e7in iki parmak aras\u0131nda organlar\u0131n fizyolojisi veya patolojisi palpe ediyordu. B\u00fcy\u00fckl\u00fc\u011f\u00fcn \u015feklinin palpasyonu ve a\u011fr\u0131s\u0131z veya a\u011fr\u0131l\u0131 olu\u015fumlar\u0131n patolojik bulgular\u0131 &#8211; t\u00fcm\u00f6rler. Birka\u00e7 y\u0131ld\u0131r, bu testin yerini hem kar\u0131n hem de vajinan\u0131n ultrasonu veya her ikisinin kombinasyonu alm\u0131\u015ft\u0131r.<\/p>\n<p>Hem 2D hem de 3D yeni nesil ultrason ile alt kar\u0131n ve i\u00e7 genital organlar\u0131n g\u00f6r\u00fcnt\u00fclenmesi \u00e7ok az hata \u015fans\u0131 ile kusursuz say\u0131lmaktad\u0131r.<\/p>\n<div data-animation=\"no-animation\" data-icons-animation=\"no-animation\" data-overlay=\"\" data-change-size=\"\" data-button-size=\"1\" style=\"font-size:1em!important;display:none;\" class=\"supsystic-social-sharing supsystic-social-sharing-package-flat supsystic-social-sharing-hide-on-homepage supsystic-social-sharing-spacing supsystic-social-sharing-content supsystic-social-sharing-content-align-left\" data-text=\"\"><a data-networks=\"[]\" class=\"social-sharing-button sharer-flat sharer-flat-2 counter-standard without-counter facebook\" target=\"_blank\" title=\"Facebook\" href=\"http:\/\/www.facebook.com\/sharer.php?u=https%3A%2F%2Fgynob-prapa.gr%2Ftr%2Fjinekoloji%2F\" data-main-href=\"http:\/\/www.facebook.com\/sharer.php?u={url}\" data-nid=\"1\" data-name=\"\" data-pid=\"1\" data-post-id=\"1478\" data-url=\"https:\/\/gynob-prapa.gr\/wordpress\/wp-admin\/admin-ajax.php\" data-description=\"Jinekoloji\" rel=\"nofollow\" data-mailto=\"\"><i class=\"fa-ssbs fa-ssbs-fw fa-ssbs-facebook\"><\/i><div class=\"counter-wrap standard\"><span class=\"counter\">0<\/span><\/div><\/a><a data-networks=\"[]\" class=\"social-sharing-button sharer-flat sharer-flat-2 counter-standard without-counter twitter\" target=\"_blank\" title=\"Twitter\" href=\"https:\/\/twitter.com\/share?url=https%3A%2F%2Fgynob-prapa.gr%2Ftr%2Fjinekoloji%2F&text=Jinekoloji\" data-main-href=\"https:\/\/twitter.com\/share?url={url}&text={title}\" data-nid=\"2\" data-name=\"\" data-pid=\"1\" data-post-id=\"1478\" data-url=\"https:\/\/gynob-prapa.gr\/wordpress\/wp-admin\/admin-ajax.php\" data-description=\"Jinekoloji\" rel=\"nofollow\" data-mailto=\"\"><i class=\"fa-ssbs fa-ssbs-fw fa-ssbs-twitter\"><\/i><div class=\"counter-wrap standard\"><span class=\"counter\">0<\/span><\/div><\/a><a data-networks=\"[]\" class=\"social-sharing-button sharer-flat sharer-flat-2 counter-standard without-counter mail\" target=\"_blank\" title=\"Mail\" href=\"#\" data-main-href=\"#\" data-nid=\"16\" data-name=\"\" data-pid=\"1\" data-post-id=\"1478\" data-url=\"https:\/\/gynob-prapa.gr\/wordpress\/wp-admin\/admin-ajax.php\" data-description=\"Jinekoloji\" rel=\"nofollow\" data-mailto=\"\"><i class=\"fa-ssbs fa-ssbs-fw fa-ssbs-envelope-o\"><\/i><div class=\"counter-wrap standard\"><span class=\"counter\">0<\/span><\/div><\/a><a data-networks=\"[]\" class=\"social-sharing-button sharer-flat sharer-flat-2 counter-standard without-counter print\" target=\"_blank\" title=\"Print\" href=\"#\" data-main-href=\"#\" data-nid=\"14\" data-name=\"\" data-pid=\"1\" data-post-id=\"1478\" data-url=\"https:\/\/gynob-prapa.gr\/wordpress\/wp-admin\/admin-ajax.php\" data-description=\"Jinekoloji\" rel=\"nofollow\" data-mailto=\"\"><i class=\"fa-ssbs fa-ssbs-fw fa-ssbs-print\"><\/i><div class=\"counter-wrap standard\"><span class=\"counter\">0<\/span><\/div><\/a><\/div>","protected":false},"excerpt":{"rendered":"<p>J\u0130NEKOLOJ\u0130K MUAYENE Klasik jinekolojik muayene; alt kar\u0131n, d\u0131\u015f genital b\u00f6lge, vulva &#8211; vajina &#8211; serviks, perine, kas\u0131k ve an\u00fcs ile memenin iki masif bezinin ve iki koltuk alt\u0131n\u0131n muayene ve palpasyonunu i\u00e7erir. Muayene mesane, i\u00e7 genital organlar, rahim, yumurtal\u0131klar ve fallop t\u00fcplerinin yan\u0131 s\u0131ra \u00f6n ve arka lomber b\u00f6lge organlar\u0131n\u0131n \u00e7evresi ile periferik ve periosteal [&hellip;]<\/p>\n<div data-animation=\"no-animation\" data-icons-animation=\"no-animation\" data-overlay=\"\" data-change-size=\"\" data-button-size=\"1\" style=\"font-size:1em!important;display:none;\" class=\"supsystic-social-sharing supsystic-social-sharing-package-flat supsystic-social-sharing-hide-on-homepage supsystic-social-sharing-spacing supsystic-social-sharing-content supsystic-social-sharing-content-align-left\" data-text=\"\"><a data-networks=\"[]\" class=\"social-sharing-button sharer-flat sharer-flat-2 counter-standard without-counter facebook\" target=\"_blank\" title=\"Facebook\" href=\"http:\/\/www.facebook.com\/sharer.php?u=https%3A%2F%2Fgynob-prapa.gr%2Ftr%2Fjinekoloji%2F\" data-main-href=\"http:\/\/www.facebook.com\/sharer.php?u={url}\" data-nid=\"1\" data-name=\"\" data-pid=\"1\" data-post-id=\"1478\" data-url=\"https:\/\/gynob-prapa.gr\/wordpress\/wp-admin\/admin-ajax.php\" data-description=\"Jinekoloji\" rel=\"nofollow\" data-mailto=\"\"><i class=\"fa-ssbs fa-ssbs-fw fa-ssbs-facebook\"><\/i><div class=\"counter-wrap standard\"><span class=\"counter\">0<\/span><\/div><\/a><a data-networks=\"[]\" class=\"social-sharing-button sharer-flat sharer-flat-2 counter-standard without-counter twitter\" target=\"_blank\" title=\"Twitter\" href=\"https:\/\/twitter.com\/share?url=https%3A%2F%2Fgynob-prapa.gr%2Ftr%2Fjinekoloji%2F&text=Jinekoloji\" data-main-href=\"https:\/\/twitter.com\/share?url={url}&text={title}\" data-nid=\"2\" data-name=\"\" data-pid=\"1\" data-post-id=\"1478\" data-url=\"https:\/\/gynob-prapa.gr\/wordpress\/wp-admin\/admin-ajax.php\" data-description=\"Jinekoloji\" rel=\"nofollow\" data-mailto=\"\"><i class=\"fa-ssbs fa-ssbs-fw fa-ssbs-twitter\"><\/i><div class=\"counter-wrap standard\"><span class=\"counter\">0<\/span><\/div><\/a><a data-networks=\"[]\" class=\"social-sharing-button sharer-flat sharer-flat-2 counter-standard without-counter mail\" target=\"_blank\" title=\"Mail\" href=\"#\" data-main-href=\"#\" data-nid=\"16\" data-name=\"\" data-pid=\"1\" data-post-id=\"1478\" data-url=\"https:\/\/gynob-prapa.gr\/wordpress\/wp-admin\/admin-ajax.php\" data-description=\"Jinekoloji\" rel=\"nofollow\" data-mailto=\"\"><i class=\"fa-ssbs fa-ssbs-fw fa-ssbs-envelope-o\"><\/i><div class=\"counter-wrap standard\"><span class=\"counter\">0<\/span><\/div><\/a><a data-networks=\"[]\" class=\"social-sharing-button sharer-flat sharer-flat-2 counter-standard without-counter print\" target=\"_blank\" title=\"Print\" href=\"#\" data-main-href=\"#\" data-nid=\"14\" data-name=\"\" data-pid=\"1\" data-post-id=\"1478\" data-url=\"https:\/\/gynob-prapa.gr\/wordpress\/wp-admin\/admin-ajax.php\" data-description=\"Jinekoloji\" rel=\"nofollow\" data-mailto=\"\"><i class=\"fa-ssbs fa-ssbs-fw fa-ssbs-print\"><\/i><div class=\"counter-wrap standard\"><span class=\"counter\">0<\/span><\/div><\/a><\/div>","protected":false},"author":2,"featured_media":0,"parent":0,"menu_order":2,"comment_status":"closed","ping_status":"closed","template":"","meta":[],"_links":{"self":[{"href":"https:\/\/gynob-prapa.gr\/tr\/wp-json\/wp\/v2\/pages\/1478\/"}],"collection":[{"href":"https:\/\/gynob-prapa.gr\/tr\/wp-json\/wp\/v2\/pages\/"}],"about":[{"href":"https:\/\/gynob-prapa.gr\/tr\/wp-json\/wp\/v2\/types\/page\/"}],"author":[{"embeddable":true,"href":"https:\/\/gynob-prapa.gr\/tr\/wp-json\/wp\/v2\/users\/2\/"}],"replies":[{"embeddable":true,"href":"https:\/\/gynob-prapa.gr\/tr\/wp-json\/wp\/v2\/comments\/?post=1478"}],"version-history":[{"count":4,"href":"https:\/\/gynob-prapa.gr\/tr\/wp-json\/wp\/v2\/pages\/1478\/revisions\/"}],"predecessor-version":[{"id":1962,"href":"https:\/\/gynob-prapa.gr\/tr\/wp-json\/wp\/v2\/pages\/1478\/revisions\/1962\/"}],"wp:attachment":[{"href":"https:\/\/gynob-prapa.gr\/tr\/wp-json\/wp\/v2\/media\/?parent=1478"}],"curies":[{"name":"wp","href":"https:\/\/api.w.org\/{rel}","templated":true}]}}